{"id":9787,"date":"2022-11-01T09:05:38","date_gmt":"2022-11-01T08:05:38","guid":{"rendered":"https:\/\/www.andersen-slekt.info\/?page_id=9787"},"modified":"2022-11-01T19:48:27","modified_gmt":"2022-11-01T18:48:27","slug":"tomming-av-utedoer","status":"publish","type":"page","link":"https:\/\/www.andersen-slekt.info\/nb_no\/anna-og-eilif\/tomming-av-utedoer\/","title":{"rendered":"T\u00f8mming av utedoer"},"content":{"rendered":"<p>&nbsp;<\/p>\n<p><span style=\"color: #800000;\"><strong><span style=\"font-family: 'Great Vibes'; font-size: 36pt;\">Pudrett<\/span><\/strong><\/span><\/p>\n<p><strong>Pudrett<\/strong>\u00a0(fra\u00a0<a href=\"https:\/\/lokalhistoriewiki.no\/wiki\/Fransk\">fr.<\/a>\u00a0<em>poudrette<\/em>, \u00ablite pudder\u00bb) er handelsgj\u00f8dsel som best\u00e5r av t\u00f8rre, luktsvake ekskrementer fra b\u00e5de mennesker og dyr. Systemet er et teknisk og biologisk system som s\u00f8rger for at avfallet fra utedoene i en storby ble til det som i Kristiania\u00a0var kjent som \u00ab1ste klasses gj\u00f8dsel\u00bb for matproduksjon i omegnen.<\/p>\n<p>Man hadde drevet fors\u00f8k med pudrett i Norge siden 1834, da\u00a0Selskabet for Norges Vel\u00a0fikk tilsendt en pr\u00f8ve fra Paris og begynte \u00e5 eksperimentere. Det f\u00f8rste vellykka fors\u00f8ket kom trolig i\u00a0Skien\u00a0i 1840, da en mann der hadde kommet langt nok til \u00e5 kunne tilby pudrett til salgs. Metoden ble kjent for flere, og i 1865 starta det som ble den st\u00f8rste pudrettprodusenten,\u00a0Christiania Pudretfabrik\u00a0opp.<\/p>\n<p>I Kristiania ble tidligere store binger gravd ned i bakken, disse ble sjelden t\u00f8mt f\u00f8r de var s\u00e5 fulle at de skvalpet over. Ved siden av kloakk, ble ogs\u00e5 hestem\u00f8kk fra gatene og husholdningsavfall omfattet av dette systemet. Etter studiereiser til utlandet valgte\u00a0Christiania Renholdsverk\u00a0\u00e5 satse p\u00e5 pudrettsystemet. At vannklosettsystemet ble ansett som uegnet var det flere grunner til. Blant annet ble gj\u00f8dselen ansett \u00e5 v\u00e6re en ressurs, det indre havnebassenget ville bli sterkt forurenset og dermed \u00f8delegge fisket der. Videre var det og en reell mulighet for at systemet kunne fryse om vinteren.<\/p>\n<p><img loading=\"lazy\" decoding=\"async\" class=\"alignnone size-medium wp-image-9794\" src=\"https:\/\/www.andersen-slekt.info\/wp-content\/uploads\/2022\/11\/standard_compressed_SSB.F-01365-300x192.jpg\" alt=\"\" width=\"300\" height=\"192\" srcset=\"https:\/\/www.andersen-slekt.info\/wp-content\/uploads\/2022\/11\/standard_compressed_SSB.F-01365-300x192.jpg 300w, https:\/\/www.andersen-slekt.info\/wp-content\/uploads\/2022\/11\/standard_compressed_SSB.F-01365-1024x654.jpg 1024w, https:\/\/www.andersen-slekt.info\/wp-content\/uploads\/2022\/11\/standard_compressed_SSB.F-01365-768x490.jpg 768w, https:\/\/www.andersen-slekt.info\/wp-content\/uploads\/2022\/11\/standard_compressed_SSB.F-01365-18x12.jpg 18w, https:\/\/www.andersen-slekt.info\/wp-content\/uploads\/2022\/11\/standard_compressed_SSB.F-01365.jpg 1200w\" sizes=\"auto, (max-width: 300px) 100vw, 300px\" \/><\/p>\n<p>Historien om dot\u00f8mmer \u201c<strong>Lange-J\u00f8rgen\u201d<\/strong> glemmer ikke Marit (Skar) s\u00e5 lett \u2013 han kom i nabolaget med hest og kjerre for \u00e5 t\u00f8mme utedoen. Han satt i selve bingen og spiste matpakka si og drakk \u00f8l. Og da han dro, rant det fra kjerra. Dette gjorde veldig sterkt inntrykk p\u00e5 unge Marit.\u00a0 Per \u00d8ystein (s\u00f8nn av Egil Andersen) har sittet p\u00e5 med Lange-J\u00f8rgen, men ikke bak.; der skvalpet det for mye. Det har skjedd mye p\u00e5 60 \u00e5r. Merkelig at ikke folk var mer syke den gangen.<\/p>\n<p><strong>\u201cFridtjof\u201d <\/strong>var ogs\u00e5 en kjent \u2018st\u00f8rrelse\u2019 i bybildet. Han fartet over hele byen og henta skyller, som siden, via grisemagen, ble til kj\u00f8tt og flesk p\u00e5 Thorstvedt g\u00e5rd (p\u00e5 Nanset) der Fridtjof hadde sin bopel. Framkomstmiddelet var ikke motorisert, det gikk p\u00e5 havre, h\u00f8y og fire bein. Hesten var av den snille sorten \u2013 det var ikke alltid vi guttunger var like snille. En gang leide vi gampen rundt et hushj\u00f8rne mens mannen fra Thorstvedt var inne og hentet grisef\u00f3r. Det ble litt ekstra-arbeid for Fridtjof, men han tok det fint (s\u00e5vidt vi kan huske). (Fritt gjenfortalt etter Morten Thunberg).<\/p>\n<div class=\"pdfprnt-buttons pdfprnt-buttons-page pdfprnt-bottom-right\"><a href=\"https:\/\/www.andersen-slekt.info\/nb_no\/wp-json\/wp\/v2\/pages\/9787?print=print\" class=\"pdfprnt-button pdfprnt-button-print\" target=\"_blank\"><img decoding=\"async\" src=\"https:\/\/www.andersen-slekt.info\/wp-content\/plugins\/pdf-print\/images\/print.png\" alt=\"image_print\" title=\"Print Content\" \/><span class=\"pdfprnt-button-title pdfprnt-button-print-title\">print<\/span><\/a><\/div>","protected":false},"excerpt":{"rendered":"<p>&nbsp; Pudrett Pudrett\u00a0(fra\u00a0fr.\u00a0poudrette, \u00ablite pudder\u00bb) er handelsgj\u00f8dsel som best\u00e5r av t\u00f8rre, luktsvake ekskrementer fra b\u00e5de mennesker og dyr. Systemet er et teknisk og biologisk system som s\u00f8rger for at avfallet fra utedoene i en storby ble til det som i Kristiania\u00a0var kjent som \u00ab1ste klasses gj\u00f8dsel\u00bb for matproduksjon i omegnen. Man hadde drevet fors\u00f8k med [&hellip;]<\/p>\n","protected":false},"author":1,"featured_media":0,"parent":499,"menu_order":44,"comment_status":"closed","ping_status":"closed","template":"no_sidebar.php","meta":{"footnotes":""},"class_list":["post-9787","page","type-page","status-publish","hentry"],"_links":{"self":[{"href":"https:\/\/www.andersen-slekt.info\/nb_no\/wp-json\/wp\/v2\/pages\/9787","targetHints":{"allow":["GET"]}}],"collection":[{"href":"https:\/\/www.andersen-slekt.info\/nb_no\/wp-json\/wp\/v2\/pages"}],"about":[{"href":"https:\/\/www.andersen-slekt.info\/nb_no\/wp-json\/wp\/v2\/types\/page"}],"author":[{"embeddable":true,"href":"https:\/\/www.andersen-slekt.info\/nb_no\/wp-json\/wp\/v2\/users\/1"}],"replies":[{"embeddable":true,"href":"https:\/\/www.andersen-slekt.info\/nb_no\/wp-json\/wp\/v2\/comments?post=9787"}],"version-history":[{"count":8,"href":"https:\/\/www.andersen-slekt.info\/nb_no\/wp-json\/wp\/v2\/pages\/9787\/revisions"}],"predecessor-version":[{"id":9815,"href":"https:\/\/www.andersen-slekt.info\/nb_no\/wp-json\/wp\/v2\/pages\/9787\/revisions\/9815"}],"up":[{"embeddable":true,"href":"https:\/\/www.andersen-slekt.info\/nb_no\/wp-json\/wp\/v2\/pages\/499"}],"wp:attachment":[{"href":"https:\/\/www.andersen-slekt.info\/nb_no\/wp-json\/wp\/v2\/media?parent=9787"}],"curies":[{"name":"wp","href":"https:\/\/api.w.org\/{rel}","templated":true}]}}