{"id":9770,"date":"2022-11-01T04:26:04","date_gmt":"2022-11-01T03:26:04","guid":{"rendered":"https:\/\/www.andersen-slekt.info\/?page_id=9770"},"modified":"2022-12-08T21:29:56","modified_gmt":"2022-12-08T20:29:56","slug":"diamantbryllup","status":"publish","type":"page","link":"https:\/\/www.andersen-slekt.info\/nb_no\/diamantbryllup\/","title":{"rendered":"Diamantbryllup"},"content":{"rendered":"<p><span style=\"font-size: 36pt; color: #800000;\"><strong><span style=\"font-family: 'Great Vibes';\">60 \u00e5rs bryllupsdag<\/span><\/strong><\/span><\/p>\n<p><span style=\"color: #800000; font-size: 14pt;\"><strong>Fra \u00d8stlandsposten 23. oktober 1969<\/strong><\/span><\/p>\n<p><img loading=\"lazy\" decoding=\"async\" class=\"alignnone wp-image-9774\" src=\"https:\/\/www.andersen-slekt.info\/wp-content\/uploads\/2022\/11\/23okt1969-1-622x1024.jpg\" alt=\"\" width=\"700\" height=\"1152\" srcset=\"https:\/\/www.andersen-slekt.info\/wp-content\/uploads\/2022\/11\/23okt1969-1-622x1024.jpg 622w, https:\/\/www.andersen-slekt.info\/wp-content\/uploads\/2022\/11\/23okt1969-1-182x300.jpg 182w, https:\/\/www.andersen-slekt.info\/wp-content\/uploads\/2022\/11\/23okt1969-1-768x1264.jpg 768w, https:\/\/www.andersen-slekt.info\/wp-content\/uploads\/2022\/11\/23okt1969-1-933x1536.jpg 933w, https:\/\/www.andersen-slekt.info\/wp-content\/uploads\/2022\/11\/23okt1969-1-1244x2048.jpg 1244w, https:\/\/www.andersen-slekt.info\/wp-content\/uploads\/2022\/11\/23okt1969-1-7x12.jpg 7w, https:\/\/www.andersen-slekt.info\/wp-content\/uploads\/2022\/11\/23okt1969-1-scaled.jpg 1555w\" sizes=\"auto, (max-width: 700px) 100vw, 700px\" \/><\/p>\n<p>&nbsp;<\/p>\n<p><a href=\"https:\/\/www.andersen-slekt.info\/wp-content\/uploads\/2022\/12\/karistranda1900PNG.png\"><img loading=\"lazy\" decoding=\"async\" class=\"wp-image-10049 aligncenter\" src=\"https:\/\/www.andersen-slekt.info\/wp-content\/uploads\/2022\/12\/karistranda1900PNG-300x150.png\" alt=\"\" width=\"700\" height=\"350\" srcset=\"https:\/\/www.andersen-slekt.info\/wp-content\/uploads\/2022\/12\/karistranda1900PNG-300x150.png 300w, https:\/\/www.andersen-slekt.info\/wp-content\/uploads\/2022\/12\/karistranda1900PNG-1024x512.png 1024w, https:\/\/www.andersen-slekt.info\/wp-content\/uploads\/2022\/12\/karistranda1900PNG-768x384.png 768w, https:\/\/www.andersen-slekt.info\/wp-content\/uploads\/2022\/12\/karistranda1900PNG-18x9.png 18w, https:\/\/www.andersen-slekt.info\/wp-content\/uploads\/2022\/12\/karistranda1900PNG.png 1367w\" sizes=\"auto, (max-width: 700px) 100vw, 700px\" \/><\/a><\/p>\n<p style=\"text-align: center;\">Karistranda ca 1900. Fra Per Nyhus &#8211; Larvik f\u00f8r og n\u00e5<\/p>\n<div class=\"pdfprnt-buttons pdfprnt-buttons-page pdfprnt-bottom-right\"><a href=\"https:\/\/www.andersen-slekt.info\/nb_no\/wp-json\/wp\/v2\/pages\/9770?print=print\" class=\"pdfprnt-button pdfprnt-button-print\" target=\"_blank\"><img decoding=\"async\" src=\"https:\/\/www.andersen-slekt.info\/wp-content\/plugins\/pdf-print\/images\/print.png\" alt=\"image_print\" title=\"Print Content\" \/><span class=\"pdfprnt-button-title pdfprnt-button-print-title\">print<\/span><\/a><\/div>","protected":false},"excerpt":{"rendered":"<p>60 \u00e5rs bryllupsdag Fra \u00d8stlandsposten 23. oktober 1969 &nbsp; Karistranda ca 1900. Fra Per Nyhus &#8211; Larvik f\u00f8r og n\u00e5 print<\/p>\n","protected":false},"author":1,"featured_media":0,"parent":0,"menu_order":35,"comment_status":"closed","ping_status":"closed","template":"no_sidebar.php","meta":{"footnotes":""},"class_list":["post-9770","page","type-page","status-publish","hentry"],"_links":{"self":[{"href":"https:\/\/www.andersen-slekt.info\/nb_no\/wp-json\/wp\/v2\/pages\/9770","targetHints":{"allow":["GET"]}}],"collection":[{"href":"https:\/\/www.andersen-slekt.info\/nb_no\/wp-json\/wp\/v2\/pages"}],"about":[{"href":"https:\/\/www.andersen-slekt.info\/nb_no\/wp-json\/wp\/v2\/types\/page"}],"author":[{"embeddable":true,"href":"https:\/\/www.andersen-slekt.info\/nb_no\/wp-json\/wp\/v2\/users\/1"}],"replies":[{"embeddable":true,"href":"https:\/\/www.andersen-slekt.info\/nb_no\/wp-json\/wp\/v2\/comments?post=9770"}],"version-history":[{"count":13,"href":"https:\/\/www.andersen-slekt.info\/nb_no\/wp-json\/wp\/v2\/pages\/9770\/revisions"}],"predecessor-version":[{"id":10051,"href":"https:\/\/www.andersen-slekt.info\/nb_no\/wp-json\/wp\/v2\/pages\/9770\/revisions\/10051"}],"wp:attachment":[{"href":"https:\/\/www.andersen-slekt.info\/nb_no\/wp-json\/wp\/v2\/media?parent=9770"}],"curies":[{"name":"wp","href":"https:\/\/api.w.org\/{rel}","templated":true}]}}