{"id":8097,"date":"2021-01-02T09:51:25","date_gmt":"2021-01-02T08:51:25","guid":{"rendered":"http:\/\/www.andersen-slekt.info\/?page_id=8097"},"modified":"2021-01-18T23:24:53","modified_gmt":"2021-01-18T22:24:53","slug":"helene-eriks-barn","status":"publish","type":"page","link":"https:\/\/www.andersen-slekt.info\/nb_no\/thorsen\/helene-og-erik-pettersen\/helene-eriks-barn\/","title":{"rendered":"Helene\/Eriks barn"},"content":{"rendered":"<p style=\"text-align: center;\"><span style=\"color: #806239;\"><strong><span style=\"font-family: 'Great Vibes'; font-size: 30pt;\">Helene og Eriks barn<\/span><\/strong><\/span><\/p>\n<p><span style=\"color: #f7efd0;\">.<\/span><\/p>\n<p>Helene og Erik fikk 6 barn, men bare 3 vokste opp. Gustas Maries to br\u00f8dre ble ikke gamle, og d\u00f8de bare 34 og 42 \u00e5r gamle.<\/p>\n<p><a href=\"http:\/\/www.andersen-slekt.info\/wp-content\/uploads\/2021\/01\/Erik_Helene.png\"><img loading=\"lazy\" decoding=\"async\" class=\"aligncenter wp-image-8129\" src=\"http:\/\/www.andersen-slekt.info\/wp-content\/uploads\/2021\/01\/Erik_Helene-239x300.png\" alt=\"\" width=\"339\" height=\"425\" srcset=\"https:\/\/www.andersen-slekt.info\/wp-content\/uploads\/2021\/01\/Erik_Helene-239x300.png 239w, https:\/\/www.andersen-slekt.info\/wp-content\/uploads\/2021\/01\/Erik_Helene.png 474w\" sizes=\"auto, (max-width: 339px) 100vw, 339px\" \/><\/a><\/p>\n<p><span style=\"color: #f7efd0;\">.<\/span><\/p>\n<p><span style=\"color: #f7efd0;\">.<\/span><\/p>\n<p style=\"text-align: left;\"><span style=\"color: #806239;\"><strong><span style=\"font-size: 24pt; font-family: 'Great Vibes';\">Iver August<\/span><\/strong><\/span><\/p>\n<p style=\"text-align: center;\"><span style=\"font-size: 13pt;\"><img loading=\"lazy\" decoding=\"async\" class=\"alignnone size-full wp-image-8330\" style=\"font-size: 16px; color: #f7efd0;\" src=\"https:\/\/ww2.fjeldskaar.com\/wp-content\/uploads\/2020\/11\/iverAugust5-1.png\" alt=\"\" width=\"178\" height=\"179\" \/><\/span><\/p>\n<p style=\"text-align: center;\"><span style=\"font-size: 13pt;\"><img loading=\"lazy\" decoding=\"async\" class=\"alignnone size-medium wp-image-8063\" src=\"http:\/\/www.andersen-slekt.info\/wp-content\/uploads\/2021\/01\/output-onlinepngtools-2021-01-01T234028.977-300x90.png\" alt=\"\" width=\"300\" height=\"90\" srcset=\"https:\/\/www.andersen-slekt.info\/wp-content\/uploads\/2021\/01\/output-onlinepngtools-2021-01-01T234028.977-300x90.png 300w, https:\/\/www.andersen-slekt.info\/wp-content\/uploads\/2021\/01\/output-onlinepngtools-2021-01-01T234028.977.png 446w\" sizes=\"auto, (max-width: 300px) 100vw, 300px\" \/><\/span><\/p>\n<p style=\"text-align: center;\"><span style=\"font-size: 13pt;\"><span style=\"color: #f7efd0;\">.<\/span>Iver August Pettersen, Gusta Maries eldste bror.<\/span><\/p>\n<p><span style=\"font-size: 13pt;\"><span style=\"font-family: 'book antiqua', palatino;\">Iver August ble f\u00f8dt i 1860, ble maskinist og d\u00f8de til sj\u00f8s (p\u00e5 Cuba) da han bare var 34 \u00e5r gammel. Han var gift med Marie Elisabeth Falkenberg. <\/span>De fikk seks barn &#8211; Helene Elise (f. 1881), Johanne Christiane (f. 1883), Ole Kristian (f. 1885), Kristian (f. 1887), Marie (f. 1889) og Otilie (f. 1891). B\u00e5de Iver og Marie Elisabeth d\u00f8de ganske unge;\u00a0 Marie Elisabeth i 1896 (34 \u00e5r gammel av tuberkulose). <\/span><\/p>\n<p><a href=\"http:\/\/www.andersen-slekt.info\/wp-content\/uploads\/2021\/01\/iver2.png\"><img loading=\"lazy\" decoding=\"async\" class=\"aligncenter wp-image-8274\" src=\"http:\/\/www.andersen-slekt.info\/wp-content\/uploads\/2021\/01\/iver2-275x300.png\" alt=\"\" width=\"355\" height=\"387\" srcset=\"https:\/\/www.andersen-slekt.info\/wp-content\/uploads\/2021\/01\/iver2-275x300.png 275w, https:\/\/www.andersen-slekt.info\/wp-content\/uploads\/2021\/01\/iver2.png 494w\" sizes=\"auto, (max-width: 355px) 100vw, 355px\" \/><\/a><\/p>\n<p>&nbsp;<\/p>\n<p><span style=\"font-size: 13pt;\">Da Marie Elisabeth d\u00f8de, var den yngste datteren, Otilie, bare 3 \u00e5r gammel. Hun ble adoptert bort til slekt i Levanger &#8211; Fredderikke Lovise og Christian Otto Falkenberg. Marie Frederikke havnet p\u00e5 barnehjem p\u00e5 Nanset.<\/span><\/p>\n<p style=\"text-align: center;\"><span style=\"font-size: 13pt;\"><span style=\"font-family: 'book antiqua', palatino;\"><a href=\"http:\/\/www.andersen-slekt.info\/wp-content\/uploads\/2021\/01\/marieFrederikke.png\"><img loading=\"lazy\" decoding=\"async\" class=\"alignnone wp-image-8277\" src=\"http:\/\/www.andersen-slekt.info\/wp-content\/uploads\/2021\/01\/marieFrederikke-300x58.png\" alt=\"\" width=\"650\" height=\"125\" srcset=\"https:\/\/www.andersen-slekt.info\/wp-content\/uploads\/2021\/01\/marieFrederikke-300x58.png 300w, https:\/\/www.andersen-slekt.info\/wp-content\/uploads\/2021\/01\/marieFrederikke-768x148.png 768w, https:\/\/www.andersen-slekt.info\/wp-content\/uploads\/2021\/01\/marieFrederikke.png 999w\" sizes=\"auto, (max-width: 650px) 100vw, 650px\" \/><\/a><\/span><\/span><\/p>\n<p style=\"text-align: center;\"><a href=\"http:\/\/www.andersen-slekt.info\/wp-content\/uploads\/2021\/01\/JohanneChristianne.png\"><img loading=\"lazy\" decoding=\"async\" class=\"alignnone wp-image-8279\" src=\"http:\/\/www.andersen-slekt.info\/wp-content\/uploads\/2021\/01\/JohanneChristianne-300x54.png\" alt=\"\" width=\"650\" height=\"118\" srcset=\"https:\/\/www.andersen-slekt.info\/wp-content\/uploads\/2021\/01\/JohanneChristianne-300x54.png 300w, https:\/\/www.andersen-slekt.info\/wp-content\/uploads\/2021\/01\/JohanneChristianne-768x139.png 768w, https:\/\/www.andersen-slekt.info\/wp-content\/uploads\/2021\/01\/JohanneChristianne.png 981w\" sizes=\"auto, (max-width: 650px) 100vw, 650px\" \/><\/a><\/p>\n<p style=\"padding-left: 80px;\"><span style=\"font-size: 13pt;\"><span style=\"font-family: 'book antiqua', palatino;\">Folketellingen 1910<\/span><\/span><\/p>\n<p style=\"text-align: center;\"><a href=\"http:\/\/www.andersen-slekt.info\/wp-content\/uploads\/2021\/01\/christianfalkenberg2-1.png\"><img loading=\"lazy\" decoding=\"async\" class=\"alignnone wp-image-8285\" src=\"http:\/\/www.andersen-slekt.info\/wp-content\/uploads\/2021\/01\/christianfalkenberg2-1-300x84.png\" alt=\"\" width=\"650\" height=\"181\" srcset=\"https:\/\/www.andersen-slekt.info\/wp-content\/uploads\/2021\/01\/christianfalkenberg2-1-300x84.png 300w, https:\/\/www.andersen-slekt.info\/wp-content\/uploads\/2021\/01\/christianfalkenberg2-1-768x214.png 768w, https:\/\/www.andersen-slekt.info\/wp-content\/uploads\/2021\/01\/christianfalkenberg2-1.png 1020w\" sizes=\"auto, (max-width: 650px) 100vw, 650px\" \/><\/a><\/p>\n<p><span style=\"font-size: 13pt;\"><span style=\"font-family: 'book antiqua', palatino;\">Johanne Christiane var if\u00f8lge folketellingen i 1900 ombord i &laquo;Prince Arthur&raquo; som da l\u00e5 i Valparaiso i Chile (https:\/\/www.digitalarkivet.no\/census\/ship\/sf01100021000697#). Under folketellingen i 1910 var hun i Levanger hos morens s\u00f8skenbarn Cristian Otto Falkenberg. Johanne ble senere gift med lokomotivf\u00f8rer Oskar Pedersen, og de bosatte seg p\u00e5 Voss.<\/span><\/span><\/p>\n<p style=\"text-align: center;\">Falkenberg i Levanger<\/p>\n<p><a href=\"http:\/\/www.andersen-slekt.info\/wp-content\/uploads\/2021\/01\/vossafolk.jpg\"><img loading=\"lazy\" decoding=\"async\" class=\"wp-image-8152 aligncenter\" src=\"http:\/\/www.andersen-slekt.info\/wp-content\/uploads\/2021\/01\/vossafolk-300x171.jpg\" alt=\"\" width=\"500\" height=\"285\" srcset=\"https:\/\/www.andersen-slekt.info\/wp-content\/uploads\/2021\/01\/vossafolk-300x171.jpg 300w, https:\/\/www.andersen-slekt.info\/wp-content\/uploads\/2021\/01\/vossafolk-1024x583.jpg 1024w, https:\/\/www.andersen-slekt.info\/wp-content\/uploads\/2021\/01\/vossafolk-768x438.jpg 768w, https:\/\/www.andersen-slekt.info\/wp-content\/uploads\/2021\/01\/vossafolk.jpg 1464w\" sizes=\"auto, (max-width: 500px) 100vw, 500px\" \/><\/a><\/p>\n<p style=\"text-align: center;\"><span style=\"font-size: 13pt;\">Johanne og Oskar Pedersen med guttene Ivar, Olav og Bjarne<\/span><\/p>\n<p><a href=\"http:\/\/www.andersen-slekt.info\/wp-content\/uploads\/2021\/01\/falkenberg4.png\"><img loading=\"lazy\" decoding=\"async\" class=\"aligncenter wp-image-8270\" src=\"http:\/\/www.andersen-slekt.info\/wp-content\/uploads\/2021\/01\/falkenberg4-221x300.png\" alt=\"\" width=\"421\" height=\"571\" srcset=\"https:\/\/www.andersen-slekt.info\/wp-content\/uploads\/2021\/01\/falkenberg4-221x300.png 221w, https:\/\/www.andersen-slekt.info\/wp-content\/uploads\/2021\/01\/falkenberg4.png 472w\" sizes=\"auto, (max-width: 421px) 100vw, 421px\" \/><\/a><\/p>\n<p>&nbsp;<\/p>\n<p><span style=\"color: #f7efd0;\">.<\/span><\/p>\n<p style=\"padding-left: 120px;\"><span style=\"color: #f7efd0;\">.<a href=\"http:\/\/www.andersen-slekt.info\/wp-content\/uploads\/2021\/01\/Johanne_brev1-rotated-e1609587056318.jpg\"><img loading=\"lazy\" decoding=\"async\" class=\"alignleft wp-image-8156\" src=\"http:\/\/www.andersen-slekt.info\/wp-content\/uploads\/2021\/01\/Johanne_brev1-rotated-e1609587056318-300x200.jpg\" alt=\"\" width=\"450\" height=\"300\" srcset=\"https:\/\/www.andersen-slekt.info\/wp-content\/uploads\/2021\/01\/Johanne_brev1-rotated-e1609587056318-300x200.jpg 300w, https:\/\/www.andersen-slekt.info\/wp-content\/uploads\/2021\/01\/Johanne_brev1-rotated-e1609587056318.jpg 622w\" sizes=\"auto, (max-width: 450px) 100vw, 450px\" \/><\/a> <a href=\"http:\/\/www.andersen-slekt.info\/wp-content\/uploads\/2021\/01\/Johanne_brev3-rotated-e1609587043495.jpg\"><img loading=\"lazy\" decoding=\"async\" class=\"alignnone wp-image-8157\" src=\"http:\/\/www.andersen-slekt.info\/wp-content\/uploads\/2021\/01\/Johanne_brev3-rotated-e1609587043495-196x300.jpg\" alt=\"\" width=\"250\" height=\"383\" srcset=\"https:\/\/www.andersen-slekt.info\/wp-content\/uploads\/2021\/01\/Johanne_brev3-rotated-e1609587043495-196x300.jpg 196w, https:\/\/www.andersen-slekt.info\/wp-content\/uploads\/2021\/01\/Johanne_brev3-rotated-e1609587043495.jpg 418w\" sizes=\"auto, (max-width: 250px) 100vw, 250px\" \/><\/a><\/span><\/p>\n<p style=\"text-align: center;\"><span style=\"font-size: 13pt;\">Brev fra Johanne til sin tante Gusta. Trykk for \u00e5 se st\u00f8rre bilde.<\/span><\/p>\n<p>&nbsp;<\/p>\n<p>&nbsp;<\/p>\n<p>&nbsp;<\/p>\n<p>.<\/p>\n<p><span style=\"color: #806239;\"><strong><span style=\"font-size: 24pt; font-family: 'Great Vibes';\">Gusta Marie\u00a0<\/span><\/strong><\/span><\/p>\n<p>se <strong><span style=\"font-size: 18pt;\"><a href=\"http:\/\/www.andersen-slekt.info\/andersen\/matthias\/gusta-marie\/\">her<\/a><\/span><\/strong><\/p>\n<p><span style=\"color: #f7efd0;\">.<\/span><\/p>\n<p><span style=\"color: #f7efd0;\">.<\/span><\/p>\n<p><span style=\"color: #806239;\"><strong><span style=\"font-family: 'Great Vibes'; font-size: 24pt;\">Bernhard Julius<\/span><\/strong><\/span><\/p>\n<p style=\"text-align: center;\"><span style=\"font-size: 13pt;\"><img loading=\"lazy\" decoding=\"async\" class=\"alignnone wp-image-8062\" src=\"http:\/\/www.andersen-slekt.info\/wp-content\/uploads\/2021\/01\/output-onlinepngtools-2021-01-01T234049.413-300x76.png\" alt=\"\" width=\"350\" height=\"88\" srcset=\"https:\/\/www.andersen-slekt.info\/wp-content\/uploads\/2021\/01\/output-onlinepngtools-2021-01-01T234049.413-300x76.png 300w, https:\/\/www.andersen-slekt.info\/wp-content\/uploads\/2021\/01\/output-onlinepngtools-2021-01-01T234049.413.png 532w\" sizes=\"auto, (max-width: 350px) 100vw, 350px\" \/><\/span><\/p>\n<p style=\"padding-left: 80px; text-align: center;\"><img loading=\"lazy\" decoding=\"async\" class=\"\" src=\"https:\/\/ww2.fjeldskaar.com\/wp-content\/uploads\/2015\/05\/Bernhard-e1592994464436.jpg\" alt=\"\" width=\"372\" height=\"496\" \/>\u00a0\u00a0<img loading=\"lazy\" decoding=\"async\" src=\"https:\/\/ww2.fjeldskaar.com\/wp-content\/uploads\/2015\/05\/helenPettersen2cc-193x300.jpg\" alt=\"helenPettersen2cc\" width=\"321\" height=\"500\" \/><br \/>\n<em>Bernhard Julius Pettersen (Gusta Maries bror) til venstre. Til h\u00f8yre Bernhards datter Helen i konfirmasjonskjole sammen med Gunhild (?).\u00a0<\/em><\/p>\n<p style=\"text-align: center;\"><img loading=\"lazy\" decoding=\"async\" class=\"alignnone size-medium wp-image-8135\" src=\"http:\/\/www.andersen-slekt.info\/wp-content\/uploads\/2021\/01\/knudson_karen_large-296x300.jpg\" alt=\"\" width=\"296\" height=\"300\" srcset=\"https:\/\/www.andersen-slekt.info\/wp-content\/uploads\/2021\/01\/knudson_karen_large-296x300.jpg 296w, https:\/\/www.andersen-slekt.info\/wp-content\/uploads\/2021\/01\/knudson_karen_large.jpg 474w\" sizes=\"auto, (max-width: 296px) 100vw, 296px\" \/><\/p>\n<p style=\"text-align: center;\">Bernhard var gift med Karen Knudsen Kluge fra Gjesdal.<\/p>\n<p><a href=\"http:\/\/www.andersen-slekt.info\/wp-content\/uploads\/2021\/01\/BernhardJulius.png\"><img loading=\"lazy\" decoding=\"async\" class=\"aligncenter wp-image-8127\" src=\"http:\/\/www.andersen-slekt.info\/wp-content\/uploads\/2021\/01\/BernhardJulius-270x300.png\" alt=\"\" width=\"370\" height=\"412\" srcset=\"https:\/\/www.andersen-slekt.info\/wp-content\/uploads\/2021\/01\/BernhardJulius-270x300.png 270w, https:\/\/www.andersen-slekt.info\/wp-content\/uploads\/2021\/01\/BernhardJulius.png 472w\" sizes=\"auto, (max-width: 370px) 100vw, 370px\" \/><\/a><\/p>\n<p><img loading=\"lazy\" decoding=\"async\" class=\"size-full wp-image-8816 aligncenter\" src=\"http:\/\/www.andersen-slekt.info\/wp-content\/uploads\/2021\/01\/Karen-rotated-e1609581610227-218x300-1.jpg\" alt=\"\" width=\"186\" height=\"300\" \/><\/p>\n<p>&nbsp;<\/p>\n<p style=\"padding-left: 120px; text-align: center;\"><a href=\"http:\/\/www.andersen-slekt.info\/wp-content\/uploads\/2021\/01\/BernhardJulius.png\"><img loading=\"lazy\" decoding=\"async\" class=\"alignnone size-medium wp-image-8138\" src=\"http:\/\/www.andersen-slekt.info\/wp-content\/uploads\/2021\/01\/helenpetersonkearney_large-1-262x300.jpg\" alt=\"\" width=\"262\" height=\"300\" srcset=\"https:\/\/www.andersen-slekt.info\/wp-content\/uploads\/2021\/01\/helenpetersonkearney_large-1-262x300.jpg 262w, https:\/\/www.andersen-slekt.info\/wp-content\/uploads\/2021\/01\/helenpetersonkearney_large-1.jpg 419w\" sizes=\"auto, (max-width: 262px) 100vw, 262px\" \/><\/a><a href=\"http:\/\/www.andersen-slekt.info\/wp-content\/uploads\/2021\/01\/peterson_mollie_large-1.jpg\">\u00a0 \u00a0 <img loading=\"lazy\" decoding=\"async\" class=\"alignnone wp-image-8137 size-medium\" src=\"http:\/\/www.andersen-slekt.info\/wp-content\/uploads\/2021\/01\/peterson_mollie_large-1-292x300.jpg\" alt=\"\" width=\"292\" height=\"300\" srcset=\"https:\/\/www.andersen-slekt.info\/wp-content\/uploads\/2021\/01\/peterson_mollie_large-1-292x300.jpg 292w, https:\/\/www.andersen-slekt.info\/wp-content\/uploads\/2021\/01\/peterson_mollie_large-1.jpg 467w\" sizes=\"auto, (max-width: 292px) 100vw, 292px\" \/><\/a><\/p>\n<p style=\"text-align: center;\">Mollie Petersen og Helen Peterson Kearney<\/p>\n<p><a href=\"http:\/\/www.andersen-slekt.info\/wp-content\/uploads\/2021\/01\/thorvald.jpg\"><img loading=\"lazy\" decoding=\"async\" class=\"aligncenter wp-image-8139\" src=\"http:\/\/www.andersen-slekt.info\/wp-content\/uploads\/2021\/01\/thorvald-300x218.jpg\" alt=\"\" width=\"600\" height=\"437\" srcset=\"https:\/\/www.andersen-slekt.info\/wp-content\/uploads\/2021\/01\/thorvald-300x218.jpg 300w, https:\/\/www.andersen-slekt.info\/wp-content\/uploads\/2021\/01\/thorvald-1024x746.jpg 1024w, https:\/\/www.andersen-slekt.info\/wp-content\/uploads\/2021\/01\/thorvald-768x559.jpg 768w, https:\/\/www.andersen-slekt.info\/wp-content\/uploads\/2021\/01\/thorvald.jpg 1122w\" sizes=\"auto, (max-width: 600px) 100vw, 600px\" \/><\/a><\/p>\n<p style=\"text-align: center;\">Karen med familie, sammen med (sannsynligvis) Thorvald Mathiesen<\/p>\n<p><a href=\"http:\/\/www.andersen-slekt.info\/wp-content\/uploads\/2021\/01\/molly.jpg\"><img loading=\"lazy\" decoding=\"async\" class=\"aligncenter wp-image-8133\" src=\"http:\/\/www.andersen-slekt.info\/wp-content\/uploads\/2021\/01\/molly-168x300.jpg\" alt=\"\" width=\"368\" height=\"657\" srcset=\"https:\/\/www.andersen-slekt.info\/wp-content\/uploads\/2021\/01\/molly-168x300.jpg 168w, https:\/\/www.andersen-slekt.info\/wp-content\/uploads\/2021\/01\/molly-573x1024.jpg 573w, https:\/\/www.andersen-slekt.info\/wp-content\/uploads\/2021\/01\/molly-768x1371.jpg 768w, https:\/\/www.andersen-slekt.info\/wp-content\/uploads\/2021\/01\/molly.jpg 858w\" sizes=\"auto, (max-width: 368px) 100vw, 368px\" \/><\/a><\/p>\n<p>&nbsp;<\/p>\n<p><span style=\"font-size: 13pt;\">Hans Andersens slektsgransking om Erik og Helenes barn: se<strong><span style=\"color: #800000;\"><a style=\"color: #800000;\" href=\"http:\/\/www.andersen-slekt.info\/thorsen\/helene-og-erik-pettersen\/helene-eriks-barn\/hans-om-helene-eriks-slekt\/\"> her<\/a><\/span><\/strong><\/span><\/p>\n<div class=\"pdfprnt-buttons pdfprnt-buttons-page pdfprnt-bottom-right\"><a href=\"https:\/\/www.andersen-slekt.info\/nb_no\/wp-json\/wp\/v2\/pages\/8097?print=print\" class=\"pdfprnt-button pdfprnt-button-print\" target=\"_blank\"><img decoding=\"async\" src=\"https:\/\/www.andersen-slekt.info\/wp-content\/plugins\/pdf-print\/images\/print.png\" alt=\"image_print\" title=\"Print Content\" \/><span class=\"pdfprnt-button-title pdfprnt-button-print-title\">print<\/span><\/a><\/div>","protected":false},"excerpt":{"rendered":"<p>Helene og Eriks barn . Helene og Erik fikk 6 barn, men bare 3 vokste opp. Gustas Maries to br\u00f8dre ble ikke gamle, og d\u00f8de bare 34 og 42 \u00e5r gamle. . . Iver August .Iver August Pettersen, Gusta Maries eldste bror. Iver August ble f\u00f8dt i 1860, ble maskinist og d\u00f8de til sj\u00f8s (p\u00e5 [&hellip;]<\/p>\n","protected":false},"author":1,"featured_media":0,"parent":8082,"menu_order":0,"comment_status":"closed","ping_status":"closed","template":"no_sidebar.php","meta":{"footnotes":""},"class_list":["post-8097","page","type-page","status-publish","hentry"],"_links":{"self":[{"href":"https:\/\/www.andersen-slekt.info\/nb_no\/wp-json\/wp\/v2\/pages\/8097","targetHints":{"allow":["GET"]}}],"collection":[{"href":"https:\/\/www.andersen-slekt.info\/nb_no\/wp-json\/wp\/v2\/pages"}],"about":[{"href":"https:\/\/www.andersen-slekt.info\/nb_no\/wp-json\/wp\/v2\/types\/page"}],"author":[{"embeddable":true,"href":"https:\/\/www.andersen-slekt.info\/nb_no\/wp-json\/wp\/v2\/users\/1"}],"replies":[{"embeddable":true,"href":"https:\/\/www.andersen-slekt.info\/nb_no\/wp-json\/wp\/v2\/comments?post=8097"}],"version-history":[{"count":48,"href":"https:\/\/www.andersen-slekt.info\/nb_no\/wp-json\/wp\/v2\/pages\/8097\/revisions"}],"predecessor-version":[{"id":8817,"href":"https:\/\/www.andersen-slekt.info\/nb_no\/wp-json\/wp\/v2\/pages\/8097\/revisions\/8817"}],"up":[{"embeddable":true,"href":"https:\/\/www.andersen-slekt.info\/nb_no\/wp-json\/wp\/v2\/pages\/8082"}],"wp:attachment":[{"href":"https:\/\/www.andersen-slekt.info\/nb_no\/wp-json\/wp\/v2\/media?parent=8097"}],"curies":[{"name":"wp","href":"https:\/\/api.w.org\/{rel}","templated":true}]}}