{"id":629,"date":"2015-05-13T05:32:28","date_gmt":"2015-05-13T05:32:28","guid":{"rendered":"https:\/\/ww2.fjeldskaar.com\/?page_id=629"},"modified":"2021-01-18T17:40:04","modified_gmt":"2021-01-18T16:40:04","slug":"anna-og-eilifs-etterkommere","status":"publish","type":"page","link":"https:\/\/www.andersen-slekt.info\/nb_no\/anna-og-eilif\/anna-og-eilifs-etterkommere\/","title":{"rendered":"Anna og Eilifs etterkommere"},"content":{"rendered":"<h2 style=\"text-align: center;\"><span style=\"color: #806239; font-size: 24pt; font-family: 'Great Vibes';\">Anna og Eilifs barn og barnebarn<\/span><\/h2>\n<p>&nbsp;<\/p>\n<p style=\"text-align: center;\"><a href=\"http:\/\/www.andersen-slekt.info\/wp-content\/uploads\/2021\/01\/Andersenslekt_1960.png\"><img loading=\"lazy\" decoding=\"async\" class=\"alignnone wp-image-8785\" src=\"http:\/\/www.andersen-slekt.info\/wp-content\/uploads\/2021\/01\/Andersenslekt_1960-300x196.png\" alt=\"\" width=\"750\" height=\"491\" srcset=\"https:\/\/www.andersen-slekt.info\/wp-content\/uploads\/2021\/01\/Andersenslekt_1960-300x196.png 300w, https:\/\/www.andersen-slekt.info\/wp-content\/uploads\/2021\/01\/Andersenslekt_1960-1024x671.png 1024w, https:\/\/www.andersen-slekt.info\/wp-content\/uploads\/2021\/01\/Andersenslekt_1960-768x503.png 768w, https:\/\/www.andersen-slekt.info\/wp-content\/uploads\/2021\/01\/Andersenslekt_1960-1536x1006.png 1536w, https:\/\/www.andersen-slekt.info\/wp-content\/uploads\/2021\/01\/Andersenslekt_1960-2048x1341.png 2048w\" sizes=\"auto, (max-width: 750px) 100vw, 750px\" \/><\/a><br \/>\n<em>Anna og Eilifs etterkommere. Fra venstre bak: Anne (datter av Egil), William, Ingjerd, Erling, Jussie (kona til Hans), Hans, Liv, Eilif (s\u00f8nn av Hans), Aslaug (kona til erling), Per (s\u00f8nn av Egil), Kirsten (kona til Egil), Egil, Kari og Dagfinn (barn av Hans). Foran fra venstre Jenny, Berit (datter av Liv), Anna, Eilif og Paulus (Jennys mann). Forrest Willy, Inger Reidun, Egil (s\u00f8nn av Egil), Marit (datter av Erling), Gunnar Eilif (s\u00f8nn av Liv), Thor Erling (s\u00f8nn av Erling) og Grethe (datter av Liv).<\/em><\/p>\n<p style=\"text-align: center;\"><a href=\"http:\/\/www.andersen-slekt.info\/wp-content\/uploads\/2021\/01\/Andersen_soskenbarn_1960-1.png\"><img loading=\"lazy\" decoding=\"async\" class=\"alignnone wp-image-8784\" src=\"http:\/\/www.andersen-slekt.info\/wp-content\/uploads\/2021\/01\/Andersen_soskenbarn_1960-1-300x254.png\" alt=\"\" width=\"750\" height=\"634\" srcset=\"https:\/\/www.andersen-slekt.info\/wp-content\/uploads\/2021\/01\/Andersen_soskenbarn_1960-1-300x254.png 300w, https:\/\/www.andersen-slekt.info\/wp-content\/uploads\/2021\/01\/Andersen_soskenbarn_1960-1-1024x866.png 1024w, https:\/\/www.andersen-slekt.info\/wp-content\/uploads\/2021\/01\/Andersen_soskenbarn_1960-1-768x649.png 768w, https:\/\/www.andersen-slekt.info\/wp-content\/uploads\/2021\/01\/Andersen_soskenbarn_1960-1-1536x1299.png 1536w, https:\/\/www.andersen-slekt.info\/wp-content\/uploads\/2021\/01\/Andersen_soskenbarn_1960-1-2048x1731.png 2048w\" sizes=\"auto, (max-width: 750px) 100vw, 750px\" \/><\/a><br \/>\nDe fleste av Anna og Eilif sine barnebarn<\/p>\n<p><img loading=\"lazy\" decoding=\"async\" class=\"wp-image-8783 aligncenter\" src=\"http:\/\/www.andersen-slekt.info\/wp-content\/uploads\/2021\/01\/6sosken-300x219.jpg\" alt=\"\" width=\"700\" height=\"510\" srcset=\"https:\/\/www.andersen-slekt.info\/wp-content\/uploads\/2021\/01\/6sosken-300x219.jpg 300w, https:\/\/www.andersen-slekt.info\/wp-content\/uploads\/2021\/01\/6sosken-1024x746.jpg 1024w, https:\/\/www.andersen-slekt.info\/wp-content\/uploads\/2021\/01\/6sosken-768x560.jpg 768w, https:\/\/www.andersen-slekt.info\/wp-content\/uploads\/2021\/01\/6sosken-1536x1120.jpg 1536w, https:\/\/www.andersen-slekt.info\/wp-content\/uploads\/2021\/01\/6sosken.jpg 1627w\" sizes=\"auto, (max-width: 700px) 100vw, 700px\" \/><\/p>\n<p style=\"text-align: center;\">\n<p style=\"text-align: center;\">\n<p style=\"text-align: center;\"><a href=\"http:\/\/www.andersen-slekt.info\/wp-content\/uploads\/2021\/01\/scan0014b.jpg\"><img loading=\"lazy\" decoding=\"async\" class=\"alignnone wp-image-8782\" src=\"http:\/\/www.andersen-slekt.info\/wp-content\/uploads\/2021\/01\/scan0014b-208x300.jpg\" alt=\"\" width=\"550\" height=\"792\" srcset=\"https:\/\/www.andersen-slekt.info\/wp-content\/uploads\/2021\/01\/scan0014b-208x300.jpg 208w, https:\/\/www.andersen-slekt.info\/wp-content\/uploads\/2021\/01\/scan0014b-711x1024.jpg 711w, https:\/\/www.andersen-slekt.info\/wp-content\/uploads\/2021\/01\/scan0014b-768x1106.jpg 768w, https:\/\/www.andersen-slekt.info\/wp-content\/uploads\/2021\/01\/scan0014b-1067x1536.jpg 1067w, https:\/\/www.andersen-slekt.info\/wp-content\/uploads\/2021\/01\/scan0014b.jpg 1179w\" sizes=\"auto, (max-width: 550px) 100vw, 550px\" \/><\/a><\/p>\n<p style=\"text-align: center;\">S\u00f8strene Jenny, Ingjerd og Jenny<\/p>\n<p style=\"text-align: center;\">\n<p><img loading=\"lazy\" decoding=\"async\" class=\"aligncenter wp-image-8781 size-full\" src=\"http:\/\/www.andersen-slekt.info\/wp-content\/uploads\/2021\/01\/bilde65b_11.jpg\" alt=\"\" width=\"500\" height=\"296\" srcset=\"https:\/\/www.andersen-slekt.info\/wp-content\/uploads\/2021\/01\/bilde65b_11.jpg 500w, https:\/\/www.andersen-slekt.info\/wp-content\/uploads\/2021\/01\/bilde65b_11-300x178.jpg 300w\" sizes=\"auto, (max-width: 500px) 100vw, 500px\" \/><\/p>\n<div class=\"pdfprnt-buttons pdfprnt-buttons-page pdfprnt-bottom-right\"><a href=\"https:\/\/www.andersen-slekt.info\/nb_no\/wp-json\/wp\/v2\/pages\/629?print=print\" class=\"pdfprnt-button pdfprnt-button-print\" target=\"_blank\"><img decoding=\"async\" src=\"https:\/\/www.andersen-slekt.info\/wp-content\/plugins\/pdf-print\/images\/print.png\" alt=\"image_print\" title=\"Print Content\" \/><span class=\"pdfprnt-button-title pdfprnt-button-print-title\">print<\/span><\/a><\/div>","protected":false},"excerpt":{"rendered":"<p>Anna og Eilifs barn og barnebarn &nbsp; Anna og Eilifs etterkommere. Fra venstre bak: Anne (datter av Egil), William, Ingjerd, Erling, Jussie (kona til Hans), Hans, Liv, Eilif (s\u00f8nn av Hans), Aslaug (kona til erling), Per (s\u00f8nn av Egil), Kirsten (kona til Egil), Egil, Kari og Dagfinn (barn av Hans). Foran fra venstre Jenny, Berit [&hellip;]<\/p>\n","protected":false},"author":1,"featured_media":0,"parent":499,"menu_order":30,"comment_status":"closed","ping_status":"closed","template":"no_sidebar.php","meta":{"footnotes":""},"class_list":["post-629","page","type-page","status-publish","hentry"],"_links":{"self":[{"href":"https:\/\/www.andersen-slekt.info\/nb_no\/wp-json\/wp\/v2\/pages\/629","targetHints":{"allow":["GET"]}}],"collection":[{"href":"https:\/\/www.andersen-slekt.info\/nb_no\/wp-json\/wp\/v2\/pages"}],"about":[{"href":"https:\/\/www.andersen-slekt.info\/nb_no\/wp-json\/wp\/v2\/types\/page"}],"author":[{"embeddable":true,"href":"https:\/\/www.andersen-slekt.info\/nb_no\/wp-json\/wp\/v2\/users\/1"}],"replies":[{"embeddable":true,"href":"https:\/\/www.andersen-slekt.info\/nb_no\/wp-json\/wp\/v2\/comments?post=629"}],"version-history":[{"count":3,"href":"https:\/\/www.andersen-slekt.info\/nb_no\/wp-json\/wp\/v2\/pages\/629\/revisions"}],"predecessor-version":[{"id":8786,"href":"https:\/\/www.andersen-slekt.info\/nb_no\/wp-json\/wp\/v2\/pages\/629\/revisions\/8786"}],"up":[{"embeddable":true,"href":"https:\/\/www.andersen-slekt.info\/nb_no\/wp-json\/wp\/v2\/pages\/499"}],"wp:attachment":[{"href":"https:\/\/www.andersen-slekt.info\/nb_no\/wp-json\/wp\/v2\/media?parent=629"}],"curies":[{"name":"wp","href":"https:\/\/api.w.org\/{rel}","templated":true}]}}