{"id":3881,"date":"2015-05-04T11:30:20","date_gmt":"2015-05-04T11:30:20","guid":{"rendered":"https:\/\/ww2.fjeldskaar.com\/?page_id=2"},"modified":"2023-02-22T15:17:30","modified_gmt":"2023-02-22T14:17:30","slug":"sample-page","status":"publish","type":"page","link":"https:\/\/www.andersen-slekt.info\/nb_no\/","title":{"rendered":"Innledning"},"content":{"rendered":"<p style=\"text-align: center;\"><span style=\"color: #f7efd0;\">.<\/span><\/p>\n<p style=\"text-align: center;\"><strong><span style=\"color: #806239; font-size: 30pt; font-family: 'Great Vibes';\">Innledning<\/span><\/strong><\/p>\n<p>&nbsp;<\/p>\n<p><span style=\"font-family: 'book antiqua', palatino; color: #806239; font-size: 13pt;\">Dette er et nettsted med fokus p\u00e5 slektene til <strong><a style=\"color: #806239;\" href=\"http:\/\/www.andersen-slekt.info\/andersen\/matthias\/rudolph\/anna-og-eilif\/\">Anna (f. Thorsen) og Eilif Andersen<\/a><\/strong>, som begge var f\u00f8dt i Larvik. Det meste av slektsinformasjonen kommer fra Anna og Eilifs s\u00f8nn Hans Andersen og utgitt i boken &laquo;Slekten Andersen Larvik&raquo; (1986), som er \u00e5 finne <strong><a style=\"color: #806239;\" href=\"https:\/\/www.nb.no\/items\/URN:NBN:no-nb_digibok_2011062805029\">her<\/a>. <\/strong>Denne informasjonen er organisert og supplert med kunnskap, bilder og dokumenter av Anna og Eilifs barnebarn Willy Fjeldskaar i godt samarbeid med andre av deres barnebarn.\u00a0<\/span><\/p>\n<p style=\"text-align: center;\"><a href=\"https:\/\/www.andersen-slekt.info\/wp-content\/uploads\/2021\/05\/anna_ny.png\"><img loading=\"lazy\" decoding=\"async\" class=\"alignnone wp-image-9467\" src=\"https:\/\/www.andersen-slekt.info\/wp-content\/uploads\/2021\/05\/anna_ny-210x300.png\" alt=\"\" width=\"140\" height=\"200\" srcset=\"https:\/\/www.andersen-slekt.info\/wp-content\/uploads\/2021\/05\/anna_ny-210x300.png 210w, https:\/\/www.andersen-slekt.info\/wp-content\/uploads\/2021\/05\/anna_ny-716x1024.png 716w, https:\/\/www.andersen-slekt.info\/wp-content\/uploads\/2021\/05\/anna_ny-768x1098.png 768w, https:\/\/www.andersen-slekt.info\/wp-content\/uploads\/2021\/05\/anna_ny-1075x1536.png 1075w, https:\/\/www.andersen-slekt.info\/wp-content\/uploads\/2021\/05\/anna_ny-1433x2048.png 1433w, https:\/\/www.andersen-slekt.info\/wp-content\/uploads\/2021\/05\/anna_ny.png 1619w\" sizes=\"auto, (max-width: 140px) 100vw, 140px\" \/><\/a> <a href=\"https:\/\/www.andersen-slekt.info\/wp-content\/uploads\/2021\/05\/eilif_ny.png\"><img loading=\"lazy\" decoding=\"async\" class=\"alignnone wp-image-9468\" src=\"https:\/\/www.andersen-slekt.info\/wp-content\/uploads\/2021\/05\/eilif_ny-217x300.png\" alt=\"\" width=\"144\" height=\"200\" srcset=\"https:\/\/www.andersen-slekt.info\/wp-content\/uploads\/2021\/05\/eilif_ny-217x300.png 217w, https:\/\/www.andersen-slekt.info\/wp-content\/uploads\/2021\/05\/eilif_ny-739x1024.png 739w, https:\/\/www.andersen-slekt.info\/wp-content\/uploads\/2021\/05\/eilif_ny-768x1064.png 768w, https:\/\/www.andersen-slekt.info\/wp-content\/uploads\/2021\/05\/eilif_ny-1109x1536.png 1109w, https:\/\/www.andersen-slekt.info\/wp-content\/uploads\/2021\/05\/eilif_ny-1478x2048.png 1478w, https:\/\/www.andersen-slekt.info\/wp-content\/uploads\/2021\/05\/eilif_ny.png 1637w\" sizes=\"auto, (max-width: 144px) 100vw, 144px\" \/><\/a><\/p>\n<p>&nbsp;<\/p>\n<p><span style=\"color: #806239; font-family: 'book antiqua', palatino; font-size: 13pt;\">Selv om vi kjenner Annas og Eilifs slekter tilbake til 1600-tallet (se oversikt over deres aner lenger ned), s\u00e5 starter denne nettsiden, p\u00e5 Eilifs side, med Pernille Thorsdatter (f. 1829) fra Ringsaker (Hedmark) og Mathias Andersen (f. 1823) fra Erlandsr\u00f6d ved Str\u00f6mstad (Sverige). \u00a0N\u00e5r det gjelder Annas side. starter vi med Helene Olsdatter og Erik Pettersen fra Fredrikstad. Deres datter, Gusta Marie, giftet seg med Hans J\u00f8rgen Thorsen fra Larvik. Anna og Eilifs barnebarn er fascinert av deres oldemor Gusta Marie. Mannen hennes, Hans J\u00f8rgen, var sj\u00f8mann og omkom p\u00e5 sj\u00f8en da de hadde tre sm\u00e5 barn. Det var ikke noe livsforsikring den gangen, men Gusta gikk til fattigvesenet og bad om hjelp, noe hun ikke fikk. Hun begynte som sydame for \u00e5 fors\u00f8rge den lille familien. Da hun s\u00e5 ble pensjonist og fikk alderspensjon gikk hun til kommunen og fortalte dem at hun ikke ville ha pensjonen. N\u00e5r de ikke kunne hjelpe henne n\u00e5r hun virkelig trengte hjelp, s\u00e5 kunne det v\u00e6re det samme med pensjonen.\u00a0<\/span><\/p>\n<p><span style=\"color: #806239; font-size: 13pt; font-family: 'book antiqua', palatino;\">Like viktig som navn og \u00e5rstall, har det v\u00e6rt \u00e5 tenke p\u00e5 at det bak hvert enkelt navn skjuler seg et menneskeliv med gleder og sorger, slit og hverdags-opplevelser. Vi har derfor ogs\u00e5 \u00f8nsket \u00e5 bli kjent med deres hverdag s\u00e5 langt det lar seg gj\u00f8re: hvor og hvordan de bodde, eventuelt emigrerte, hvem de var gift med, hvor mange barn de hadde, hvilket yrke de hadde, og sette dette i en historisk sammenheng. Anna og Eilif ble f\u00f8dt i hhv 1886 og 1887, f\u00e5 \u00e5r etter innf\u00f8ringen av parlamentarisk styresett i Norge. \u00c5ret 1884 blir regnet som et omdreiningspunkt i norsk historie. Da ble Stortinget, og ikke kongen, det viktigste politiske maktsentrumet i landet. I kj\u00f8lvannet av denne utviklingen kom etableringen av de f\u00f8rste norske politiske partiene. I tillegg til lokale\/regionale omstendigheter, opplevde Anna og Eilif flere verdensomspennende kriser, bl. a. to verdenskriger, en influensapandemi og en \u00f8konomisk depresjon, som ogs\u00e5 p\u00e5virket deres levnetsl\u00f8p, i st\u00f8rre eller mindre grad.<\/span><\/p>\n<p><strong>Larvik\u00a0 <a href=\" https:\/\/www.andersen-slekt.info\/anna-og-eilif\/larvik\/\"><img loading=\"lazy\" decoding=\"async\" class=\"alignnone wp-image-10018\" src=\"https:\/\/www.andersen-slekt.info\/wp-content\/uploads\/2022\/12\/kommunev.png\" alt=\"\" width=\"50\" height=\"53\" srcset=\"https:\/\/www.andersen-slekt.info\/wp-content\/uploads\/2022\/12\/kommunev.png 123w, https:\/\/www.andersen-slekt.info\/wp-content\/uploads\/2022\/12\/kommunev-11x12.png 11w\" sizes=\"auto, (max-width: 50px) 100vw, 50px\" \/><\/a><\/strong><\/p>\n<p><span style=\"color: #806239; font-size: 13pt; font-family: 'book antiqua', palatino;\">Larvik var p\u00e5 denne tiden Norges 8. st\u00f8rste by. Men den \u00f8konomisk framgangen i de p\u00e5f\u00f8lgende \u00e5rene f\u00f8rte til nedgang i folketallet innenfor byens trange grenser. Havneutbygging og jernbaneforbindelse i 1880-\u00e5rene til Oslo og Skien virket stimulerende p\u00e5 byens n\u00e6ringsliv, og etter stagnasjonsperioden fikk byen en ny og allsidig industrivekst. Det ble i denne perioden startet en rekke industribedrifter, men f\u00f8rst p\u00e5 begynnelsen av 1900-tallet var det p\u00e5tagelig \u00f8kning i industrien som f\u00f8lge av vekst i skipsfart og fangst. Se mer om Larvik <a href=\"https:\/\/www.andersen-slekt.info\/anna-og-eilif\/larvik\/\"><span style=\"font-size: 14pt;\"><strong>her<\/strong><\/span><\/a>.\u00a0<\/span><\/p>\n<p><span style=\"color: #f7efd0;\">.<\/span><\/p>\n<p style=\"text-align: center;\"><span style=\"color: #f7efd0;\">\u00a0 <a href=\"https:\/\/www.andersen-slekt.info\/wp-content\/uploads\/2021\/02\/output-onlinepngtools-2021-02-06T151704.151.png\"><img loading=\"lazy\" decoding=\"async\" class=\"alignnone wp-image-9258 size-medium\" src=\"https:\/\/www.andersen-slekt.info\/wp-content\/uploads\/2021\/02\/output-onlinepngtools-2021-02-06T151704.151-300x200.png\" alt=\"\" width=\"300\" height=\"200\" srcset=\"https:\/\/www.andersen-slekt.info\/wp-content\/uploads\/2021\/02\/output-onlinepngtools-2021-02-06T151704.151-300x200.png 300w, https:\/\/www.andersen-slekt.info\/wp-content\/uploads\/2021\/02\/output-onlinepngtools-2021-02-06T151704.151-1024x682.png 1024w, https:\/\/www.andersen-slekt.info\/wp-content\/uploads\/2021\/02\/output-onlinepngtools-2021-02-06T151704.151-768x511.png 768w, https:\/\/www.andersen-slekt.info\/wp-content\/uploads\/2021\/02\/output-onlinepngtools-2021-02-06T151704.151-1536x1023.png 1536w, https:\/\/www.andersen-slekt.info\/wp-content\/uploads\/2021\/02\/output-onlinepngtools-2021-02-06T151704.151-2048x1364.png 2048w\" sizes=\"auto, (max-width: 300px) 100vw, 300px\" \/><\/a><a href=\"http:\/\/www.andersen-slekt.info\/wp-content\/uploads\/2021\/01\/annaschart8.png\">\u00a0<\/a><a href=\"https:\/\/www.andersen-slekt.info\/wp-content\/uploads\/2021\/01\/annaschart8.png\"><img loading=\"lazy\" decoding=\"async\" class=\"alignnone wp-image-7980\" src=\"http:\/\/www.andersen-slekt.info\/wp-content\/uploads\/2021\/01\/annaschart8-300x199.png\" alt=\"\" width=\"301\" height=\"200\" srcset=\"https:\/\/www.andersen-slekt.info\/wp-content\/uploads\/2021\/01\/annaschart8-300x199.png 300w, https:\/\/www.andersen-slekt.info\/wp-content\/uploads\/2021\/01\/annaschart8-1024x680.png 1024w, https:\/\/www.andersen-slekt.info\/wp-content\/uploads\/2021\/01\/annaschart8-768x510.png 768w, https:\/\/www.andersen-slekt.info\/wp-content\/uploads\/2021\/01\/annaschart8-1536x1020.png 1536w, https:\/\/www.andersen-slekt.info\/wp-content\/uploads\/2021\/01\/annaschart8-2048x1360.png 2048w\" sizes=\"auto, (max-width: 301px) 100vw, 301px\" \/><\/a><\/span><\/p>\n<p style=\"text-align: center;\"><span style=\"font-family: 'book antiqua', palatino; font-size: 13pt; color: #806239;\">Anene til Anna og Eilif (trykk for \u00e5 se bedre oppl\u00f8sning); design av &laquo;Familysearch&raquo;.<\/span><\/p>\n<p style=\"text-align: center;\"><span style=\"color: #806239;\">.<\/span><\/p>\n<p style=\"text-align: center;\"><span style=\"color: #806239; font-family: 'book antiqua', palatino; font-size: 13pt;\"><strong>Bruk lenkene nedenfor for \u00e5 f\u00f8lge Annas og Eilifs slekter i tekst og bilder<\/strong><\/span><\/p>\n<p style=\"text-align: center;\"><span style=\"color: #f7efd0;\"><strong>.\u00a0<\/strong><\/span><\/p>\n<h2 style=\"text-align: center;\"><span style=\"color: #806239;\"><strong><span style=\"font-size: 28pt;\"><a style=\"color: #806239;\" href=\"http:\/\/www.andersen-slekt.info\/slektene-andersen-thorsen\/andersen\/\"><span style=\"font-family: 'Great Vibes';\">Andersen<\/span><\/a><span style=\"font-family: 'Great Vibes';\">\u00a0 \u00a0 \u00a0 \u00a0 \u00a0 \u00a0 \u00a0 \u00a0 \u00a0 \u00a0 \u00a0 \u00a0 <a style=\"color: #806239;\" href=\"http:\/\/www.andersen-slekt.info\/slektene-andersen-thorsen\/andersen\/thorsen\/\">Thorsen<\/a>\u00a0\u00a0<\/span><\/span><\/strong><\/span><\/h2>\n<p><span style=\"color: #f7efd0;\">.<\/span><\/p>\n<p>&nbsp;<\/p>\n<p style=\"text-align: center;\"><span style=\"color: #808080;\"><span style=\"color: #ccc6c6;\">Nettstedet opprettet 30.12.2020<\/span><br \/>\n<strong><span style=\"font-size: 13pt;\">Siste oppdatering 17.01.2023<\/span><\/strong><\/span><\/p>\n<p style=\"text-align: center;\">Mer informasjon her:<\/p>\n<p style=\"text-align: center;\"><span style=\"color: #993300; font-size: 14pt;\"><strong><a style=\"color: #993300;\" href=\"https:\/\/ww2.fjeldskaar.com\"><span style=\"color: #333300;\">ww2.fjeldskaar.com<\/span><\/a><\/strong><\/span><\/p>\n<p><a href=\"https:\/\/www.andersen-slekt.info\/wp-content\/uploads\/2022\/11\/ting.png\"><img loading=\"lazy\" decoding=\"async\" class=\"aligncenter wp-image-9840\" src=\"https:\/\/www.andersen-slekt.info\/wp-content\/uploads\/2022\/11\/ting-240x300.png\" alt=\"\" width=\"170\" height=\"213\" srcset=\"https:\/\/www.andersen-slekt.info\/wp-content\/uploads\/2022\/11\/ting-240x300.png 240w, https:\/\/www.andersen-slekt.info\/wp-content\/uploads\/2022\/11\/ting-819x1024.png 819w, https:\/\/www.andersen-slekt.info\/wp-content\/uploads\/2022\/11\/ting-768x960.png 768w, https:\/\/www.andersen-slekt.info\/wp-content\/uploads\/2022\/11\/ting-1228x1536.png 1228w, https:\/\/www.andersen-slekt.info\/wp-content\/uploads\/2022\/11\/ting-1638x2048.png 1638w, https:\/\/www.andersen-slekt.info\/wp-content\/uploads\/2022\/11\/ting-10x12.png 10w\" sizes=\"auto, (max-width: 170px) 100vw, 170px\" \/><\/a><\/p>\n<p style=\"text-align: center;\"><strong><em><span style=\"color: #999999;\">Noen av Eilifs bruksgjenstander<\/span><\/em><\/strong><\/p>\n<p><span style=\"color: #f7efd0; font-size: 12pt;\">.<\/span><\/p>\n<div class=\"pdfprnt-buttons pdfprnt-buttons-page pdfprnt-bottom-right\"><a href=\"https:\/\/www.andersen-slekt.info\/nb_no\/wp-json\/wp\/v2\/pages\/3881?print=print\" class=\"pdfprnt-button pdfprnt-button-print\" target=\"_blank\"><img decoding=\"async\" src=\"https:\/\/www.andersen-slekt.info\/wp-content\/plugins\/pdf-print\/images\/print.png\" alt=\"image_print\" title=\"Print Content\" \/><span class=\"pdfprnt-button-title pdfprnt-button-print-title\">print<\/span><\/a><\/div>","protected":false},"excerpt":{"rendered":"<p>. Innledning &nbsp; Dette er et nettsted med fokus p\u00e5 slektene til Anna (f. Thorsen) og Eilif Andersen, som begge var f\u00f8dt i Larvik. Det meste av slektsinformasjonen kommer fra Anna og Eilifs s\u00f8nn Hans Andersen og utgitt i boken &laquo;Slekten Andersen Larvik&raquo; (1986), som er \u00e5 finne her. Denne informasjonen er organisert og supplert [&hellip;]<\/p>\n","protected":false},"author":1,"featured_media":0,"parent":0,"menu_order":0,"comment_status":"closed","ping_status":"closed","template":"","meta":{"footnotes":""},"class_list":["post-3881","page","type-page","status-publish","hentry"],"_links":{"self":[{"href":"https:\/\/www.andersen-slekt.info\/nb_no\/wp-json\/wp\/v2\/pages\/3881","targetHints":{"allow":["GET"]}}],"collection":[{"href":"https:\/\/www.andersen-slekt.info\/nb_no\/wp-json\/wp\/v2\/pages"}],"about":[{"href":"https:\/\/www.andersen-slekt.info\/nb_no\/wp-json\/wp\/v2\/types\/page"}],"author":[{"embeddable":true,"href":"https:\/\/www.andersen-slekt.info\/nb_no\/wp-json\/wp\/v2\/users\/1"}],"replies":[{"embeddable":true,"href":"https:\/\/www.andersen-slekt.info\/nb_no\/wp-json\/wp\/v2\/comments?post=3881"}],"version-history":[{"count":186,"href":"https:\/\/www.andersen-slekt.info\/nb_no\/wp-json\/wp\/v2\/pages\/3881\/revisions"}],"predecessor-version":[{"id":10234,"href":"https:\/\/www.andersen-slekt.info\/nb_no\/wp-json\/wp\/v2\/pages\/3881\/revisions\/10234"}],"wp:attachment":[{"href":"https:\/\/www.andersen-slekt.info\/nb_no\/wp-json\/wp\/v2\/media?parent=3881"}],"curies":[{"name":"wp","href":"https:\/\/api.w.org\/{rel}","templated":true}]}}