{"id":9618,"date":"2022-04-06T12:43:54","date_gmt":"2022-04-06T10:43:54","guid":{"rendered":"https:\/\/www.andersen-slekt.info\/?page_id=9618"},"modified":"2022-04-06T14:45:58","modified_gmt":"2022-04-06T12:45:58","slug":"minner-fra-gamle-dagers-larvik","status":"publish","type":"page","link":"https:\/\/www.andersen-slekt.info\/en\/anna-og-eilif\/minner-fra-gamle-dagers-larvik\/","title":{"rendered":"Minner fra gamle dagers Larvik"},"content":{"rendered":"<p><span style=\"font-size: 12pt;\"><strong>Fra \u00d8stlandsposten 24. mars 1965<\/strong><\/span><\/p>\n<p><img loading=\"lazy\" decoding=\"async\" class=\"wp-image-9621 aligncenter\" src=\"https:\/\/www.andersen-slekt.info\/wp-content\/uploads\/2022\/04\/OP2403_1965-300x91.png\" alt=\"\" width=\"636\" height=\"193\" srcset=\"https:\/\/www.andersen-slekt.info\/wp-content\/uploads\/2022\/04\/OP2403_1965-300x91.png 300w, https:\/\/www.andersen-slekt.info\/wp-content\/uploads\/2022\/04\/OP2403_1965-1024x309.png 1024w, https:\/\/www.andersen-slekt.info\/wp-content\/uploads\/2022\/04\/OP2403_1965-768x232.png 768w, https:\/\/www.andersen-slekt.info\/wp-content\/uploads\/2022\/04\/OP2403_1965-18x5.png 18w, https:\/\/www.andersen-slekt.info\/wp-content\/uploads\/2022\/04\/OP2403_1965.png 1113w\" sizes=\"auto, (max-width: 636px) 100vw, 636px\" \/><\/p>\n<p><strong>side 1 (trykk for \u00e5 se st\u00f8rre bilde)<\/strong><\/p>\n<p><a href=\"https:\/\/www.andersen-slekt.info\/wp-content\/uploads\/2022\/04\/op-1.png\"><img loading=\"lazy\" decoding=\"async\" class=\"aligncenter wp-image-9646\" src=\"https:\/\/www.andersen-slekt.info\/wp-content\/uploads\/2022\/04\/op-1-300x204.png\" alt=\"\" width=\"700\" height=\"476\" srcset=\"https:\/\/www.andersen-slekt.info\/wp-content\/uploads\/2022\/04\/op-1-300x204.png 300w, https:\/\/www.andersen-slekt.info\/wp-content\/uploads\/2022\/04\/op-1-1024x696.png 1024w, https:\/\/www.andersen-slekt.info\/wp-content\/uploads\/2022\/04\/op-1-768x522.png 768w, https:\/\/www.andersen-slekt.info\/wp-content\/uploads\/2022\/04\/op-1-1536x1044.png 1536w, https:\/\/www.andersen-slekt.info\/wp-content\/uploads\/2022\/04\/op-1-2048x1392.png 2048w, https:\/\/www.andersen-slekt.info\/wp-content\/uploads\/2022\/04\/op-1-18x12.png 18w\" sizes=\"auto, (max-width: 700px) 100vw, 700px\" \/><\/a><\/p>\n<p>&nbsp;<\/p>\n<p><strong>side 2<\/strong><\/p>\n<p><a href=\"https:\/\/www.andersen-slekt.info\/wp-content\/uploads\/2022\/04\/opb-1.png\"><img loading=\"lazy\" decoding=\"async\" class=\"wp-image-9647 aligncenter\" src=\"https:\/\/www.andersen-slekt.info\/wp-content\/uploads\/2022\/04\/opb-1-300x197.png\" alt=\"\" width=\"700\" height=\"459\" srcset=\"https:\/\/www.andersen-slekt.info\/wp-content\/uploads\/2022\/04\/opb-1-300x197.png 300w, https:\/\/www.andersen-slekt.info\/wp-content\/uploads\/2022\/04\/opb-1-1024x671.png 1024w, https:\/\/www.andersen-slekt.info\/wp-content\/uploads\/2022\/04\/opb-1-768x503.png 768w, https:\/\/www.andersen-slekt.info\/wp-content\/uploads\/2022\/04\/opb-1-1536x1007.png 1536w, https:\/\/www.andersen-slekt.info\/wp-content\/uploads\/2022\/04\/opb-1-2048x1343.png 2048w, https:\/\/www.andersen-slekt.info\/wp-content\/uploads\/2022\/04\/opb-1-18x12.png 18w\" sizes=\"auto, (max-width: 700px) 100vw, 700px\" \/><\/a><\/p>\n<p>&nbsp;<\/p>\n<p><strong>side 3<\/strong><\/p>\n<p style=\"text-align: center;\"><a href=\"https:\/\/www.andersen-slekt.info\/wp-content\/uploads\/2022\/04\/opc-1.png\"><img loading=\"lazy\" decoding=\"async\" class=\"alignnone wp-image-9648\" src=\"https:\/\/www.andersen-slekt.info\/wp-content\/uploads\/2022\/04\/opc-1-300x239.png\" alt=\"\" width=\"700\" height=\"558\" srcset=\"https:\/\/www.andersen-slekt.info\/wp-content\/uploads\/2022\/04\/opc-1-300x239.png 300w, https:\/\/www.andersen-slekt.info\/wp-content\/uploads\/2022\/04\/opc-1-1024x816.png 1024w, https:\/\/www.andersen-slekt.info\/wp-content\/uploads\/2022\/04\/opc-1-768x612.png 768w, https:\/\/www.andersen-slekt.info\/wp-content\/uploads\/2022\/04\/opc-1-1536x1224.png 1536w, https:\/\/www.andersen-slekt.info\/wp-content\/uploads\/2022\/04\/opc-1-2048x1632.png 2048w, https:\/\/www.andersen-slekt.info\/wp-content\/uploads\/2022\/04\/opc-1-15x12.png 15w\" sizes=\"auto, (max-width: 700px) 100vw, 700px\" \/><\/a><\/p>\n<p>&nbsp;<\/p>\n<p>&nbsp;<\/p>\n<p>&nbsp;<\/p>\n<p>&nbsp;<\/p>\n<div class=\"pdfprnt-buttons pdfprnt-buttons-page pdfprnt-bottom-right\"><a href=\"https:\/\/www.andersen-slekt.info\/en\/wp-json\/wp\/v2\/pages\/9618?print=print\" class=\"pdfprnt-button pdfprnt-button-print\" target=\"_blank\"><img decoding=\"async\" src=\"https:\/\/www.andersen-slekt.info\/wp-content\/plugins\/pdf-print\/images\/print.png\" alt=\"image_print\" title=\"Print Content\" \/><span class=\"pdfprnt-button-title pdfprnt-button-print-title\">print<\/span><\/a><\/div>","protected":false},"excerpt":{"rendered":"<p>Fra \u00d8stlandsposten 24. mars 1965 side 1 (trykk for \u00e5 se st\u00f8rre bilde) &nbsp; side 2 &nbsp; side 3 &nbsp; &nbsp; &nbsp; &nbsp; print<\/p>","protected":false},"author":1,"featured_media":0,"parent":499,"menu_order":0,"comment_status":"closed","ping_status":"closed","template":"no_sidebar.php","meta":{"footnotes":""},"class_list":["post-9618","page","type-page","status-publish","hentry"],"_links":{"self":[{"href":"https:\/\/www.andersen-slekt.info\/en\/wp-json\/wp\/v2\/pages\/9618","targetHints":{"allow":["GET"]}}],"collection":[{"href":"https:\/\/www.andersen-slekt.info\/en\/wp-json\/wp\/v2\/pages"}],"about":[{"href":"https:\/\/www.andersen-slekt.info\/en\/wp-json\/wp\/v2\/types\/page"}],"author":[{"embeddable":true,"href":"https:\/\/www.andersen-slekt.info\/en\/wp-json\/wp\/v2\/users\/1"}],"replies":[{"embeddable":true,"href":"https:\/\/www.andersen-slekt.info\/en\/wp-json\/wp\/v2\/comments?post=9618"}],"version-history":[{"count":17,"href":"https:\/\/www.andersen-slekt.info\/en\/wp-json\/wp\/v2\/pages\/9618\/revisions"}],"predecessor-version":[{"id":9655,"href":"https:\/\/www.andersen-slekt.info\/en\/wp-json\/wp\/v2\/pages\/9618\/revisions\/9655"}],"up":[{"embeddable":true,"href":"https:\/\/www.andersen-slekt.info\/en\/wp-json\/wp\/v2\/pages\/499"}],"wp:attachment":[{"href":"https:\/\/www.andersen-slekt.info\/en\/wp-json\/wp\/v2\/media?parent=9618"}],"curies":[{"name":"wp","href":"https:\/\/api.w.org\/{rel}","templated":true}]}}