{"id":7828,"date":"2020-12-30T12:03:37","date_gmt":"2020-12-30T11:03:37","guid":{"rendered":"http:\/\/www.andersen-slekt.info\/?page_id=7828"},"modified":"2022-03-12T10:01:50","modified_gmt":"2022-03-12T09:01:50","slug":"jenny-2","status":"publish","type":"page","link":"http:\/\/www.andersen-slekt.info\/nb_no\/anna-og-eilif\/jenny-2\/","title":{"rendered":"Jenny"},"content":{"rendered":"<h2 style=\"text-align: center;\"><span style=\"color: #806239; font-size: 30pt; font-family: 'Great Vibes';\">Jenny Barth-Nilsen (f. Andersen)<\/span><\/h2>\n<p style=\"text-align: center;\"><span style=\"font-size: 14pt; color: #806239;\"><strong>29.10.1910 &#8211; 15.02.1998<\/strong><\/span><\/p>\n<p><span style=\"color: #f7efd0;\">.<\/span><\/p>\n<p style=\"text-align: center;\"><a href=\"http:\/\/www.andersen-slekt.info\/wp-content\/uploads\/2021\/01\/jennychart.png\"><img loading=\"lazy\" decoding=\"async\" class=\"alignnone wp-image-8312\" src=\"http:\/\/www.andersen-slekt.info\/wp-content\/uploads\/2021\/01\/jennychart-300x201.png\" alt=\"\" width=\"600\" height=\"403\" srcset=\"https:\/\/www.andersen-slekt.info\/wp-content\/uploads\/2021\/01\/jennychart-300x201.png 300w, https:\/\/www.andersen-slekt.info\/wp-content\/uploads\/2021\/01\/jennychart-1024x687.png 1024w, https:\/\/www.andersen-slekt.info\/wp-content\/uploads\/2021\/01\/jennychart-768x515.png 768w, https:\/\/www.andersen-slekt.info\/wp-content\/uploads\/2021\/01\/jennychart-1536x1031.png 1536w, https:\/\/www.andersen-slekt.info\/wp-content\/uploads\/2021\/01\/jennychart-2048x1374.png 2048w\" sizes=\"auto, (max-width: 600px) 100vw, 600px\" \/><\/a><\/p>\n<p><span style=\"color: #f7efd0;\">.<\/span><\/p>\n<p><a href=\" https:\/\/www.andersen-slekt.info\/andersen\/matthias\/rudolph\/anna-og-eilif\/jenny-2\/jennys-album\/\"><img loading=\"lazy\" decoding=\"async\" class=\"aligncenter wp-image-9366 size-medium\" src=\"https:\/\/www.andersen-slekt.info\/wp-content\/uploads\/2021\/03\/album-1-300x150.png\" alt=\"\" width=\"300\" height=\"150\" srcset=\"https:\/\/www.andersen-slekt.info\/wp-content\/uploads\/2021\/03\/album-1-300x150.png 300w, https:\/\/www.andersen-slekt.info\/wp-content\/uploads\/2021\/03\/album-1.png 600w\" sizes=\"auto, (max-width: 300px) 100vw, 300px\" \/><\/a><\/p>\n<p><span style=\"color: #f7efd0;\">.<\/span><\/p>\n<p><span style=\"color: #f7efd0;\">.<\/span><\/p>\n<p><img loading=\"lazy\" decoding=\"async\" class=\"aligncenter wp-image-8919\" src=\"http:\/\/www.andersen-slekt.info\/wp-content\/uploads\/2021\/01\/IMG_0048-300x221.jpg\" alt=\"\" width=\"600\" height=\"441\" srcset=\"https:\/\/www.andersen-slekt.info\/wp-content\/uploads\/2021\/01\/IMG_0048-300x221.jpg 300w, https:\/\/www.andersen-slekt.info\/wp-content\/uploads\/2021\/01\/IMG_0048-1024x753.jpg 1024w, https:\/\/www.andersen-slekt.info\/wp-content\/uploads\/2021\/01\/IMG_0048-768x565.jpg 768w, https:\/\/www.andersen-slekt.info\/wp-content\/uploads\/2021\/01\/IMG_0048.jpg 1376w\" sizes=\"auto, (max-width: 600px) 100vw, 600px\" \/><\/p>\n<p style=\"text-align: center;\"><em>Jenny og Paulus. Trykk p\u00e5 bildet for \u00e5 se stor st\u00f8rrelse.<\/em><\/p>\n<p><span style=\"font-size: 13pt;\">Jenny (f. 29\/10-1910) jobbet i familiens matvarebutikk i Griffenfeldtsgate fra hun var ung, sammen med moren Anna og s\u00f8steren Ingjerd. Butikken ble solgt i 1948, og Jenny jobbet deretter, sammen med sine br\u00f8dre Egil og Erling, i Larvik Varme og Sanit\u00e6r.<\/span><\/p>\n<p><span style=\"font-size: 14pt;\">Jenny giftet seg med Paulus Barth-Nilsen (f. 25\/12.1898) 4. august 1942. De fikk ingen barn. Paulus d\u00f8de i 1979.\u00a0<\/span><\/p>\n<p><span style=\"font-size: 13pt;\">Paulus ble i 1954 tildelt medaljen avbildet nedenfor.<\/span><\/p>\n<p><img loading=\"lazy\" decoding=\"async\" class=\"size-medium wp-image-9608 aligncenter\" src=\"https:\/\/www.andersen-slekt.info\/wp-content\/uploads\/2022\/03\/medalje-225x300.jpg\" alt=\"\" width=\"225\" height=\"300\" srcset=\"https:\/\/www.andersen-slekt.info\/wp-content\/uploads\/2022\/03\/medalje-225x300.jpg 225w, https:\/\/www.andersen-slekt.info\/wp-content\/uploads\/2022\/03\/medalje-768x1024.jpg 768w, https:\/\/www.andersen-slekt.info\/wp-content\/uploads\/2022\/03\/medalje-1152x1536.jpg 1152w, https:\/\/www.andersen-slekt.info\/wp-content\/uploads\/2022\/03\/medalje-1536x2048.jpg 1536w, https:\/\/www.andersen-slekt.info\/wp-content\/uploads\/2022\/03\/medalje-9x12.jpg 9w, https:\/\/www.andersen-slekt.info\/wp-content\/uploads\/2022\/03\/medalje-scaled.jpg 1920w\" sizes=\"auto, (max-width: 225px) 100vw, 225px\" \/><\/p>\n<p><span style=\"font-size: 13pt;\">Det er en av de mest utbredte medaljer i Norge &#8211; Det Kongelige Selskap for Norges Vels Medalje for lang og tro tjeneste. P\u00e5 framsiden er det en kvinne (gudinnen Nike) som strekker fram en laurb\u00e6rkrans som bel\u00f8nning for &laquo;innsats og oppofrelse&raquo;. Slike medaljer ble tidligere tildelt arbeidere med minst 40 \u00e5rs ansettelse i samme bedrift. Dette er det historisk sus over; n\u00e5 er det uhyre sjeldent at folk jobber s\u00e5 lenge i samme firma. P\u00e5 medaljens (fysiske) bakside st\u00e5r det &laquo;Pauls B. Nielsen. 1954&raquo;. Det er alts\u00e5 Paulus som fikk denne medaljen for lang og tro tjeneste for sitt arbeid p\u00e5 Treschow Fritz\u00f8es trelastlager. Han fikk medaljen da han var 56 \u00e5r; begynte alts\u00e5 hos Treschow da han var 16 \u00e5r &#8211; rett etter konfirmasjonen.\u00a0\u00a0<\/span><\/p>\n<h2 style=\"text-align: center;\"><\/h2>\n<p style=\"text-align: center;\"><img loading=\"lazy\" decoding=\"async\" class=\"alignnone wp-image-8918 size-full\" src=\"http:\/\/www.andersen-slekt.info\/wp-content\/uploads\/2021\/01\/IMG_0026.jpg\" alt=\"\" width=\"634\" height=\"1172\" srcset=\"https:\/\/www.andersen-slekt.info\/wp-content\/uploads\/2021\/01\/IMG_0026.jpg 634w, https:\/\/www.andersen-slekt.info\/wp-content\/uploads\/2021\/01\/IMG_0026-162x300.jpg 162w, https:\/\/www.andersen-slekt.info\/wp-content\/uploads\/2021\/01\/IMG_0026-554x1024.jpg 554w\" sizes=\"auto, (max-width: 634px) 100vw, 634px\" \/><br \/>\n<em>Tre generasjoner: Gusta Marie, Anna og Jenny<\/em><\/p>\n<p style=\"text-align: center;\"><a href=\"http:\/\/www.andersen-slekt.info\/wp-content\/uploads\/2021\/01\/jenny-1.jpg\"><img loading=\"lazy\" decoding=\"async\" class=\"alignnone wp-image-8917\" src=\"http:\/\/www.andersen-slekt.info\/wp-content\/uploads\/2021\/01\/jenny-1-300x179.jpg\" alt=\"\" width=\"600\" height=\"358\" srcset=\"https:\/\/www.andersen-slekt.info\/wp-content\/uploads\/2021\/01\/jenny-1-300x179.jpg 300w, https:\/\/www.andersen-slekt.info\/wp-content\/uploads\/2021\/01\/jenny-1-768x459.jpg 768w, https:\/\/www.andersen-slekt.info\/wp-content\/uploads\/2021\/01\/jenny-1.jpg 819w\" sizes=\"auto, (max-width: 600px) 100vw, 600px\" \/><\/a><br \/>\n<em>Jenny og Paules gifter seg med Ingjerd og Paulus sin bror som forlovere.<\/em><\/p>\n<p style=\"text-align: center;\"><a href=\"http:\/\/www.andersen-slekt.info\/wp-content\/uploads\/2021\/01\/griffenfeldtsgt-e1470864548874.jpg\"><img loading=\"lazy\" decoding=\"async\" class=\"alignnone wp-image-8916\" src=\"http:\/\/www.andersen-slekt.info\/wp-content\/uploads\/2021\/01\/griffenfeldtsgt-e1470864548874-300x204.jpg\" alt=\"\" width=\"550\" height=\"374\" srcset=\"https:\/\/www.andersen-slekt.info\/wp-content\/uploads\/2021\/01\/griffenfeldtsgt-e1470864548874-300x204.jpg 300w, https:\/\/www.andersen-slekt.info\/wp-content\/uploads\/2021\/01\/griffenfeldtsgt-e1470864548874.jpg 700w\" sizes=\"auto, (max-width: 550px) 100vw, 550px\" \/><\/a><\/p>\n<p style=\"text-align: center;\">Jenny og Paulus i hagen i Griffenfeldtsgate 18, sammen med Ingjerd, Eilif og Anna<\/p>\n<p style=\"text-align: center;\"><img loading=\"lazy\" decoding=\"async\" class=\"alignnone wp-image-8915\" src=\"http:\/\/www.andersen-slekt.info\/wp-content\/uploads\/2021\/01\/File0031-300x221.jpg\" alt=\"\" width=\"400\" height=\"295\" srcset=\"https:\/\/www.andersen-slekt.info\/wp-content\/uploads\/2021\/01\/File0031-300x221.jpg 300w, https:\/\/www.andersen-slekt.info\/wp-content\/uploads\/2021\/01\/File0031-1024x756.jpg 1024w, https:\/\/www.andersen-slekt.info\/wp-content\/uploads\/2021\/01\/File0031-768x567.jpg 768w, https:\/\/www.andersen-slekt.info\/wp-content\/uploads\/2021\/01\/File0031.jpg 1138w\" sizes=\"auto, (max-width: 400px) 100vw, 400px\" \/><\/p>\n<p style=\"text-align: center;\">Jul i Nansetveien. Bak: Paulus (Jennys mann), Eilif og Anna.<br \/>\nForan: Jenny, Ingjerd og Willy<\/p>\n<p style=\"text-align: center;\"><img loading=\"lazy\" decoding=\"async\" class=\"alignnone wp-image-8914 size-full\" src=\"http:\/\/www.andersen-slekt.info\/wp-content\/uploads\/2021\/01\/Jenny1_11.jpg\" alt=\"\" width=\"310\" height=\"499\" srcset=\"https:\/\/www.andersen-slekt.info\/wp-content\/uploads\/2021\/01\/Jenny1_11.jpg 310w, https:\/\/www.andersen-slekt.info\/wp-content\/uploads\/2021\/01\/Jenny1_11-186x300.jpg 186w\" sizes=\"auto, (max-width: 310px) 100vw, 310px\" \/> <img loading=\"lazy\" decoding=\"async\" class=\"alignnone wp-image-8913 size-full\" src=\"http:\/\/www.andersen-slekt.info\/wp-content\/uploads\/2021\/01\/Jenny2_1.jpg\" alt=\"\" width=\"310\" height=\"316\" srcset=\"https:\/\/www.andersen-slekt.info\/wp-content\/uploads\/2021\/01\/Jenny2_1.jpg 310w, https:\/\/www.andersen-slekt.info\/wp-content\/uploads\/2021\/01\/Jenny2_1-294x300.jpg 294w\" sizes=\"auto, (max-width: 310px) 100vw, 310px\" \/><\/p>\n<p style=\"text-align: center;\"><img loading=\"lazy\" decoding=\"async\" class=\"alignnone wp-image-8912 size-full\" src=\"http:\/\/www.andersen-slekt.info\/wp-content\/uploads\/2021\/01\/bilde65b_1.jpg\" alt=\"\" width=\"500\" height=\"296\" srcset=\"https:\/\/www.andersen-slekt.info\/wp-content\/uploads\/2021\/01\/bilde65b_1.jpg 500w, https:\/\/www.andersen-slekt.info\/wp-content\/uploads\/2021\/01\/bilde65b_1-300x178.jpg 300w\" sizes=\"auto, (max-width: 500px) 100vw, 500px\" \/><\/p>\n<p style=\"text-align: center;\"><a href=\"http:\/\/www.andersen-slekt.info\/wp-content\/uploads\/2021\/01\/jenny2.jpg\"><img loading=\"lazy\" decoding=\"async\" class=\"alignnone wp-image-8911\" src=\"http:\/\/www.andersen-slekt.info\/wp-content\/uploads\/2021\/01\/jenny2-239x300.jpg\" alt=\"\" width=\"450\" height=\"566\" srcset=\"https:\/\/www.andersen-slekt.info\/wp-content\/uploads\/2021\/01\/jenny2-239x300.jpg 239w, https:\/\/www.andersen-slekt.info\/wp-content\/uploads\/2021\/01\/jenny2-814x1024.jpg 814w, https:\/\/www.andersen-slekt.info\/wp-content\/uploads\/2021\/01\/jenny2-768x966.jpg 768w, https:\/\/www.andersen-slekt.info\/wp-content\/uploads\/2021\/01\/jenny2.jpg 1021w\" sizes=\"auto, (max-width: 450px) 100vw, 450px\" \/><\/a><\/p>\n<p style=\"text-align: center;\"><img loading=\"lazy\" decoding=\"async\" class=\"alignnone wp-image-8910 size-full\" src=\"http:\/\/www.andersen-slekt.info\/wp-content\/uploads\/2021\/01\/File0002b_16.jpg\" alt=\"\" width=\"400\" height=\"242\" srcset=\"https:\/\/www.andersen-slekt.info\/wp-content\/uploads\/2021\/01\/File0002b_16.jpg 400w, https:\/\/www.andersen-slekt.info\/wp-content\/uploads\/2021\/01\/File0002b_16-300x182.jpg 300w\" sizes=\"auto, (max-width: 400px) 100vw, 400px\" \/><\/p>\n<p style=\"text-align: center;\">Paulus Barth-Nilsen<\/p>\n<p style=\"text-align: center;\"><img loading=\"lazy\" decoding=\"async\" class=\"alignnone wp-image-8909 size-full\" src=\"http:\/\/www.andersen-slekt.info\/wp-content\/uploads\/2021\/01\/File0001_21.jpg\" alt=\"\" width=\"500\" height=\"257\" srcset=\"https:\/\/www.andersen-slekt.info\/wp-content\/uploads\/2021\/01\/File0001_21.jpg 500w, https:\/\/www.andersen-slekt.info\/wp-content\/uploads\/2021\/01\/File0001_21-300x154.jpg 300w\" sizes=\"auto, (max-width: 500px) 100vw, 500px\" \/><\/p>\n<p style=\"text-align: center;\">Fra \u00d8stlandsPosten 7\/3-96<\/p>\n<p style=\"text-align: center;\"><img loading=\"lazy\" decoding=\"async\" class=\"alignnone wp-image-8908 size-full\" src=\"http:\/\/www.andersen-slekt.info\/wp-content\/uploads\/2021\/01\/jennyogpaulusCC.jpg\" alt=\"\" width=\"458\" height=\"634\" srcset=\"https:\/\/www.andersen-slekt.info\/wp-content\/uploads\/2021\/01\/jennyogpaulusCC.jpg 458w, https:\/\/www.andersen-slekt.info\/wp-content\/uploads\/2021\/01\/jennyogpaulusCC-217x300.jpg 217w\" sizes=\"auto, (max-width: 458px) 100vw, 458px\" \/><\/p>\n<p style=\"text-align: center;\"><a href=\"http:\/\/www.andersen-slekt.info\/wp-content\/uploads\/2021\/01\/jennyB.jpg\"><img loading=\"lazy\" decoding=\"async\" class=\"alignnone wp-image-8907\" src=\"http:\/\/www.andersen-slekt.info\/wp-content\/uploads\/2021\/01\/jennyB-215x300.jpg\" alt=\"\" width=\"450\" height=\"629\" srcset=\"https:\/\/www.andersen-slekt.info\/wp-content\/uploads\/2021\/01\/jennyB-215x300.jpg 215w, https:\/\/www.andersen-slekt.info\/wp-content\/uploads\/2021\/01\/jennyB-733x1024.jpg 733w, https:\/\/www.andersen-slekt.info\/wp-content\/uploads\/2021\/01\/jennyB-768x1073.jpg 768w, https:\/\/www.andersen-slekt.info\/wp-content\/uploads\/2021\/01\/jennyB.jpg 836w\" sizes=\"auto, (max-width: 450px) 100vw, 450px\" \/><\/a><\/p>\n<p style=\"text-align: center;\"><img loading=\"lazy\" decoding=\"async\" class=\"alignnone wp-image-8906\" src=\"http:\/\/www.andersen-slekt.info\/wp-content\/uploads\/2021\/01\/IMG_0008-300x201-1.jpg\" alt=\"\" width=\"417\" height=\"279\" \/><\/p>\n<p style=\"text-align: center;\"><img loading=\"lazy\" decoding=\"async\" class=\"alignnone wp-image-8905 size-full\" src=\"http:\/\/www.andersen-slekt.info\/wp-content\/uploads\/2021\/01\/Jenny-e1470864924456.jpg\" alt=\"\" width=\"502\" height=\"743\" srcset=\"https:\/\/www.andersen-slekt.info\/wp-content\/uploads\/2021\/01\/Jenny-e1470864924456.jpg 502w, https:\/\/www.andersen-slekt.info\/wp-content\/uploads\/2021\/01\/Jenny-e1470864924456-203x300.jpg 203w\" sizes=\"auto, (max-width: 502px) 100vw, 502px\" \/><\/p>\n<p style=\"text-align: center;\"><a href=\"http:\/\/www.andersen-slekt.info\/wp-content\/uploads\/2021\/01\/gmlKongevei18.png\"><img loading=\"lazy\" decoding=\"async\" class=\"alignnone wp-image-8904\" src=\"http:\/\/www.andersen-slekt.info\/wp-content\/uploads\/2021\/01\/gmlKongevei18-300x98.png\" alt=\"\" width=\"700\" height=\"229\" srcset=\"https:\/\/www.andersen-slekt.info\/wp-content\/uploads\/2021\/01\/gmlKongevei18-300x98.png 300w, https:\/\/www.andersen-slekt.info\/wp-content\/uploads\/2021\/01\/gmlKongevei18-1024x334.png 1024w, https:\/\/www.andersen-slekt.info\/wp-content\/uploads\/2021\/01\/gmlKongevei18-768x251.png 768w, https:\/\/www.andersen-slekt.info\/wp-content\/uploads\/2021\/01\/gmlKongevei18.png 1096w\" sizes=\"auto, (max-width: 700px) 100vw, 700px\" \/><\/a><\/p>\n<p style=\"text-align: center;\"><img loading=\"lazy\" decoding=\"async\" class=\"alignnone wp-image-8903\" src=\"http:\/\/www.andersen-slekt.info\/wp-content\/uploads\/2021\/01\/paulus-131x300.jpg\" alt=\"\" width=\"300\" height=\"688\" srcset=\"https:\/\/www.andersen-slekt.info\/wp-content\/uploads\/2021\/01\/paulus-131x300.jpg 131w, https:\/\/www.andersen-slekt.info\/wp-content\/uploads\/2021\/01\/paulus-446x1024.jpg 446w, https:\/\/www.andersen-slekt.info\/wp-content\/uploads\/2021\/01\/paulus.jpg 610w\" sizes=\"auto, (max-width: 300px) 100vw, 300px\" \/><\/p>\n<div class=\"pdfprnt-buttons pdfprnt-buttons-page pdfprnt-bottom-right\"><a href=\"http:\/\/www.andersen-slekt.info\/nb_no\/wp-json\/wp\/v2\/pages\/7828?print=print\" class=\"pdfprnt-button pdfprnt-button-print\" target=\"_blank\"><img decoding=\"async\" src=\"https:\/\/www.andersen-slekt.info\/wp-content\/plugins\/pdf-print\/images\/print.png\" alt=\"image_print\" title=\"Print Content\" \/><span class=\"pdfprnt-button-title pdfprnt-button-print-title\">print<\/span><\/a><\/div>","protected":false},"excerpt":{"rendered":"<p>Jenny Barth-Nilsen (f. Andersen) 29.10.1910 &#8211; 15.02.1998 . . . . Jenny og Paulus. Trykk p\u00e5 bildet for \u00e5 se stor st\u00f8rrelse. Jenny (f. 29\/10-1910) jobbet i familiens matvarebutikk i Griffenfeldtsgate fra hun var ung, sammen med moren Anna og s\u00f8steren Ingjerd. Butikken ble solgt i 1948, og Jenny jobbet deretter, sammen med sine br\u00f8dre [&hellip;]<\/p>\n","protected":false},"author":1,"featured_media":0,"parent":499,"menu_order":0,"comment_status":"closed","ping_status":"closed","template":"no_sidebar.php","meta":{"footnotes":""},"class_list":["post-7828","page","type-page","status-publish","hentry"],"_links":{"self":[{"href":"http:\/\/www.andersen-slekt.info\/nb_no\/wp-json\/wp\/v2\/pages\/7828","targetHints":{"allow":["GET"]}}],"collection":[{"href":"http:\/\/www.andersen-slekt.info\/nb_no\/wp-json\/wp\/v2\/pages"}],"about":[{"href":"http:\/\/www.andersen-slekt.info\/nb_no\/wp-json\/wp\/v2\/types\/page"}],"author":[{"embeddable":true,"href":"http:\/\/www.andersen-slekt.info\/nb_no\/wp-json\/wp\/v2\/users\/1"}],"replies":[{"embeddable":true,"href":"http:\/\/www.andersen-slekt.info\/nb_no\/wp-json\/wp\/v2\/comments?post=7828"}],"version-history":[{"count":22,"href":"http:\/\/www.andersen-slekt.info\/nb_no\/wp-json\/wp\/v2\/pages\/7828\/revisions"}],"predecessor-version":[{"id":9613,"href":"http:\/\/www.andersen-slekt.info\/nb_no\/wp-json\/wp\/v2\/pages\/7828\/revisions\/9613"}],"up":[{"embeddable":true,"href":"http:\/\/www.andersen-slekt.info\/nb_no\/wp-json\/wp\/v2\/pages\/499"}],"wp:attachment":[{"href":"http:\/\/www.andersen-slekt.info\/nb_no\/wp-json\/wp\/v2\/media?parent=7828"}],"curies":[{"name":"wp","href":"https:\/\/api.w.org\/{rel}","templated":true}]}}