{"id":507,"date":"2015-05-12T16:38:17","date_gmt":"2015-05-12T16:38:17","guid":{"rendered":"https:\/\/ww2.fjeldskaar.com\/?page_id=507"},"modified":"2023-01-17T17:39:55","modified_gmt":"2023-01-17T16:39:55","slug":"ingjerd","status":"publish","type":"page","link":"http:\/\/www.andersen-slekt.info\/nb_no\/anna-og-eilif\/ingjerd\/","title":{"rendered":"Ingjerd"},"content":{"rendered":"<h1 style=\"text-align: center;\"><span style=\"color: #806239; font-size: 30pt; font-family: 'Great Vibes';\">Ingjerd Fjeldskaar (f. Andersen)<\/span><\/h1>\n<p style=\"text-align: center;\"><span style=\"color: #806239;\"><strong><span style=\"font-size: 14pt;\">03.04.1917 &#8211; 13.02.2009<\/span><\/strong><\/span><\/p>\n<p><span style=\"color: #f7efd0;\">.<\/span><\/p>\n<p style=\"text-align: center;\"><a href=\"http:\/\/www.andersen-slekt.info\/wp-content\/uploads\/2021\/01\/ingjerdchart-1.png\"><img loading=\"lazy\" decoding=\"async\" class=\"alignnone wp-image-8353\" src=\"http:\/\/www.andersen-slekt.info\/wp-content\/uploads\/2021\/01\/ingjerdchart-1-281x300.png\" alt=\"\" width=\"500\" height=\"533\" srcset=\"https:\/\/www.andersen-slekt.info\/wp-content\/uploads\/2021\/01\/ingjerdchart-1-281x300.png 281w, https:\/\/www.andersen-slekt.info\/wp-content\/uploads\/2021\/01\/ingjerdchart-1-960x1024.png 960w, https:\/\/www.andersen-slekt.info\/wp-content\/uploads\/2021\/01\/ingjerdchart-1-768x819.png 768w, https:\/\/www.andersen-slekt.info\/wp-content\/uploads\/2021\/01\/ingjerdchart-1-1440x1536.png 1440w, https:\/\/www.andersen-slekt.info\/wp-content\/uploads\/2021\/01\/ingjerdchart-1-1920x2048.png 1920w\" sizes=\"auto, (max-width: 500px) 100vw, 500px\" \/><\/a><\/p>\n<p><span style=\"color: #f7efd0;\">.<\/span><\/p>\n<p><a href=\"https:\/\/www.andersen-slekt.info\/ingjerds-album\/\"><img loading=\"lazy\" decoding=\"async\" class=\"aligncenter wp-image-9366 size-medium\" src=\"https:\/\/www.andersen-slekt.info\/wp-content\/uploads\/2021\/03\/album-1-300x150.png\" alt=\"\" width=\"300\" height=\"150\" srcset=\"https:\/\/www.andersen-slekt.info\/wp-content\/uploads\/2021\/03\/album-1-300x150.png 300w, https:\/\/www.andersen-slekt.info\/wp-content\/uploads\/2021\/03\/album-1.png 600w\" sizes=\"auto, (max-width: 300px) 100vw, 300px\" \/><\/a><\/p>\n<p><span style=\"color: #f7efd0;\">.<\/span><\/p>\n<p><span style=\"color: #f7efd0;\">.<\/span><\/p>\n<p><a href=\"https:\/\/www.andersen-slekt.info\/wp-content\/uploads\/2021\/05\/Remini20210516092513012-scaled.jpg\"><img loading=\"lazy\" decoding=\"async\" class=\"aligncenter wp-image-9482\" src=\"https:\/\/www.andersen-slekt.info\/wp-content\/uploads\/2021\/05\/Remini20210516092513012-206x300.jpg\" alt=\"\" width=\"406\" height=\"592\" srcset=\"https:\/\/www.andersen-slekt.info\/wp-content\/uploads\/2021\/05\/Remini20210516092513012-206x300.jpg 206w, https:\/\/www.andersen-slekt.info\/wp-content\/uploads\/2021\/05\/Remini20210516092513012-703x1024.jpg 703w, https:\/\/www.andersen-slekt.info\/wp-content\/uploads\/2021\/05\/Remini20210516092513012-768x1119.jpg 768w, https:\/\/www.andersen-slekt.info\/wp-content\/uploads\/2021\/05\/Remini20210516092513012-1054x1536.jpg 1054w, https:\/\/www.andersen-slekt.info\/wp-content\/uploads\/2021\/05\/Remini20210516092513012-1405x2048.jpg 1405w, https:\/\/www.andersen-slekt.info\/wp-content\/uploads\/2021\/05\/Remini20210516092513012-scaled.jpg 1756w\" sizes=\"auto, (max-width: 406px) 100vw, 406px\" \/><\/a><\/p>\n<p style=\"text-align: center;\"><img loading=\"lazy\" decoding=\"async\" class=\"alignnone size-medium wp-image-8938\" src=\"http:\/\/www.andersen-slekt.info\/wp-content\/uploads\/2021\/01\/output-onlinepngtools-39-300x69.png\" alt=\"\" width=\"300\" height=\"69\" srcset=\"https:\/\/www.andersen-slekt.info\/wp-content\/uploads\/2021\/01\/output-onlinepngtools-39-300x69.png 300w, https:\/\/www.andersen-slekt.info\/wp-content\/uploads\/2021\/01\/output-onlinepngtools-39.png 401w\" sizes=\"auto, (max-width: 300px) 100vw, 300px\" \/><\/p>\n<p style=\"text-align: justify;\"><span style=\"font-size: 13pt;\">Ingjerd ble f\u00f8dt 3. april 1917 i Helgesensgate 7 p\u00e5 Torstrand, men var s\u00e5pass syk at hun ble d\u00f8pt p\u00e5 sykehuset. Ingen trodde hun skulle leve opp.<\/span><\/p>\n<p style=\"text-align: center;\"><a href=\"http:\/\/www.andersen-slekt.info\/wp-content\/uploads\/2021\/01\/ingjerd-3.jpg\"><img loading=\"lazy\" decoding=\"async\" class=\"alignnone wp-image-8935\" src=\"http:\/\/www.andersen-slekt.info\/wp-content\/uploads\/2021\/01\/ingjerd-3-186x300.jpg\" alt=\"\" width=\"248\" height=\"400\" srcset=\"https:\/\/www.andersen-slekt.info\/wp-content\/uploads\/2021\/01\/ingjerd-3-186x300.jpg 186w, https:\/\/www.andersen-slekt.info\/wp-content\/uploads\/2021\/01\/ingjerd-3-635x1024.jpg 635w, https:\/\/www.andersen-slekt.info\/wp-content\/uploads\/2021\/01\/ingjerd-3.jpg 742w\" sizes=\"auto, (max-width: 248px) 100vw, 248px\" \/><\/a> <a href=\"https:\/\/www.andersen-slekt.info\/wp-content\/uploads\/2021\/05\/Remini20210516092354413.jpg\"><img loading=\"lazy\" decoding=\"async\" class=\"alignnone wp-image-9484\" src=\"https:\/\/www.andersen-slekt.info\/wp-content\/uploads\/2021\/05\/Remini20210516092354413-188x300.jpg\" alt=\"\" width=\"251\" height=\"400\" srcset=\"https:\/\/www.andersen-slekt.info\/wp-content\/uploads\/2021\/05\/Remini20210516092354413-188x300.jpg 188w, https:\/\/www.andersen-slekt.info\/wp-content\/uploads\/2021\/05\/Remini20210516092354413-642x1024.jpg 642w, https:\/\/www.andersen-slekt.info\/wp-content\/uploads\/2021\/05\/Remini20210516092354413-768x1225.jpg 768w, https:\/\/www.andersen-slekt.info\/wp-content\/uploads\/2021\/05\/Remini20210516092354413-963x1536.jpg 963w, https:\/\/www.andersen-slekt.info\/wp-content\/uploads\/2021\/05\/Remini20210516092354413-1284x2048.jpg 1284w, https:\/\/www.andersen-slekt.info\/wp-content\/uploads\/2021\/05\/Remini20210516092354413.jpg 1436w\" sizes=\"auto, (max-width: 251px) 100vw, 251px\" \/><\/a><\/p>\n<p style=\"text-align: justify;\"><span style=\"font-size: 13pt;\">Faren Eilif satset en periode p\u00e5 skipsbyggeri. Det varte imidlertid ikke lenge f\u00f8r b\u00e5tbyggeriet gikk konkurs, og Eilif tapte alt han hadde satset. Han hadde ogs\u00e5 kj\u00f8pt hus, Griffenfeldtsgt. 18, og hadde p\u00e5 dette tidspunktet 6 sm\u00e5 barn \u00e5 fors\u00f8rge. De gikk en sv\u00e6rt vanskelig periode i m\u00f8te, med stor gjeld og uten arbeid. &laquo;Hadde det ikke v\u00e6rt for deres kristne tro, s\u00e5 hadde de ikke kommet s\u00e5 godt igjennom den vanskelige tiden&raquo; (Egil Rudsta Andersen).<\/span><\/p>\n<p style=\"text-align: center;\"><img loading=\"lazy\" decoding=\"async\" class=\"alignnone wp-image-8937 size-full\" src=\"http:\/\/www.andersen-slekt.info\/wp-content\/uploads\/2021\/01\/IngjerdD_p2.jpg\" alt=\"\" width=\"600\" height=\"42\" srcset=\"https:\/\/www.andersen-slekt.info\/wp-content\/uploads\/2021\/01\/IngjerdD_p2.jpg 600w, https:\/\/www.andersen-slekt.info\/wp-content\/uploads\/2021\/01\/IngjerdD_p2-300x21.jpg 300w\" sizes=\"auto, (max-width: 600px) 100vw, 600px\" \/><\/p>\n<p style=\"text-align: center;\"><a href=\"http:\/\/www.andersen-slekt.info\/wp-content\/uploads\/2021\/01\/Hlg_1918_text.png\"><img loading=\"lazy\" decoding=\"async\" class=\"alignnone wp-image-8933\" src=\"http:\/\/www.andersen-slekt.info\/wp-content\/uploads\/2021\/01\/Hlg_1918_text.png\" alt=\"\" width=\"350\" height=\"542\" srcset=\"https:\/\/www.andersen-slekt.info\/wp-content\/uploads\/2021\/01\/Hlg_1918_text.png 571w, https:\/\/www.andersen-slekt.info\/wp-content\/uploads\/2021\/01\/Hlg_1918_text-194x300.png 194w\" sizes=\"auto, (max-width: 350px) 100vw, 350px\" \/><\/a><\/p>\n<p style=\"text-align: center;\"><span style=\"font-size: 13pt;\">S\u00f8sknene Jenny, Egil og Ingjerd p\u00e5 trappa i Helgesensgt 7 der de bodde i 1918. Trykk for \u00e5 se st\u00f8rre bilde.<\/span><\/p>\n<p style=\"text-align: justify;\"><span style=\"font-size: 13pt;\">Legen mente Ingjerd hadde hjertefeil, og hun fikk ikke s\u00e5 mange \u00e5r p\u00e5 skolen. Eilif ble senere leder av Larvik R\u00f8rhandel. For \u00e5 spe p\u00e5 \u00f8konomien, begynte de med matvarebutikk i huset i Griffenfeldtsgt. Da Ingjerd var 15 \u00e5r (1932), begynte hun i familiens matvarebutikk. Hun var veldig sjenert, og gr\u00e5t sine modige t\u00e5rer f\u00f8r hun skulle ekspedere sin f\u00f8rste kunde. Hun husket godt at det kom en kunde som skulle &laquo;ha for 5 \u00f8re artitt&raquo;. Han fikk en stor pose lakris.<\/span><\/p>\n<p style=\"text-align: justify;\"><span style=\"font-size: 13pt;\">Hun sluttet i butikken i 1947, da hun ble forlovet med <strong>William Fjeldskaar<\/strong>. William var hennes store kj\u00e6rlighet. De giftet seg i 1948. Da de giftet seg, kj\u00f8pte han Greveveien 61; her hadde de leieboere (fr\u00f8ken Vang). De var naboer til hans foreldre, Amalie og Johan Kornelius (som bodde i Jonas Lies vei 3). Hun jobbet sammen med sin svigerfar i bokhandel i Nansetveien 78 en forholdsvis kort periode. I 1952 bygger William forretningsbygg i Nansetveien 66 og etablerer egen forretning, med salg av jernvarer, maling, gave- og parfymeartikler. Ingjerd hadde sin jobb i butikken i 20 \u00e5r, etter noen \u00e5r som husmor. Forretningen ble solgt i 1980. Da hadde hun st\u00e5tt i butikk i tilsammen 35 \u00e5r.<\/span><\/p>\n<p style=\"text-align: center;\"><a href=\"http:\/\/www.andersen-slekt.info\/wp-content\/uploads\/2021\/01\/scan13.jpg\"><img loading=\"lazy\" decoding=\"async\" class=\"alignnone wp-image-8932\" src=\"http:\/\/www.andersen-slekt.info\/wp-content\/uploads\/2021\/01\/scan13-217x300.jpg\" alt=\"\" width=\"450\" height=\"623\" srcset=\"https:\/\/www.andersen-slekt.info\/wp-content\/uploads\/2021\/01\/scan13-217x300.jpg 217w, https:\/\/www.andersen-slekt.info\/wp-content\/uploads\/2021\/01\/scan13-740x1024.jpg 740w, https:\/\/www.andersen-slekt.info\/wp-content\/uploads\/2021\/01\/scan13-768x1063.jpg 768w, https:\/\/www.andersen-slekt.info\/wp-content\/uploads\/2021\/01\/scan13-1110x1536.jpg 1110w, https:\/\/www.andersen-slekt.info\/wp-content\/uploads\/2021\/01\/scan13.jpg 1435w\" sizes=\"auto, (max-width: 450px) 100vw, 450px\" \/><\/a><\/p>\n<p style=\"text-align: center;\"><em>Gifterm\u00e5l 24\/4-1948<\/em><\/p>\n<p style=\"text-align: justify;\"><span style=\"font-size: 13pt;\">Hun ble enke i 1996, hun og William fikk 48 \u00e5r sammen. Hun var ved mannens side hele tida, og han ville nok ikke levd s\u00e5pass lenge, hvis det ikke hadde v\u00e6rt for hennes t\u00e5lmodighet og godhet.\u00a0Utradisjonelt hjem, utradisjonelle rollem\u00f8nster. Ingjerd i butikken, William stelte hjemme (iallfall da byggevirksomheten var p\u00e5 hell). Ingjerd var et godt menneske, snill og omgjengelig. Jeg kan ikke huske at hun var sint noen gang. Men hun fortalte at hun hadde v\u00e6rt sint \u00e9n gang &#8211; p\u00e5 William sine arbeidsfolk. Jeg vet ikke helt hvordan det foregikk, men det hadde tydeligvis satt sine spor, hun husket det godt 30 \u00e5r etterp\u00e5.<\/span><\/p>\n<p style=\"text-align: justify;\"><span style=\"font-size: 14pt;\">Hun hadde et yrke som passet ypperlig til sitt sosiale vesen; hele sitt yrkesaktive liv i butikk. F\u00f8rst i matbutikk hos foreldrene i Griffenfeldtsgate, s\u00e5 i bokhandel, deretter 20 \u00e5r i Nanset Byggeartikler. Jeg lurer p\u00e5 om det var enkelte som ikke egentlig kom inn i butikken for \u00e5 handle, men for \u00e5 f\u00e5 en prat med henne.<\/span><\/p>\n<p style=\"text-align: justify;\"><span style=\"font-size: 13pt;\">Hun hadde usedvanlig god kontakt med Jenny og br\u00f8drene, og de hadde stor glede av hverandre. Masse turer og mye sosialt; selskaper, julefeiring, osv. Etter at onkel Hans kom til Larvik, og etter at de mistet sine ektefeller, hadde de jevnlig kontakt og var de mye ute p\u00e5 farten; onkel Egil kj\u00f8rte og de var (som oftest) ute p\u00e5 middag hver s\u00f8ndag &#8211; enten i B\u00f8keskogen eller andre kaf\u00e9er. Det var utrolig samhold, og masse humor.<\/span><\/p>\n<p style=\"text-align: justify;\"><span style=\"font-size: 13pt;\">De siste \u00e5rene avtok dette, onkel Hans d\u00f8de og onkel Egil ble svakere. Da var hun ute og fartet med rullatoren. Hun fortalte ofte om folk hun hadde truffet og snakket med. Hun hadde jo en stor bekjentskapskrets i forbindelse med jobb i butikk. Hukommelsen og oversikten over Larviks befolkning var det ingenting \u00e5 si p\u00e5.<\/span><\/p>\n<p style=\"text-align: center;\"><a href=\"http:\/\/www.andersen-slekt.info\/wp-content\/uploads\/2021\/01\/File0006b_4.jpg\"><img loading=\"lazy\" decoding=\"async\" class=\"alignnone wp-image-8931 size-full\" src=\"http:\/\/www.andersen-slekt.info\/wp-content\/uploads\/2021\/01\/File0006b_4.jpg\" alt=\"\" width=\"450\" height=\"612\" srcset=\"https:\/\/www.andersen-slekt.info\/wp-content\/uploads\/2021\/01\/File0006b_4.jpg 450w, https:\/\/www.andersen-slekt.info\/wp-content\/uploads\/2021\/01\/File0006b_4-221x300.jpg 221w\" sizes=\"auto, (max-width: 450px) 100vw, 450px\" \/><\/a><\/p>\n<p style=\"text-align: center;\"><span style=\"font-size: 13pt;\"><em>Liv, Jenny og Ingjerd<\/em><\/span><\/p>\n<p style=\"text-align: center;\"><img loading=\"lazy\" decoding=\"async\" class=\"alignnone size-full wp-image-8930\" src=\"http:\/\/www.andersen-slekt.info\/wp-content\/uploads\/2021\/01\/File0051_2.jpg\" alt=\"\" width=\"200\" height=\"278\" \/><\/p>\n<p><a href=\"https:\/\/www.andersen-slekt.info\/wp-content\/uploads\/2023\/01\/andersens_unge.jpg\"><img loading=\"lazy\" decoding=\"async\" class=\"aligncenter wp-image-10167\" src=\"https:\/\/www.andersen-slekt.info\/wp-content\/uploads\/2023\/01\/andersens_unge-300x222.jpg\" alt=\"\" width=\"550\" height=\"407\" srcset=\"https:\/\/www.andersen-slekt.info\/wp-content\/uploads\/2023\/01\/andersens_unge-300x222.jpg 300w, https:\/\/www.andersen-slekt.info\/wp-content\/uploads\/2023\/01\/andersens_unge-768x568.jpg 768w, https:\/\/www.andersen-slekt.info\/wp-content\/uploads\/2023\/01\/andersens_unge-16x12.jpg 16w, https:\/\/www.andersen-slekt.info\/wp-content\/uploads\/2023\/01\/andersens_unge.jpg 987w\" sizes=\"auto, (max-width: 550px) 100vw, 550px\" \/><\/a><\/p>\n<p style=\"text-align: center;\"><a href=\"https:\/\/www.andersen-slekt.info\/wp-content\/uploads\/2023\/01\/ingj_kors.png\"><img loading=\"lazy\" decoding=\"async\" class=\"alignnone wp-image-10169\" src=\"https:\/\/www.andersen-slekt.info\/wp-content\/uploads\/2023\/01\/ingj_kors-185x300.png\" alt=\"\" width=\"150\" height=\"244\" srcset=\"https:\/\/www.andersen-slekt.info\/wp-content\/uploads\/2023\/01\/ingj_kors-185x300.png 185w, https:\/\/www.andersen-slekt.info\/wp-content\/uploads\/2023\/01\/ingj_kors-7x12.png 7w, https:\/\/www.andersen-slekt.info\/wp-content\/uploads\/2023\/01\/ingj_kors.png 269w\" sizes=\"auto, (max-width: 150px) 100vw, 150px\" \/><\/a><\/p>\n<p style=\"text-align: center;\">Ingjerds s\u00f8lvkors<\/p>\n<p style=\"text-align: center;\"><a href=\"http:\/\/www.andersen-slekt.info\/wp-content\/uploads\/2021\/01\/IMG_0150.jpg\"><img loading=\"lazy\" decoding=\"async\" class=\"alignnone wp-image-8929\" src=\"http:\/\/www.andersen-slekt.info\/wp-content\/uploads\/2021\/01\/IMG_0150-300x198.jpg\" alt=\"\" width=\"550\" height=\"363\" srcset=\"https:\/\/www.andersen-slekt.info\/wp-content\/uploads\/2021\/01\/IMG_0150-300x198.jpg 300w, https:\/\/www.andersen-slekt.info\/wp-content\/uploads\/2021\/01\/IMG_0150-768x507.jpg 768w, https:\/\/www.andersen-slekt.info\/wp-content\/uploads\/2021\/01\/IMG_0150.jpg 943w\" sizes=\"auto, (max-width: 550px) 100vw, 550px\" \/><\/a><\/p>\n<p style=\"text-align: center;\"><span style=\"font-size: 13pt;\">Ingjerd og Anna ved L\u00e6rdalselva<\/span><\/p>\n<p style=\"text-align: center;\"><a href=\"http:\/\/www.andersen-slekt.info\/wp-content\/uploads\/2021\/01\/kort_Ingjerd-1.jpg\"><img loading=\"lazy\" decoding=\"async\" class=\"alignleft wp-image-8928\" src=\"http:\/\/www.andersen-slekt.info\/wp-content\/uploads\/2021\/01\/kort_Ingjerd-1-189x300.jpg\" alt=\"\" width=\"250\" height=\"397\" srcset=\"https:\/\/www.andersen-slekt.info\/wp-content\/uploads\/2021\/01\/kort_Ingjerd-1-189x300.jpg 189w, https:\/\/www.andersen-slekt.info\/wp-content\/uploads\/2021\/01\/kort_Ingjerd-1.jpg 617w\" sizes=\"auto, (max-width: 250px) 100vw, 250px\" \/><\/a><\/p>\n<p><a href=\"http:\/\/www.andersen-slekt.info\/wp-content\/uploads\/2021\/01\/Z1626_Stavanger.jpg\"><img loading=\"lazy\" decoding=\"async\" class=\"alignleft wp-image-8927\" src=\"http:\/\/www.andersen-slekt.info\/wp-content\/uploads\/2021\/01\/Z1626_Stavanger-300x205.jpg\" alt=\"\" width=\"500\" height=\"342\" srcset=\"https:\/\/www.andersen-slekt.info\/wp-content\/uploads\/2021\/01\/Z1626_Stavanger-300x205.jpg 300w, https:\/\/www.andersen-slekt.info\/wp-content\/uploads\/2021\/01\/Z1626_Stavanger-768x525.jpg 768w, https:\/\/www.andersen-slekt.info\/wp-content\/uploads\/2021\/01\/Z1626_Stavanger.jpg 901w\" sizes=\"auto, (max-width: 500px) 100vw, 500px\" \/><\/a><\/p>\n<p>&nbsp;<\/p>\n<p>&nbsp;<\/p>\n<p>&nbsp;<\/p>\n<p>&nbsp;<\/p>\n<p>&nbsp;<\/p>\n<p>&nbsp;<\/p>\n<p>&nbsp;<\/p>\n<p>&nbsp;<\/p>\n<p>&nbsp;<\/p>\n<p>&nbsp;<\/p>\n<p>&nbsp;<\/p>\n<p>&nbsp;<\/p>\n<p style=\"text-align: center;\"><span style=\"font-size: 13pt; color: #f7efd0;\"><em>..<\/em><\/span><\/p>\n<p style=\"text-align: center;\"><span style=\"font-size: 13pt;\"><em>Kort fra Ingjerd til familien i Griffenfeldtsgate i \u00a0juni 1936. Hun var muligens p\u00e5 tur til stevne i Stavanger sammen med ungdomskor (?).\u00a0<\/em><\/span><\/p>\n<p style=\"text-align: center;\"><a href=\"http:\/\/www.andersen-slekt.info\/wp-content\/uploads\/2021\/01\/1AE_Ingj6.jpg\"><img loading=\"lazy\" decoding=\"async\" class=\"alignnone wp-image-8926\" src=\"http:\/\/www.andersen-slekt.info\/wp-content\/uploads\/2021\/01\/1AE_Ingj6-300x230.jpg\" alt=\"\" width=\"550\" height=\"421\" srcset=\"https:\/\/www.andersen-slekt.info\/wp-content\/uploads\/2021\/01\/1AE_Ingj6-300x230.jpg 300w, https:\/\/www.andersen-slekt.info\/wp-content\/uploads\/2021\/01\/1AE_Ingj6-768x588.jpg 768w, https:\/\/www.andersen-slekt.info\/wp-content\/uploads\/2021\/01\/1AE_Ingj6.jpg 821w\" sizes=\"auto, (max-width: 550px) 100vw, 550px\" \/><\/a><\/p>\n<p style=\"text-align: center;\"><span style=\"font-size: 13pt;\">Ingjerd og William p\u00e5 biltur<\/span><\/p>\n<p style=\"text-align: center;\"><a href=\"http:\/\/www.andersen-slekt.info\/wp-content\/uploads\/2021\/01\/File0008.jpg\"><img loading=\"lazy\" decoding=\"async\" class=\"alignnone wp-image-8925\" src=\"http:\/\/www.andersen-slekt.info\/wp-content\/uploads\/2021\/01\/File0008-300x206.jpg\" alt=\"\" width=\"600\" height=\"413\" srcset=\"https:\/\/www.andersen-slekt.info\/wp-content\/uploads\/2021\/01\/File0008-300x206.jpg 300w, https:\/\/www.andersen-slekt.info\/wp-content\/uploads\/2021\/01\/File0008-1024x705.jpg 1024w, https:\/\/www.andersen-slekt.info\/wp-content\/uploads\/2021\/01\/File0008-768x529.jpg 768w, https:\/\/www.andersen-slekt.info\/wp-content\/uploads\/2021\/01\/File0008.jpg 1296w\" sizes=\"auto, (max-width: 600px) 100vw, 600px\" \/><\/a><br \/>\n<span style=\"font-size: 13pt;\">Jenny, Egil Rudsta, Eilif, Hans, Liv, Anna, Erling og Ingjerd<\/span><\/p>\n<p style=\"text-align: center;\"><a href=\"http:\/\/www.andersen-slekt.info\/wp-content\/uploads\/2021\/01\/11-1-2.jpg\"><img loading=\"lazy\" decoding=\"async\" class=\"alignnone wp-image-8924\" src=\"http:\/\/www.andersen-slekt.info\/wp-content\/uploads\/2021\/01\/11-1-2-300x168.jpg\" alt=\"\" width=\"550\" height=\"307\" srcset=\"https:\/\/www.andersen-slekt.info\/wp-content\/uploads\/2021\/01\/11-1-2-300x168.jpg 300w, https:\/\/www.andersen-slekt.info\/wp-content\/uploads\/2021\/01\/11-1-2-1024x572.jpg 1024w, https:\/\/www.andersen-slekt.info\/wp-content\/uploads\/2021\/01\/11-1-2-768x429.jpg 768w, https:\/\/www.andersen-slekt.info\/wp-content\/uploads\/2021\/01\/11-1-2-1536x859.jpg 1536w, https:\/\/www.andersen-slekt.info\/wp-content\/uploads\/2021\/01\/11-1-2-2048x1145.jpg 2048w\" sizes=\"auto, (max-width: 550px) 100vw, 550px\" \/><\/a><\/p>\n<p style=\"text-align: center;\"><span style=\"font-size: 13pt;\">Gratulasjonsbrev fra fetteren og kunstneren <strong><span style=\"color: #806239;\"><a style=\"color: #806239;\" href=\"http:\/\/www.andersen-slekt.info\/andersen\/matthias\/gusta-marie\/borghild\/carl-4\/\">Carl Nesjar<\/a><\/span>.\u00a0<\/strong><em>Trykk p\u00e5 bildet for \u00e5 se stor st\u00f8rrelse.\u00a0<\/em><\/span><\/p>\n<p style=\"text-align: center;\"><a href=\"http:\/\/www.andersen-slekt.info\/wp-content\/uploads\/2021\/01\/hans2.jpg\"><img loading=\"lazy\" decoding=\"async\" class=\"alignnone wp-image-8923\" src=\"http:\/\/www.andersen-slekt.info\/wp-content\/uploads\/2021\/01\/hans2.jpg\" alt=\"\" width=\"500\" height=\"253\" srcset=\"https:\/\/www.andersen-slekt.info\/wp-content\/uploads\/2021\/01\/hans2.jpg 600w, https:\/\/www.andersen-slekt.info\/wp-content\/uploads\/2021\/01\/hans2-300x152.jpg 300w\" sizes=\"auto, (max-width: 500px) 100vw, 500px\" \/><\/a><\/p>\n<p style=\"text-align: center;\">\u00a0<a href=\"http:\/\/www.andersen-slekt.info\/wp-content\/uploads\/2021\/01\/farmorCo2.jpg\"><img loading=\"lazy\" decoding=\"async\" class=\"alignnone wp-image-8922\" src=\"http:\/\/www.andersen-slekt.info\/wp-content\/uploads\/2021\/01\/farmorCo2-300x186.jpg\" alt=\"\" width=\"600\" height=\"372\" srcset=\"https:\/\/www.andersen-slekt.info\/wp-content\/uploads\/2021\/01\/farmorCo2-300x186.jpg 300w, https:\/\/www.andersen-slekt.info\/wp-content\/uploads\/2021\/01\/farmorCo2-1024x635.jpg 1024w, https:\/\/www.andersen-slekt.info\/wp-content\/uploads\/2021\/01\/farmorCo2-768x476.jpg 768w, https:\/\/www.andersen-slekt.info\/wp-content\/uploads\/2021\/01\/farmorCo2-1536x952.jpg 1536w, https:\/\/www.andersen-slekt.info\/wp-content\/uploads\/2021\/01\/farmorCo2-2048x1269.jpg 2048w\" sizes=\"auto, (max-width: 600px) 100vw, 600px\" \/><\/a><\/p>\n<p style=\"text-align: center;\"><span style=\"font-size: 13pt;\"><em>Ingjerd sammen med barn, svigerbarn, barnebarn m\/ektefeller og oldebarn\u00a0juli 2008 i B\u00f8keskogen.\u00a0<\/em><em>Trykk p\u00e5 bildet for \u00e5 se stor st\u00f8rrelse.\u00a0<\/em><\/span><\/p>\n<p style=\"text-align: center;\">.<\/p>\n<p style=\"text-align: center;\"><a href=\"http:\/\/www.andersen-slekt.info\/wp-content\/uploads\/2021\/01\/output-onlinepngtools-2020-08-23T135339.398.png\"><img loading=\"lazy\" decoding=\"async\" class=\"alignnone wp-image-8921\" src=\"http:\/\/www.andersen-slekt.info\/wp-content\/uploads\/2021\/01\/output-onlinepngtools-2020-08-23T135339.398-300x199.png\" alt=\"\" width=\"600\" height=\"398\" srcset=\"https:\/\/www.andersen-slekt.info\/wp-content\/uploads\/2021\/01\/output-onlinepngtools-2020-08-23T135339.398-300x199.png 300w, https:\/\/www.andersen-slekt.info\/wp-content\/uploads\/2021\/01\/output-onlinepngtools-2020-08-23T135339.398-1024x680.png 1024w, https:\/\/www.andersen-slekt.info\/wp-content\/uploads\/2021\/01\/output-onlinepngtools-2020-08-23T135339.398-768x510.png 768w, https:\/\/www.andersen-slekt.info\/wp-content\/uploads\/2021\/01\/output-onlinepngtools-2020-08-23T135339.398.png 1383w\" sizes=\"auto, (max-width: 600px) 100vw, 600px\" \/><\/a><\/p>\n<p style=\"text-align: center;\"><span style=\"font-size: 13pt;\">Ingjerd Fjeldskaar<\/span><br \/>\n<span style=\"font-size: 14pt;\">(3. april 1917 &#8211; 13. februar 2009)<\/span><\/p>\n<p><span style=\"color: #f7efd0;\">.<\/span><\/p>\n<p><span style=\"color: #f7efd0;\">.<\/span><\/p>\n<p><span style=\"color: #f7efd0;\">.<\/span><\/p>\n<p><span style=\"color: #f7efd0;\">.<\/span><\/p>\n<p><img loading=\"lazy\" decoding=\"async\" class=\"alignnone wp-image-94\" src=\"http:\/\/www.andersen-slekt.info\/wp-content\/uploads\/2015\/05\/usa3.gif\" alt=\"\" width=\"48\" height=\"35\" \/><\/p>\n<p>Ingjerd was born April 3 1917, but nobody expected her to grow up, as she was very sickly. When she was 15 (1932), she started as assistant in the family&#8217;s grocery shop, located in the house of Griffenfeldtsgt. She was very shy, and cried when she was about to serve her first customer.<\/p>\n<p>She had the last day in the shop in 1947, when the shop was shut down. She married William in 1948, and started as salesclerk in the family&#8217;s hardware store\/gift shop Nanset Byggeartikler which they established in 1952. Ingjerd and William had the store untill it was sold in 1980.<\/p>\n<div class=\"pdfprnt-buttons pdfprnt-buttons-page pdfprnt-bottom-right\"><a href=\"http:\/\/www.andersen-slekt.info\/nb_no\/wp-json\/wp\/v2\/pages\/507?print=print\" class=\"pdfprnt-button pdfprnt-button-print\" target=\"_blank\"><img decoding=\"async\" src=\"https:\/\/www.andersen-slekt.info\/wp-content\/plugins\/pdf-print\/images\/print.png\" alt=\"image_print\" title=\"Print Content\" \/><span class=\"pdfprnt-button-title pdfprnt-button-print-title\">print<\/span><\/a><\/div>","protected":false},"excerpt":{"rendered":"<p>Ingjerd Fjeldskaar (f. Andersen) 03.04.1917 &#8211; 13.02.2009 . . . . Ingjerd ble f\u00f8dt 3. april 1917 i Helgesensgate 7 p\u00e5 Torstrand, men var s\u00e5pass syk at hun ble d\u00f8pt p\u00e5 sykehuset. Ingen trodde hun skulle leve opp. Faren Eilif satset en periode p\u00e5 skipsbyggeri. Det varte imidlertid ikke lenge f\u00f8r b\u00e5tbyggeriet gikk konkurs, og [&hellip;]<\/p>\n","protected":false},"author":1,"featured_media":0,"parent":499,"menu_order":7,"comment_status":"closed","ping_status":"closed","template":"no_sidebar.php","meta":{"footnotes":""},"class_list":["post-507","page","type-page","status-publish","hentry"],"_links":{"self":[{"href":"http:\/\/www.andersen-slekt.info\/nb_no\/wp-json\/wp\/v2\/pages\/507","targetHints":{"allow":["GET"]}}],"collection":[{"href":"http:\/\/www.andersen-slekt.info\/nb_no\/wp-json\/wp\/v2\/pages"}],"about":[{"href":"http:\/\/www.andersen-slekt.info\/nb_no\/wp-json\/wp\/v2\/types\/page"}],"author":[{"embeddable":true,"href":"http:\/\/www.andersen-slekt.info\/nb_no\/wp-json\/wp\/v2\/users\/1"}],"replies":[{"embeddable":true,"href":"http:\/\/www.andersen-slekt.info\/nb_no\/wp-json\/wp\/v2\/comments?post=507"}],"version-history":[{"count":39,"href":"http:\/\/www.andersen-slekt.info\/nb_no\/wp-json\/wp\/v2\/pages\/507\/revisions"}],"predecessor-version":[{"id":10170,"href":"http:\/\/www.andersen-slekt.info\/nb_no\/wp-json\/wp\/v2\/pages\/507\/revisions\/10170"}],"up":[{"embeddable":true,"href":"http:\/\/www.andersen-slekt.info\/nb_no\/wp-json\/wp\/v2\/pages\/499"}],"wp:attachment":[{"href":"http:\/\/www.andersen-slekt.info\/nb_no\/wp-json\/wp\/v2\/media?parent=507"}],"curies":[{"name":"wp","href":"https:\/\/api.w.org\/{rel}","templated":true}]}}