{"id":1266,"date":"2015-05-24T12:32:14","date_gmt":"2015-05-24T12:32:14","guid":{"rendered":"https:\/\/ww2.fjeldskaar.com\/?page_id=1266"},"modified":"2021-07-03T09:15:30","modified_gmt":"2021-07-03T07:15:30","slug":"borghild","status":"publish","type":"page","link":"http:\/\/www.andersen-slekt.info\/nb_no\/andersen\/matthias\/gusta-marie\/borghild\/","title":{"rendered":"Borghild"},"content":{"rendered":"<h2 style=\"text-align: center;\"><span style=\"color: #806239; font-size: 30pt; font-family: 'Great Vibes';\">Borghild Carlsen<\/span><\/h2>\n<p style=\"text-align: center;\"><img loading=\"lazy\" decoding=\"async\" class=\"aligncenter wp-image-913 size-full\" src=\"https:\/\/ww2.fjeldskaar.com\/wp-content\/uploads\/2015\/05\/File0024b_1.jpg\" alt=\"File0024b_1\" width=\"400\" height=\"574\" srcset=\"https:\/\/www.andersen-slekt.info\/wp-content\/uploads\/2015\/05\/File0024b_1.jpg 400w, https:\/\/www.andersen-slekt.info\/wp-content\/uploads\/2015\/05\/File0024b_1-209x300.jpg 209w\" sizes=\"auto, (max-width: 400px) 100vw, 400px\" \/><br \/>\n<span style=\"font-size: 13pt;\"><em>Gusta Marie med barna Anna, Borghild og Thoralf<\/em><\/span><\/p>\n<p style=\"text-align: center;\"><a href=\"http:\/\/www.andersen-slekt.info\/wp-content\/uploads\/2021\/01\/borgh_Gusta.png\"><img loading=\"lazy\" decoding=\"async\" class=\"alignnone wp-image-8575\" src=\"http:\/\/www.andersen-slekt.info\/wp-content\/uploads\/2021\/01\/borgh_Gusta-300x194.png\" alt=\"\" width=\"700\" height=\"453\" srcset=\"https:\/\/www.andersen-slekt.info\/wp-content\/uploads\/2021\/01\/borgh_Gusta-300x194.png 300w, https:\/\/www.andersen-slekt.info\/wp-content\/uploads\/2021\/01\/borgh_Gusta-1024x662.png 1024w, https:\/\/www.andersen-slekt.info\/wp-content\/uploads\/2021\/01\/borgh_Gusta-768x497.png 768w, https:\/\/www.andersen-slekt.info\/wp-content\/uploads\/2021\/01\/borgh_Gusta.png 1045w\" sizes=\"auto, (max-width: 700px) 100vw, 700px\" \/><\/a><br \/>\n<span style=\"font-size: 13pt;\">Borghild og Gusta<\/span><\/p>\n<p style=\"text-align: center;\">Borghild var gift med Olaf Carlsen. P\u00e5 \u00a0bildet nedenfor er Olav sin familie (bildet fra Fotominner, \u00d8stlandsposten)<\/p>\n<p><a href=\"https:\/\/www.andersen-slekt.info\/wp-content\/uploads\/2021\/07\/carlN.jpg\"><img loading=\"lazy\" decoding=\"async\" class=\"aligncenter wp-image-9559\" src=\"https:\/\/www.andersen-slekt.info\/wp-content\/uploads\/2021\/07\/carlN-234x300.jpg\" alt=\"\" width=\"380\" height=\"487\" srcset=\"https:\/\/www.andersen-slekt.info\/wp-content\/uploads\/2021\/07\/carlN-234x300.jpg 234w, https:\/\/www.andersen-slekt.info\/wp-content\/uploads\/2021\/07\/carlN-800x1024.jpg 800w, https:\/\/www.andersen-slekt.info\/wp-content\/uploads\/2021\/07\/carlN-768x983.jpg 768w, https:\/\/www.andersen-slekt.info\/wp-content\/uploads\/2021\/07\/carlN-1200x1536.jpg 1200w, https:\/\/www.andersen-slekt.info\/wp-content\/uploads\/2021\/07\/carlN-9x12.jpg 9w, https:\/\/www.andersen-slekt.info\/wp-content\/uploads\/2021\/07\/carlN.jpg 1562w\" sizes=\"auto, (max-width: 380px) 100vw, 380px\" \/><\/a><\/p>\n<p><img loading=\"lazy\" decoding=\"async\" class=\"aligncenter wp-image-9558\" style=\"text-align: center;\" src=\"https:\/\/www.andersen-slekt.info\/wp-content\/uploads\/2021\/07\/carl2-300x120.jpg\" alt=\"\" width=\"400\" height=\"160\" srcset=\"https:\/\/www.andersen-slekt.info\/wp-content\/uploads\/2021\/07\/carl2-300x120.jpg 300w, https:\/\/www.andersen-slekt.info\/wp-content\/uploads\/2021\/07\/carl2-16x6.jpg 16w, https:\/\/www.andersen-slekt.info\/wp-content\/uploads\/2021\/07\/carl2.jpg 410w\" sizes=\"auto, (max-width: 400px) 100vw, 400px\" \/><\/p>\n<p style=\"text-align: center;\"><a href=\"https:\/\/www.andersen-slekt.info\/wp-content\/uploads\/2021\/07\/olafC2.png\"><img loading=\"lazy\" decoding=\"async\" class=\"alignnone wp-image-9564\" src=\"https:\/\/www.andersen-slekt.info\/wp-content\/uploads\/2021\/07\/olafC2-300x176.png\" alt=\"\" width=\"500\" height=\"294\" srcset=\"https:\/\/www.andersen-slekt.info\/wp-content\/uploads\/2021\/07\/olafC2-300x176.png 300w, https:\/\/www.andersen-slekt.info\/wp-content\/uploads\/2021\/07\/olafC2-1024x602.png 1024w, https:\/\/www.andersen-slekt.info\/wp-content\/uploads\/2021\/07\/olafC2-768x451.png 768w, https:\/\/www.andersen-slekt.info\/wp-content\/uploads\/2021\/07\/olafC2-1536x902.png 1536w, https:\/\/www.andersen-slekt.info\/wp-content\/uploads\/2021\/07\/olafC2-16x9.png 16w, https:\/\/www.andersen-slekt.info\/wp-content\/uploads\/2021\/07\/olafC2.png 2022w\" sizes=\"auto, (max-width: 500px) 100vw, 500px\" \/><\/a><\/p>\n<p style=\"text-align: center;\"><a href=\"https:\/\/www.andersen-slekt.info\/wp-content\/uploads\/2021\/07\/olafC.png\"><img loading=\"lazy\" decoding=\"async\" class=\"alignnone wp-image-9563\" src=\"https:\/\/www.andersen-slekt.info\/wp-content\/uploads\/2021\/07\/olafC-300x196.png\" alt=\"\" width=\"500\" height=\"326\" srcset=\"https:\/\/www.andersen-slekt.info\/wp-content\/uploads\/2021\/07\/olafC-300x196.png 300w, https:\/\/www.andersen-slekt.info\/wp-content\/uploads\/2021\/07\/olafC-1024x668.png 1024w, https:\/\/www.andersen-slekt.info\/wp-content\/uploads\/2021\/07\/olafC-768x501.png 768w, https:\/\/www.andersen-slekt.info\/wp-content\/uploads\/2021\/07\/olafC-1536x1003.png 1536w, https:\/\/www.andersen-slekt.info\/wp-content\/uploads\/2021\/07\/olafC-2048x1337.png 2048w, https:\/\/www.andersen-slekt.info\/wp-content\/uploads\/2021\/07\/olafC-16x10.png 16w\" sizes=\"auto, (max-width: 500px) 100vw, 500px\" \/><\/a><\/p>\n<p style=\"text-align: center;\">Olaf Carlsens aner<\/p>\n<p><span style=\"color: #f7efd0;\">..<\/span><\/p>\n<p><a href=\"http:\/\/www.andersen-slekt.info\/wp-content\/uploads\/2021\/01\/helgesensgateb.png\"><img loading=\"lazy\" decoding=\"async\" class=\"aligncenter wp-image-8577\" src=\"http:\/\/www.andersen-slekt.info\/wp-content\/uploads\/2021\/01\/helgesensgateb-300x214.png\" alt=\"\" width=\"650\" height=\"464\" srcset=\"https:\/\/www.andersen-slekt.info\/wp-content\/uploads\/2021\/01\/helgesensgateb-300x214.png 300w, https:\/\/www.andersen-slekt.info\/wp-content\/uploads\/2021\/01\/helgesensgateb-768x548.png 768w, https:\/\/www.andersen-slekt.info\/wp-content\/uploads\/2021\/01\/helgesensgateb.png 1023w\" sizes=\"auto, (max-width: 650px) 100vw, 650px\" \/><\/a><\/p>\n<p style=\"text-align: center;\"><span style=\"font-size: 13pt;\">Borghild og Olaf i Helgesensgate 7<\/span><\/p>\n<p style=\"text-align: center;\"><a href=\"http:\/\/www.andersen-slekt.info\/wp-content\/uploads\/2015\/05\/broghild.jpg\"><img loading=\"lazy\" decoding=\"async\" class=\"alignnone wp-image-1269\" src=\"https:\/\/ww2.fjeldskaar.com\/wp-content\/uploads\/2015\/05\/broghild-300x189.jpg\" alt=\"broghild\" width=\"500\" height=\"315\" srcset=\"https:\/\/www.andersen-slekt.info\/wp-content\/uploads\/2015\/05\/broghild-300x189.jpg 300w, https:\/\/www.andersen-slekt.info\/wp-content\/uploads\/2015\/05\/broghild-1024x646.jpg 1024w, https:\/\/www.andersen-slekt.info\/wp-content\/uploads\/2015\/05\/broghild-768x484.jpg 768w, https:\/\/www.andersen-slekt.info\/wp-content\/uploads\/2015\/05\/broghild.jpg 1137w\" sizes=\"auto, (max-width: 500px) 100vw, 500px\" \/><\/a><\/p>\n<p style=\"text-align: center;\"><a href=\"http:\/\/www.andersen-slekt.info\/wp-content\/uploads\/2015\/05\/carl3.jpg\"><img loading=\"lazy\" decoding=\"async\" class=\"alignnone wp-image-1270\" src=\"https:\/\/ww2.fjeldskaar.com\/wp-content\/uploads\/2015\/05\/carl3-300x214.jpg\" alt=\"carl3\" width=\"500\" height=\"356\" srcset=\"https:\/\/www.andersen-slekt.info\/wp-content\/uploads\/2015\/05\/carl3-300x214.jpg 300w, https:\/\/www.andersen-slekt.info\/wp-content\/uploads\/2015\/05\/carl3-1024x729.jpg 1024w, https:\/\/www.andersen-slekt.info\/wp-content\/uploads\/2015\/05\/carl3-768x547.jpg 768w, https:\/\/www.andersen-slekt.info\/wp-content\/uploads\/2015\/05\/carl3.jpg 1424w\" sizes=\"auto, (max-width: 500px) 100vw, 500px\" \/><\/a><\/p>\n<p style=\"text-align: center;\"><span style=\"font-size: 13pt;\">Borghild og Olaf hadde s\u00f8nnen Carl, som forandret etternavnet til <a href=\"http:\/\/www.andersen-slekt.info\/andersen\/matthias\/gusta-marie\/borghild\/carl-4\/\"><span style=\"color: #0000ff;\"><strong>Nesjar<\/strong><\/span><\/a>.<\/span><\/p>\n<p><span style=\"font-size: 13pt;\">Borghild og Olaf fikk dessuten en s\u00f8nn i 1922; Gustav Andreas Carlsen. Han d\u00f8de imidlertid bare 4 \u00e5r gammel, av lungebetennelse.<\/span><\/p>\n<p><a href=\"http:\/\/www.andersen-slekt.info\/wp-content\/uploads\/2021\/01\/gustavAndreas-1.png\"><img loading=\"lazy\" decoding=\"async\" class=\"wp-image-8802 aligncenter\" src=\"http:\/\/www.andersen-slekt.info\/wp-content\/uploads\/2021\/01\/gustavAndreas-1-300x33.png\" alt=\"\" width=\"750\" height=\"83\" srcset=\"https:\/\/www.andersen-slekt.info\/wp-content\/uploads\/2021\/01\/gustavAndreas-1-300x33.png 300w, https:\/\/www.andersen-slekt.info\/wp-content\/uploads\/2021\/01\/gustavAndreas-1-768x85.png 768w, https:\/\/www.andersen-slekt.info\/wp-content\/uploads\/2021\/01\/gustavAndreas-1.png 893w\" sizes=\"auto, (max-width: 750px) 100vw, 750px\" \/><\/a><\/p>\n<p style=\"text-align: center;\"><a href=\"http:\/\/www.andersen-slekt.info\/wp-content\/uploads\/2021\/01\/gustavAndreas_1926-1.png\"><img loading=\"lazy\" decoding=\"async\" class=\"alignnone wp-image-8801\" src=\"http:\/\/www.andersen-slekt.info\/wp-content\/uploads\/2021\/01\/gustavAndreas_1926-1-300x51.png\" alt=\"\" width=\"700\" height=\"118\" srcset=\"https:\/\/www.andersen-slekt.info\/wp-content\/uploads\/2021\/01\/gustavAndreas_1926-1-300x51.png 300w, https:\/\/www.andersen-slekt.info\/wp-content\/uploads\/2021\/01\/gustavAndreas_1926-1-1024x173.png 1024w, https:\/\/www.andersen-slekt.info\/wp-content\/uploads\/2021\/01\/gustavAndreas_1926-1-768x130.png 768w, https:\/\/www.andersen-slekt.info\/wp-content\/uploads\/2021\/01\/gustavAndreas_1926-1.png 1091w\" sizes=\"auto, (max-width: 700px) 100vw, 700px\" \/><\/a><\/p>\n<p style=\"text-align: center;\"><a href=\"http:\/\/www.andersen-slekt.info\/wp-content\/uploads\/2021\/01\/eilifchart.png\"><img loading=\"lazy\" decoding=\"async\" class=\"alignnone wp-image-8335\" src=\"https:\/\/ww2.fjeldskaar.com\/wp-content\/uploads\/2020\/11\/gustavAndreas_1926b.png\" alt=\"\" width=\"550\" height=\"157\" \/><\/a><\/p>\n<div class=\"pdfprnt-buttons pdfprnt-buttons-page pdfprnt-bottom-right\"><a href=\"http:\/\/www.andersen-slekt.info\/nb_no\/wp-json\/wp\/v2\/pages\/1266?print=print\" class=\"pdfprnt-button pdfprnt-button-print\" target=\"_blank\"><img decoding=\"async\" src=\"https:\/\/www.andersen-slekt.info\/wp-content\/plugins\/pdf-print\/images\/print.png\" alt=\"image_print\" title=\"Print Content\" \/><span class=\"pdfprnt-button-title pdfprnt-button-print-title\">print<\/span><\/a><\/div>","protected":false},"excerpt":{"rendered":"<p>Borghild Carlsen Gusta Marie med barna Anna, Borghild og Thoralf Borghild og Gusta Borghild var gift med Olaf Carlsen. P\u00e5 \u00a0bildet nedenfor er Olav sin familie (bildet fra Fotominner, \u00d8stlandsposten) Olaf Carlsens aner .. Borghild og Olaf i Helgesensgate 7 Borghild og Olaf hadde s\u00f8nnen Carl, som forandret etternavnet til Nesjar. Borghild og Olaf fikk [&hellip;]<\/p>\n","protected":false},"author":1,"featured_media":0,"parent":495,"menu_order":80,"comment_status":"closed","ping_status":"closed","template":"no_sidebar.php","meta":{"footnotes":""},"class_list":["post-1266","page","type-page","status-publish","hentry"],"_links":{"self":[{"href":"http:\/\/www.andersen-slekt.info\/nb_no\/wp-json\/wp\/v2\/pages\/1266","targetHints":{"allow":["GET"]}}],"collection":[{"href":"http:\/\/www.andersen-slekt.info\/nb_no\/wp-json\/wp\/v2\/pages"}],"about":[{"href":"http:\/\/www.andersen-slekt.info\/nb_no\/wp-json\/wp\/v2\/types\/page"}],"author":[{"embeddable":true,"href":"http:\/\/www.andersen-slekt.info\/nb_no\/wp-json\/wp\/v2\/users\/1"}],"replies":[{"embeddable":true,"href":"http:\/\/www.andersen-slekt.info\/nb_no\/wp-json\/wp\/v2\/comments?post=1266"}],"version-history":[{"count":17,"href":"http:\/\/www.andersen-slekt.info\/nb_no\/wp-json\/wp\/v2\/pages\/1266\/revisions"}],"predecessor-version":[{"id":9566,"href":"http:\/\/www.andersen-slekt.info\/nb_no\/wp-json\/wp\/v2\/pages\/1266\/revisions\/9566"}],"up":[{"embeddable":true,"href":"http:\/\/www.andersen-slekt.info\/nb_no\/wp-json\/wp\/v2\/pages\/495"}],"wp:attachment":[{"href":"http:\/\/www.andersen-slekt.info\/nb_no\/wp-json\/wp\/v2\/media?parent=1266"}],"curies":[{"name":"wp","href":"https:\/\/api.w.org\/{rel}","templated":true}]}}