{"id":9486,"date":"2021-05-16T14:02:57","date_gmt":"2021-05-16T12:02:57","guid":{"rendered":"https:\/\/www.andersen-slekt.info\/?page_id=9486"},"modified":"2021-06-18T11:15:35","modified_gmt":"2021-06-18T09:15:35","slug":"bildebehandling","status":"publish","type":"page","link":"http:\/\/www.andersen-slekt.info\/en\/album-2\/bildebehandling\/","title":{"rendered":"Image enhancer"},"content":{"rendered":"<p style=\"text-align: center;\"><span style=\"color: #806239;\"><strong><span style=\"font-size: 24pt; font-family: 'Great Vibes';\">Image enhancer<\/span><\/strong><\/span><\/p>\n<p><span style=\"color: #f7efd0;\">.<\/span><\/p>\n<p><img loading=\"lazy\" decoding=\"async\" class=\"alignleft wp-image-9490\" src=\"https:\/\/www.andersen-slekt.info\/wp-content\/uploads\/2021\/05\/remini.png\" alt=\"\" width=\"50\" height=\"50\" srcset=\"https:\/\/www.andersen-slekt.info\/wp-content\/uploads\/2021\/05\/remini.png 180w, https:\/\/www.andersen-slekt.info\/wp-content\/uploads\/2021\/05\/remini-150x150.png 150w\" sizes=\"auto, (max-width: 50px) 100vw, 50px\" \/>Enkelte av bildene p\u00e5 nettsiden er behandlet med appen &laquo;Remini photo enhancer&raquo;. Appen Remini benytter kunstig intelligens til \u00e5 endre gamle fotografier som kanskje er uskarpe, falmet eller ripete, og gj\u00f8r dem om til skarpe, fine bilder.<\/p>\n<p>Nedenfor vises et par eksempler:<\/p>\n<p>&nbsp;<\/p>\n<p style=\"text-align: center;\"><a href=\"https:\/\/www.andersen-slekt.info\/wp-content\/uploads\/2021\/05\/remini1.png\"><img loading=\"lazy\" decoding=\"async\" class=\"alignnone wp-image-9488\" src=\"https:\/\/www.andersen-slekt.info\/wp-content\/uploads\/2021\/05\/remini1-300x171.png\" alt=\"\" width=\"500\" height=\"284\" srcset=\"https:\/\/www.andersen-slekt.info\/wp-content\/uploads\/2021\/05\/remini1-300x171.png 300w, https:\/\/www.andersen-slekt.info\/wp-content\/uploads\/2021\/05\/remini1.png 691w\" sizes=\"auto, (max-width: 500px) 100vw, 500px\" \/><\/a><\/p>\n<p style=\"text-align: center;\"><a href=\"https:\/\/www.andersen-slekt.info\/wp-content\/uploads\/2021\/05\/remini2.png\"><img loading=\"lazy\" decoding=\"async\" class=\"alignnone wp-image-9489\" src=\"https:\/\/www.andersen-slekt.info\/wp-content\/uploads\/2021\/05\/remini2-300x223.png\" alt=\"\" width=\"500\" height=\"372\" srcset=\"https:\/\/www.andersen-slekt.info\/wp-content\/uploads\/2021\/05\/remini2-300x223.png 300w, https:\/\/www.andersen-slekt.info\/wp-content\/uploads\/2021\/05\/remini2.png 643w\" sizes=\"auto, (max-width: 500px) 100vw, 500px\" \/><\/a><\/p>\n<div class=\"pdfprnt-buttons pdfprnt-buttons-page pdfprnt-bottom-right\"><a href=\"http:\/\/www.andersen-slekt.info\/en\/wp-json\/wp\/v2\/pages\/9486?print=print\" class=\"pdfprnt-button pdfprnt-button-print\" target=\"_blank\"><img decoding=\"async\" src=\"https:\/\/www.andersen-slekt.info\/wp-content\/plugins\/pdf-print\/images\/print.png\" alt=\"image_print\" title=\"Print Content\" \/><span class=\"pdfprnt-button-title pdfprnt-button-print-title\">print<\/span><\/a><\/div>","protected":false},"excerpt":{"rendered":"<p>Bildebehandling . Enkelte av bildene p\u00e5 nettsiden er behandlet med appen &laquo;Remini photo enhancer&raquo;. Appen Remini benytter kunstig intelligens til \u00e5 endre gamle fotografier som kanskje er uskarpe, falmet eller ripete, og gj\u00f8r dem om til skarpe, fine bilder. Nedenfor vises et par eksempler: &nbsp; print<\/p>","protected":false},"author":1,"featured_media":0,"parent":1209,"menu_order":50,"comment_status":"closed","ping_status":"closed","template":"","meta":{"footnotes":""},"class_list":["post-9486","page","type-page","status-publish","hentry"],"_links":{"self":[{"href":"http:\/\/www.andersen-slekt.info\/en\/wp-json\/wp\/v2\/pages\/9486","targetHints":{"allow":["GET"]}}],"collection":[{"href":"http:\/\/www.andersen-slekt.info\/en\/wp-json\/wp\/v2\/pages"}],"about":[{"href":"http:\/\/www.andersen-slekt.info\/en\/wp-json\/wp\/v2\/types\/page"}],"author":[{"embeddable":true,"href":"http:\/\/www.andersen-slekt.info\/en\/wp-json\/wp\/v2\/users\/1"}],"replies":[{"embeddable":true,"href":"http:\/\/www.andersen-slekt.info\/en\/wp-json\/wp\/v2\/comments?post=9486"}],"version-history":[{"count":6,"href":"http:\/\/www.andersen-slekt.info\/en\/wp-json\/wp\/v2\/pages\/9486\/revisions"}],"predecessor-version":[{"id":9501,"href":"http:\/\/www.andersen-slekt.info\/en\/wp-json\/wp\/v2\/pages\/9486\/revisions\/9501"}],"up":[{"embeddable":true,"href":"http:\/\/www.andersen-slekt.info\/en\/wp-json\/wp\/v2\/pages\/1209"}],"wp:attachment":[{"href":"http:\/\/www.andersen-slekt.info\/en\/wp-json\/wp\/v2\/media?parent=9486"}],"curies":[{"name":"wp","href":"https:\/\/api.w.org\/{rel}","templated":true}]}}