{"id":7836,"date":"2020-12-30T12:06:29","date_gmt":"2020-12-30T11:06:29","guid":{"rendered":"http:\/\/www.andersen-slekt.info\/?page_id=7836"},"modified":"2021-03-24T19:35:53","modified_gmt":"2021-03-24T18:35:53","slug":"egil","status":"publish","type":"page","link":"http:\/\/www.andersen-slekt.info\/en\/anna-og-eilif\/egil\/","title":{"rendered":"Egil"},"content":{"rendered":"<h2 style=\"text-align: center;\"><span style=\"color: #806239; font-size: 30pt; font-family: 'Great Vibes';\">Egil Rudsta Andersen<\/span><\/h2>\n<h2 style=\"text-align: center;\"><span style=\"color: #806239; font-size: 14pt;\">01.02.1915 &#8211; 17.10.2008<\/span><\/h2>\n<p><span style=\"color: #f7efd0;\">.<\/span><\/p>\n<p><a href=\"http:\/\/www.andersen-slekt.info\/wp-content\/uploads\/2021\/01\/egilchart2-1.png\"><img loading=\"lazy\" decoding=\"async\" class=\"aligncenter wp-image-8360\" src=\"http:\/\/www.andersen-slekt.info\/wp-content\/uploads\/2021\/01\/egilchart2-1-300x284.png\" alt=\"\" width=\"500\" height=\"474\" srcset=\"https:\/\/www.andersen-slekt.info\/wp-content\/uploads\/2021\/01\/egilchart2-1-300x284.png 300w, https:\/\/www.andersen-slekt.info\/wp-content\/uploads\/2021\/01\/egilchart2-1-1024x971.png 1024w, https:\/\/www.andersen-slekt.info\/wp-content\/uploads\/2021\/01\/egilchart2-1-768x728.png 768w, https:\/\/www.andersen-slekt.info\/wp-content\/uploads\/2021\/01\/egilchart2-1-1536x1456.png 1536w, https:\/\/www.andersen-slekt.info\/wp-content\/uploads\/2021\/01\/egilchart2-1-2048x1942.png 2048w\" sizes=\"auto, (max-width: 500px) 100vw, 500px\" \/><\/a><\/p>\n<p><span style=\"color: #f7efd0;\">.<\/span><\/p>\n<p><a href=\"https:\/\/www.andersen-slekt.info\/en\/andersen\/matthias\/rudolph\/anna-og-eilif\/egil\/egils-album\/\"><img loading=\"lazy\" decoding=\"async\" class=\"aligncenter wp-image-9361 size-medium\" src=\"https:\/\/www.andersen-slekt.info\/wp-content\/uploads\/2021\/03\/album-300x150.png\" alt=\"\" width=\"300\" height=\"150\" srcset=\"https:\/\/www.andersen-slekt.info\/wp-content\/uploads\/2021\/03\/album-300x150.png 300w, https:\/\/www.andersen-slekt.info\/wp-content\/uploads\/2021\/03\/album.png 600w\" sizes=\"auto, (max-width: 300px) 100vw, 300px\" \/><\/a><\/p>\n<p>&nbsp;<\/p>\n<p><span style=\"font-size: 13pt;\">Anna og Eilif hadde problemer med \u00e5 bli enige om navnet til den nyf\u00f8dte gutten. Dette l\u00f8ste de elegant ved \u00e5 ta 3 bokstaver fra navnet Rudolf og 3 bokstaver fra Gusta. Dermed ble gutten hetende Egil Rudsta. Dette if\u00f8lge Egil selv.<\/span><\/p>\n<p style=\"text-align: center; font-size: 13pt;\"><img loading=\"lazy\" decoding=\"async\" class=\"alignnone wp-image-8818 size-full\" src=\"http:\/\/www.andersen-slekt.info\/wp-content\/uploads\/2021\/01\/bilde11b.jpg\" alt=\"\" width=\"350\" height=\"523\" srcset=\"https:\/\/www.andersen-slekt.info\/wp-content\/uploads\/2021\/01\/bilde11b.jpg 350w, https:\/\/www.andersen-slekt.info\/wp-content\/uploads\/2021\/01\/bilde11b-201x300.jpg 201w\" sizes=\"auto, (max-width: 350px) 100vw, 350px\" \/><\/p>\n<p align=\"center\">Egil, Jenny, Liv, Hans, Ingjerd og Anna<\/p>\n<p><span style=\"font-size: 13pt;\">Egil Rudsta skriver f\u00f8lgende om sitt levnetsl\u00f8p (20-11-05):<\/span><\/p>\n<p align=\"justify\"><span style=\"font-size: 14pt;\"><em>&laquo;Min f\u00f8rste jobb, 1927-30, var som visergutt hos Breda (klesbutikk). L\u00f8nnen var 30 kr pr m\u00e5ned. Deretter var det jobb p\u00e5 sandbl\u00e5seriet hos Alfr Andersen. Den jobben r\u00f8mte jeg fra, og reiste til sj\u00f8s. Da var jeg 17 \u00e5r gammel, og ble maskingutt med en l\u00f8nn p\u00e5 37 kr pr m\u00e5ned. Vi lastet i Curacao og gikk ut til de forskjellige losseplasser i Europa. Vi hadde en tur fra San Francisco til Sydney i 1933. Den turen tok vel ca. 1 m\u00e5ned. Vi hadde f\u00e5tt en del margarin ombord i San Francisco; den ble l\u00e5st inne, og forbudt \u00e5 bruke av i Australia. Vi m\u00e5tte kj\u00f8pe meierism\u00f8r i Australia.<\/em><\/span><\/p>\n<p align=\"justify\"><span style=\"font-size: 13pt;\"><em>Etter \u00e5 ha v\u00e6rt ansatt som maskingutt i et \u00e5r, avanserte jeg til motormann, med 180 kr pr m\u00e5ned. Av de sendte jeg 120kr hjem. Slik sparte jeg opp en kapital p\u00e5 2500 kr. Jeg m\u00f8nstret av i 1935, og begynte p\u00e5 Skiensfjordens Tekniske Fagskole. Jeg syklet hjem hver l\u00f8rdag, og opp igjen p\u00e5 s\u00f8ndag kveld.<\/em><\/span><\/p>\n<p align=\"justify\"><span style=\"font-size: 13pt;\"><em>P\u00e5 tekniker&#8217;n tok jeg 3.maskinist-eksamen. Etter det var jeg i milit\u00e6ret &#8211; p\u00e5 Hvalsmoen ved H\u00f8nefoss. S\u00e5 reiste jeg ut igjen &#8211; fikk hyre som 3.maskinist p\u00e5 &laquo;M\/T Skaraas&raquo; og var ombord i ca 1 1\/2 \u00e5r. Jeg skj\u00f8nte at det ble verdenskrig, s\u00e5 jeg m\u00f8nstret av i London. Der holdt de p\u00e5 med sperreballonger da.<\/em><\/span><\/p>\n<p align=\"justify\"><span style=\"font-size: 13pt;\"><em>Jeg kom hjem og meldte meg p\u00e5, og tok, 2. og 1. maskinisteksamen i T\u00f8nsberg. Den 9.april kom tyskerne til Norge. Jeg m\u00f8tte opp p\u00e5 Hvalsmoen, og var med opp til Vestre Gausdal. Jeg var i ingeni\u00f8rkompaniet og med p\u00e5 \u00e5 bygge stillinger for de norske styrkene ved Segalstadbru.<\/em><\/span><\/p>\n<p align=\"justify\"><span style=\"font-size: 14pt;\"><em>De skulle ha en kranf\u00f8rer til den nye krana p\u00e5 Kanalkaia. Det var 50 s\u00f8kere til jobben. Jeg fikk den. Deretter s\u00f8kte jeg p\u00e5 Bergens Tekniske Skole &#8211; lurte p\u00e5 om Veritas hadde bruk for meg.<\/em><\/span><\/p>\n<p style=\"text-align: center;\" align=\"justify\"><img loading=\"lazy\" decoding=\"async\" class=\"alignnone size-full wp-image-8827\" src=\"http:\/\/www.andersen-slekt.info\/wp-content\/uploads\/2021\/01\/output-onlinepngtools-13.png\" alt=\"\" width=\"300\" height=\"76\" \/><\/p>\n<p align=\"justify\"><span style=\"font-size: 13pt;\"><em>Erling, min bror, hadde tatt VVS-linjen i Oslo. Han spurte om vi kunne begynne sammen i Larvik. Slik ble Larvik Varme og Sanit\u00e6r stiftet.&raquo;<\/em><\/span><\/p>\n<p><span style=\"font-size: 13pt;\">Egil Rudsta giftet seg med Kirsten (&#8216;Kitten&#8217;) Kathrine Jensen, f\u00f8dt 22\/11-1916.<\/span><\/p>\n<p><a href=\"http:\/\/www.andersen-slekt.info\/wp-content\/uploads\/2021\/01\/File0029.jpg\"><img loading=\"lazy\" decoding=\"async\" class=\"aligncenter wp-image-8819\" src=\"http:\/\/www.andersen-slekt.info\/wp-content\/uploads\/2021\/01\/File0029-300x212.jpg\" alt=\"\" width=\"600\" height=\"425\" srcset=\"https:\/\/www.andersen-slekt.info\/wp-content\/uploads\/2021\/01\/File0029-300x212.jpg 300w, https:\/\/www.andersen-slekt.info\/wp-content\/uploads\/2021\/01\/File0029-1024x725.jpg 1024w, https:\/\/www.andersen-slekt.info\/wp-content\/uploads\/2021\/01\/File0029-768x544.jpg 768w, https:\/\/www.andersen-slekt.info\/wp-content\/uploads\/2021\/01\/File0029.jpg 1090w\" sizes=\"auto, (max-width: 600px) 100vw, 600px\" \/><\/a><\/p>\n<p style=\"text-align: center;\">P\u00e5 tur i Egils b\u00e5t: Paulus, Egil Rudsta, Jenny, Anne, Kirsten og Egil<\/p>\n<p style=\"text-align: center;\"><a href=\"http:\/\/www.andersen-slekt.info\/wp-content\/uploads\/2021\/01\/hytta.jpg\"><img loading=\"lazy\" decoding=\"async\" class=\"alignnone wp-image-8820\" src=\"http:\/\/www.andersen-slekt.info\/wp-content\/uploads\/2021\/01\/hytta-300x203.jpg\" alt=\"\" width=\"600\" height=\"406\" srcset=\"https:\/\/www.andersen-slekt.info\/wp-content\/uploads\/2021\/01\/hytta-300x203.jpg 300w, https:\/\/www.andersen-slekt.info\/wp-content\/uploads\/2021\/01\/hytta-1024x693.jpg 1024w, https:\/\/www.andersen-slekt.info\/wp-content\/uploads\/2021\/01\/hytta-768x520.jpg 768w, https:\/\/www.andersen-slekt.info\/wp-content\/uploads\/2021\/01\/hytta.jpg 1524w\" sizes=\"auto, (max-width: 600px) 100vw, 600px\" \/><\/a><\/p>\n<p>Egil (til venstre) og Kitten (til h\u00f8yre) sammen med Jussie, Inger Reidun, Ingjerd, Jenny og William p\u00e5 Williams hytte i Svinevika.<\/p>\n<p><a href=\"http:\/\/www.andersen-slekt.info\/wp-content\/uploads\/2021\/01\/scan0013b.jpg\"><img loading=\"lazy\" decoding=\"async\" class=\"aligncenter wp-image-8821\" src=\"http:\/\/www.andersen-slekt.info\/wp-content\/uploads\/2021\/01\/scan0013b-300x242.jpg\" alt=\"\" width=\"600\" height=\"484\" srcset=\"https:\/\/www.andersen-slekt.info\/wp-content\/uploads\/2021\/01\/scan0013b-300x242.jpg 300w, https:\/\/www.andersen-slekt.info\/wp-content\/uploads\/2021\/01\/scan0013b-1024x827.jpg 1024w, https:\/\/www.andersen-slekt.info\/wp-content\/uploads\/2021\/01\/scan0013b-768x620.jpg 768w, https:\/\/www.andersen-slekt.info\/wp-content\/uploads\/2021\/01\/scan0013b.jpg 1203w\" sizes=\"auto, (max-width: 600px) 100vw, 600px\" \/><\/a><\/p>\n<p style=\"text-align: center;\">Erling, Egil og Ingjerd p\u00e5 Skjeggestad i 2004<\/p>\n<p><span style=\"color: #f7efd0;\">.<\/span><\/p>\n<p><span style=\"color: #f7efd0;\">.<\/span><\/p>\n<p><span style=\"color: #f7efd0;\">.<\/span><\/p>\n<div class=\"pdfprnt-buttons pdfprnt-buttons-page pdfprnt-bottom-right\"><a href=\"http:\/\/www.andersen-slekt.info\/en\/wp-json\/wp\/v2\/pages\/7836?print=print\" class=\"pdfprnt-button pdfprnt-button-print\" target=\"_blank\"><img decoding=\"async\" src=\"https:\/\/www.andersen-slekt.info\/wp-content\/plugins\/pdf-print\/images\/print.png\" alt=\"image_print\" title=\"Print Content\" \/><span class=\"pdfprnt-button-title pdfprnt-button-print-title\">print<\/span><\/a><\/div>","protected":false},"excerpt":{"rendered":"<p>Egil Rudsta Andersen 01.02.1915 &#8211; 17.10.2008 . . &nbsp; Anna og Eilif hadde problemer med \u00e5 bli enige om navnet til den nyf\u00f8dte gutten. Dette l\u00f8ste de elegant ved \u00e5 ta 3 bokstaver fra navnet Rudolf og 3 bokstaver fra Gusta. Dermed ble gutten hetende Egil Rudsta. Dette if\u00f8lge Egil selv. Egil, Jenny, Liv, Hans, [&hellip;]<\/p>","protected":false},"author":1,"featured_media":0,"parent":499,"menu_order":0,"comment_status":"closed","ping_status":"closed","template":"no_sidebar.php","meta":{"footnotes":""},"class_list":["post-7836","page","type-page","status-publish","hentry"],"_links":{"self":[{"href":"http:\/\/www.andersen-slekt.info\/en\/wp-json\/wp\/v2\/pages\/7836","targetHints":{"allow":["GET"]}}],"collection":[{"href":"http:\/\/www.andersen-slekt.info\/en\/wp-json\/wp\/v2\/pages"}],"about":[{"href":"http:\/\/www.andersen-slekt.info\/en\/wp-json\/wp\/v2\/types\/page"}],"author":[{"embeddable":true,"href":"http:\/\/www.andersen-slekt.info\/en\/wp-json\/wp\/v2\/users\/1"}],"replies":[{"embeddable":true,"href":"http:\/\/www.andersen-slekt.info\/en\/wp-json\/wp\/v2\/comments?post=7836"}],"version-history":[{"count":23,"href":"http:\/\/www.andersen-slekt.info\/en\/wp-json\/wp\/v2\/pages\/7836\/revisions"}],"predecessor-version":[{"id":9363,"href":"http:\/\/www.andersen-slekt.info\/en\/wp-json\/wp\/v2\/pages\/7836\/revisions\/9363"}],"up":[{"embeddable":true,"href":"http:\/\/www.andersen-slekt.info\/en\/wp-json\/wp\/v2\/pages\/499"}],"wp:attachment":[{"href":"http:\/\/www.andersen-slekt.info\/en\/wp-json\/wp\/v2\/media?parent=7836"}],"curies":[{"name":"wp","href":"https:\/\/api.w.org\/{rel}","templated":true}]}}