{"id":7832,"date":"2020-12-30T12:05:36","date_gmt":"2020-12-30T11:05:36","guid":{"rendered":"http:\/\/www.andersen-slekt.info\/?page_id=7832"},"modified":"2021-03-24T19:28:18","modified_gmt":"2021-03-24T18:28:18","slug":"hans","status":"publish","type":"page","link":"http:\/\/www.andersen-slekt.info\/en\/anna-og-eilif\/hans\/","title":{"rendered":"Hans"},"content":{"rendered":"<h2 style=\"text-align: center;\"><span style=\"color: #806239; font-size: 30pt; font-family: 'Great Vibes';\"><strong>Hans Andersen<\/strong><\/span><\/h2>\n<h2 style=\"text-align: center;\"><span style=\"font-size: 14pt; color: #806239;\"><strong>09.01.1913 &#8211; 16.11.2007<\/strong><\/span><\/h2>\n<p><span style=\"color: #f7efd0;\">.<\/span><\/p>\n<p style=\"text-align: center;\"><a href=\"http:\/\/www.andersen-slekt.info\/wp-content\/uploads\/2021\/01\/hanschart.png\"><img loading=\"lazy\" decoding=\"async\" class=\"alignnone wp-image-8351\" src=\"http:\/\/www.andersen-slekt.info\/wp-content\/uploads\/2021\/01\/hanschart-300x277.png\" alt=\"\" width=\"500\" height=\"462\" srcset=\"https:\/\/www.andersen-slekt.info\/wp-content\/uploads\/2021\/01\/hanschart-300x277.png 300w, https:\/\/www.andersen-slekt.info\/wp-content\/uploads\/2021\/01\/hanschart-1024x946.png 1024w, https:\/\/www.andersen-slekt.info\/wp-content\/uploads\/2021\/01\/hanschart-768x709.png 768w, https:\/\/www.andersen-slekt.info\/wp-content\/uploads\/2021\/01\/hanschart-1536x1418.png 1536w, https:\/\/www.andersen-slekt.info\/wp-content\/uploads\/2021\/01\/hanschart-2048x1891.png 2048w\" sizes=\"auto, (max-width: 500px) 100vw, 500px\" \/><\/a><\/p>\n<p><span style=\"color: #f7efd0;\">.<\/span><\/p>\n<p><a href=\"https:\/\/www.andersen-slekt.info\/en\/andersen\/matthias\/rudolph\/anna-og-eilif\/hans\/hans-album\/\"><img loading=\"lazy\" decoding=\"async\" class=\"aligncenter wp-image-9361 size-medium\" src=\"https:\/\/www.andersen-slekt.info\/wp-content\/uploads\/2021\/03\/album-300x150.png\" alt=\"\" width=\"300\" height=\"150\" srcset=\"https:\/\/www.andersen-slekt.info\/wp-content\/uploads\/2021\/03\/album-300x150.png 300w, https:\/\/www.andersen-slekt.info\/wp-content\/uploads\/2021\/03\/album.png 600w\" sizes=\"auto, (max-width: 300px) 100vw, 300px\" \/><\/a><\/p>\n<p><span style=\"color: #f7efd0;\">.<\/span><\/p>\n<p style=\"text-align: center;\"><img loading=\"lazy\" decoding=\"async\" class=\"alignnone wp-image-8890 size-full\" src=\"http:\/\/www.andersen-slekt.info\/wp-content\/uploads\/2021\/01\/Hansb-2.jpg\" alt=\"\" width=\"300\" height=\"461\" srcset=\"https:\/\/www.andersen-slekt.info\/wp-content\/uploads\/2021\/01\/Hansb-2.jpg 300w, https:\/\/www.andersen-slekt.info\/wp-content\/uploads\/2021\/01\/Hansb-2-195x300.jpg 195w\" sizes=\"auto, (max-width: 300px) 100vw, 300px\" \/><\/p>\n<p align=\"left\"><span style=\"font-size: 13pt;\">Hans stiftet handelsskolen HAV i Bergen, og underviste her fram til han gikk av med pensjon. Han var gift med Jussie Margot Hansen (f. 27\/4-14 i Bergen).<\/span><\/p>\n<p style=\"text-align: center;\" align=\"left\"><img loading=\"lazy\" decoding=\"async\" class=\"alignnone size-full wp-image-8889\" src=\"http:\/\/www.andersen-slekt.info\/wp-content\/uploads\/2021\/01\/output-onlinepngtools-36-1.png\" alt=\"\" width=\"200\" height=\"144\" \/><\/p>\n<p style=\"text-align: center;\" align=\"left\"><img loading=\"lazy\" decoding=\"async\" class=\"alignnone wp-image-8888 size-full\" src=\"http:\/\/www.andersen-slekt.info\/wp-content\/uploads\/2021\/01\/bilde14b_1.jpg\" alt=\"\" width=\"389\" height=\"313\" srcset=\"https:\/\/www.andersen-slekt.info\/wp-content\/uploads\/2021\/01\/bilde14b_1.jpg 389w, https:\/\/www.andersen-slekt.info\/wp-content\/uploads\/2021\/01\/bilde14b_1-300x241.jpg 300w\" sizes=\"auto, (max-width: 389px) 100vw, 389px\" \/><\/p>\n<p style=\"text-align: center;\" align=\"left\"><span style=\"font-size: 13pt;\">Anna, Erling, Liv, Jenny og Hans (foran)<\/span><\/p>\n<p style=\"text-align: center;\" align=\"left\"><img loading=\"lazy\" decoding=\"async\" class=\"alignnone wp-image-8887\" src=\"http:\/\/www.andersen-slekt.info\/wp-content\/uploads\/2021\/01\/hans_1.jpg\" alt=\"\" width=\"611\" height=\"461\" srcset=\"https:\/\/www.andersen-slekt.info\/wp-content\/uploads\/2021\/01\/hans_1.jpg 550w, https:\/\/www.andersen-slekt.info\/wp-content\/uploads\/2021\/01\/hans_1-300x226.jpg 300w\" sizes=\"auto, (max-width: 611px) 100vw, 611px\" \/><\/p>\n<p style=\"text-align: center;\" align=\"left\"><span style=\"font-size: 13pt;\">Det er Hans som har gjort mesteparten av slektsgranskingen av Andersen-slekten (presentert p\u00e5 disse sidene), og gav ut boken &laquo;Slekten Andersen&raquo; i 1986. Han hadde ogs\u00e5 ansvaret for slekts-stevnet i Larvik samme \u00e5r.<\/span><\/p>\n<p style=\"text-align: center;\" align=\"left\"><a href=\"http:\/\/www.andersen-slekt.info\/wp-content\/uploads\/2021\/01\/slekt-1.jpg\"><img loading=\"lazy\" decoding=\"async\" class=\"alignnone wp-image-8508\" src=\"http:\/\/www.andersen-slekt.info\/wp-content\/uploads\/2021\/01\/slekt-1-300x183.jpg\" alt=\"\" width=\"700\" height=\"428\" srcset=\"https:\/\/www.andersen-slekt.info\/wp-content\/uploads\/2021\/01\/slekt-1-300x183.jpg 300w, https:\/\/www.andersen-slekt.info\/wp-content\/uploads\/2021\/01\/slekt-1-1024x626.jpg 1024w, https:\/\/www.andersen-slekt.info\/wp-content\/uploads\/2021\/01\/slekt-1-768x469.jpg 768w, https:\/\/www.andersen-slekt.info\/wp-content\/uploads\/2021\/01\/slekt-1.jpg 1276w\" sizes=\"auto, (max-width: 700px) 100vw, 700px\" \/><\/a><\/p>\n<p style=\"text-align: center;\" align=\"left\"><span style=\"font-size: 13pt;\">Fra Andersen slekts-stevne i Larvik i 1986<\/span><\/p>\n<p style=\"text-align: center;\" align=\"left\"><a href=\"http:\/\/www.andersen-slekt.info\/wp-content\/uploads\/2021\/01\/File0058-1.jpg\"><img loading=\"lazy\" decoding=\"async\" class=\"alignnone wp-image-8886\" src=\"http:\/\/www.andersen-slekt.info\/wp-content\/uploads\/2021\/01\/File0058-1-300x262.jpg\" alt=\"\" width=\"600\" height=\"524\" srcset=\"https:\/\/www.andersen-slekt.info\/wp-content\/uploads\/2021\/01\/File0058-1-300x262.jpg 300w, https:\/\/www.andersen-slekt.info\/wp-content\/uploads\/2021\/01\/File0058-1-1024x895.jpg 1024w, https:\/\/www.andersen-slekt.info\/wp-content\/uploads\/2021\/01\/File0058-1-768x671.jpg 768w, https:\/\/www.andersen-slekt.info\/wp-content\/uploads\/2021\/01\/File0058-1.jpg 1092w\" sizes=\"auto, (max-width: 600px) 100vw, 600px\" \/><\/a><\/p>\n<p style=\"text-align: center;\" align=\"left\"><span style=\"font-size: 13pt;\">Hans fotograferer Jussie, Ingjerd, Kari, Eilif og Willy<\/span><\/p>\n<p style=\"text-align: center;\" align=\"left\"><a href=\"http:\/\/www.andersen-slekt.info\/wp-content\/uploads\/2021\/01\/hansCC.jpg\"><img loading=\"lazy\" decoding=\"async\" class=\"alignnone wp-image-8895\" src=\"http:\/\/www.andersen-slekt.info\/wp-content\/uploads\/2021\/01\/hansCC-300x282.jpg\" alt=\"\" width=\"500\" height=\"469\" srcset=\"https:\/\/www.andersen-slekt.info\/wp-content\/uploads\/2021\/01\/hansCC-300x282.jpg 300w, https:\/\/www.andersen-slekt.info\/wp-content\/uploads\/2021\/01\/hansCC-768x721.jpg 768w, https:\/\/www.andersen-slekt.info\/wp-content\/uploads\/2021\/01\/hansCC.jpg 812w\" sizes=\"auto, (max-width: 500px) 100vw, 500px\" \/><\/a><\/p>\n<p style=\"text-align: center;\" align=\"left\"><span style=\"font-size: 13pt;\">Hans deltar i selskapeligheter<\/span><\/p>\n<p style=\"text-align: center;\" align=\"left\"><span style=\"font-size: 13pt;\">I famili\u00e6r sammenheng var Hans et stort muntrasjonr\u00e5d. Ved f\u00f8dselsdager og brylluper laget han ofte sanger og fant p\u00e5 andre artige innslag. Et godt eksempel kan h\u00f8res <span style=\"color: #806239;\"><a style=\"color: #806239;\" href=\"http:\/\/www.andersen-slekt.info\/en\/lyd-og-video\/\"><strong>here<\/strong><\/a><\/span>.<\/span><\/p>\n<p align=\"left\"><span style=\"color: #f7efd0;\">.<\/span><\/p>\n<p style=\"text-align: center;\" align=\"left\"><span style=\"font-size: 13pt;\"><strong>Med bestefars gamle smie under balkongen (\u00d8P 19. august 1992)<\/strong><\/span><\/p>\n<p style=\"text-align: center;\" align=\"left\"><img loading=\"lazy\" decoding=\"async\" class=\"alignnone wp-image-8884 size-full\" src=\"http:\/\/www.andersen-slekt.info\/wp-content\/uploads\/2021\/01\/2015-07-25-0001.jpg\" alt=\"\" width=\"665\" height=\"380\" srcset=\"https:\/\/www.andersen-slekt.info\/wp-content\/uploads\/2021\/01\/2015-07-25-0001.jpg 665w, https:\/\/www.andersen-slekt.info\/wp-content\/uploads\/2021\/01\/2015-07-25-0001-300x171.jpg 300w\" sizes=\"auto, (max-width: 665px) 100vw, 665px\" \/><\/p>\n<p style=\"text-align: center;\" align=\"left\"><span style=\"font-size: 13pt;\"><em>Under balkongen ser Hans Andersen rett ned p\u00e5 tomta der bestefaren bygde sin gamle smie<\/em><\/span><\/p>\n<p style=\"text-align: center;\" align=\"left\"><img loading=\"lazy\" decoding=\"async\" class=\"alignnone wp-image-8883\" src=\"http:\/\/www.andersen-slekt.info\/wp-content\/uploads\/2021\/01\/2015-07-25-0006-300x93-1.jpg\" alt=\"\" width=\"433\" height=\"134\" \/><\/p>\n<p style=\"text-align: center;\" align=\"left\"><img loading=\"lazy\" decoding=\"async\" class=\"alignnone wp-image-8882 size-full\" src=\"http:\/\/www.andersen-slekt.info\/wp-content\/uploads\/2021\/01\/2015-07-25-0004b.jpg\" alt=\"\" width=\"740\" height=\"350\" srcset=\"https:\/\/www.andersen-slekt.info\/wp-content\/uploads\/2021\/01\/2015-07-25-0004b.jpg 740w, https:\/\/www.andersen-slekt.info\/wp-content\/uploads\/2021\/01\/2015-07-25-0004b-300x142.jpg 300w\" sizes=\"auto, (max-width: 740px) 100vw, 740px\" \/><\/p>\n<p align=\"left\"><span style=\"color: #f7efd0;\">.<\/span><\/p>\n<p style=\"text-align: left;\" align=\"left\"><span style=\"font-size: 14pt;\">Avisinnlegg av Hans:<\/span><\/p>\n<p style=\"text-align: center;\" align=\"left\"><img loading=\"lazy\" decoding=\"async\" class=\"alignnone wp-image-8881\" src=\"http:\/\/www.andersen-slekt.info\/wp-content\/uploads\/2021\/01\/output-onlinepngtools-38-1-150x300.png\" alt=\"\" width=\"450\" height=\"903\" srcset=\"https:\/\/www.andersen-slekt.info\/wp-content\/uploads\/2021\/01\/output-onlinepngtools-38-1-150x300.png 150w, https:\/\/www.andersen-slekt.info\/wp-content\/uploads\/2021\/01\/output-onlinepngtools-38-1-510x1024.png 510w, https:\/\/www.andersen-slekt.info\/wp-content\/uploads\/2021\/01\/output-onlinepngtools-38-1-768x1541.png 768w, https:\/\/www.andersen-slekt.info\/wp-content\/uploads\/2021\/01\/output-onlinepngtools-38-1-766x1536.png 766w, https:\/\/www.andersen-slekt.info\/wp-content\/uploads\/2021\/01\/output-onlinepngtools-38-1-1021x2048.png 1021w, https:\/\/www.andersen-slekt.info\/wp-content\/uploads\/2021\/01\/output-onlinepngtools-38-1.png 1139w\" sizes=\"auto, (max-width: 450px) 100vw, 450px\" \/><\/p>\n<p style=\"text-align: center;\" align=\"left\"><a href=\"http:\/\/www.andersen-slekt.info\/wp-content\/uploads\/2021\/01\/Hans_2005.jpg\"><img loading=\"lazy\" decoding=\"async\" class=\"alignnone wp-image-8880\" src=\"http:\/\/www.andersen-slekt.info\/wp-content\/uploads\/2021\/01\/Hans_2005-300x204.jpg\" alt=\"\" width=\"600\" height=\"408\" srcset=\"https:\/\/www.andersen-slekt.info\/wp-content\/uploads\/2021\/01\/Hans_2005-300x204.jpg 300w, https:\/\/www.andersen-slekt.info\/wp-content\/uploads\/2021\/01\/Hans_2005-1024x696.jpg 1024w, https:\/\/www.andersen-slekt.info\/wp-content\/uploads\/2021\/01\/Hans_2005-768x522.jpg 768w, https:\/\/www.andersen-slekt.info\/wp-content\/uploads\/2021\/01\/Hans_2005-1536x1044.jpg 1536w, https:\/\/www.andersen-slekt.info\/wp-content\/uploads\/2021\/01\/Hans_2005.jpg 1725w\" sizes=\"auto, (max-width: 600px) 100vw, 600px\" \/><\/a><\/p>\n<p style=\"text-align: center;\" align=\"left\"><span style=\"font-size: 13pt;\">Ingjerd og Hans i 2005<\/span><\/p>\n<p align=\"left\"><a href=\"http:\/\/www.andersen-slekt.info\/wp-content\/uploads\/2021\/01\/output-onlinepngtools-37-1.png\"><img loading=\"lazy\" decoding=\"async\" class=\"aligncenter wp-image-8879\" src=\"http:\/\/www.andersen-slekt.info\/wp-content\/uploads\/2021\/01\/output-onlinepngtools-37-1-300x246.png\" alt=\"\" width=\"600\" height=\"493\" srcset=\"https:\/\/www.andersen-slekt.info\/wp-content\/uploads\/2021\/01\/output-onlinepngtools-37-1-300x246.png 300w, https:\/\/www.andersen-slekt.info\/wp-content\/uploads\/2021\/01\/output-onlinepngtools-37-1-1024x841.png 1024w, https:\/\/www.andersen-slekt.info\/wp-content\/uploads\/2021\/01\/output-onlinepngtools-37-1-768x631.png 768w, https:\/\/www.andersen-slekt.info\/wp-content\/uploads\/2021\/01\/output-onlinepngtools-37-1-1536x1261.png 1536w, https:\/\/www.andersen-slekt.info\/wp-content\/uploads\/2021\/01\/output-onlinepngtools-37-1.png 1784w\" sizes=\"auto, (max-width: 600px) 100vw, 600px\" \/><\/a><\/p>\n<p align=\"left\"><img loading=\"lazy\" decoding=\"async\" class=\"aligncenter wp-image-8878 size-full\" src=\"https:\/\/www.andersen-slekt.info\/wp-content\/uploads\/2021\/01\/File0001_3.jpg\" alt=\"\" width=\"300\" height=\"555\" srcset=\"https:\/\/www.andersen-slekt.info\/wp-content\/uploads\/2021\/01\/File0001_3.jpg 300w, https:\/\/www.andersen-slekt.info\/wp-content\/uploads\/2021\/01\/File0001_3-162x300.jpg 162w\" sizes=\"auto, (max-width: 300px) 100vw, 300px\" \/><\/p>\n<p style=\"text-align: center;\" align=\"left\"><span style=\"font-size: 13pt;\">Hans intervjuet i \u00d8stlands-Posten 26. august 2006 <\/span><\/p>\n<p style=\"text-align: center;\" align=\"left\">\n<p style=\"text-align: right;\" align=\"left\"><img loading=\"lazy\" decoding=\"async\" class=\"alignnone size-full wp-image-8877\" src=\"http:\/\/www.andersen-slekt.info\/wp-content\/uploads\/2021\/01\/output-onlinepngtools-12.png\" alt=\"\" width=\"200\" height=\"117\" \/><\/p>\n<div class=\"pdfprnt-buttons pdfprnt-buttons-page pdfprnt-bottom-right\"><a href=\"http:\/\/www.andersen-slekt.info\/en\/wp-json\/wp\/v2\/pages\/7832?print=print\" class=\"pdfprnt-button pdfprnt-button-print\" target=\"_blank\"><img decoding=\"async\" src=\"https:\/\/www.andersen-slekt.info\/wp-content\/plugins\/pdf-print\/images\/print.png\" alt=\"image_print\" title=\"Print Content\" \/><span class=\"pdfprnt-button-title pdfprnt-button-print-title\">print<\/span><\/a><\/div>","protected":false},"excerpt":{"rendered":"<p>Hans Andersen 09.01.1913 &#8211; 16.11.2007 . . . Hans stiftet handelsskolen HAV i Bergen, og underviste her fram til han gikk av med pensjon. Han var gift med Jussie Margot Hansen (f. 27\/4-14 i Bergen). Anna, Erling, Liv, Jenny og Hans (foran) Det er Hans som har gjort mesteparten av slektsgranskingen av Andersen-slekten (presentert p\u00e5 [&hellip;]<\/p>","protected":false},"author":1,"featured_media":0,"parent":499,"menu_order":0,"comment_status":"closed","ping_status":"closed","template":"no_sidebar.php","meta":{"footnotes":""},"class_list":["post-7832","page","type-page","status-publish","hentry"],"_links":{"self":[{"href":"http:\/\/www.andersen-slekt.info\/en\/wp-json\/wp\/v2\/pages\/7832","targetHints":{"allow":["GET"]}}],"collection":[{"href":"http:\/\/www.andersen-slekt.info\/en\/wp-json\/wp\/v2\/pages"}],"about":[{"href":"http:\/\/www.andersen-slekt.info\/en\/wp-json\/wp\/v2\/types\/page"}],"author":[{"embeddable":true,"href":"http:\/\/www.andersen-slekt.info\/en\/wp-json\/wp\/v2\/users\/1"}],"replies":[{"embeddable":true,"href":"http:\/\/www.andersen-slekt.info\/en\/wp-json\/wp\/v2\/comments?post=7832"}],"version-history":[{"count":24,"href":"http:\/\/www.andersen-slekt.info\/en\/wp-json\/wp\/v2\/pages\/7832\/revisions"}],"predecessor-version":[{"id":9365,"href":"http:\/\/www.andersen-slekt.info\/en\/wp-json\/wp\/v2\/pages\/7832\/revisions\/9365"}],"up":[{"embeddable":true,"href":"http:\/\/www.andersen-slekt.info\/en\/wp-json\/wp\/v2\/pages\/499"}],"wp:attachment":[{"href":"http:\/\/www.andersen-slekt.info\/en\/wp-json\/wp\/v2\/media?parent=7832"}],"curies":[{"name":"wp","href":"https:\/\/api.w.org\/{rel}","templated":true}]}}