{"id":497,"date":"2015-05-12T16:33:42","date_gmt":"2015-05-12T16:33:42","guid":{"rendered":"https:\/\/ww2.fjeldskaar.com\/?page_id=497"},"modified":"2021-08-28T15:59:17","modified_gmt":"2021-08-28T13:59:17","slug":"detre-jakobsen","status":"publish","type":"page","link":"http:\/\/www.andersen-slekt.info\/en\/andersen\/matthias\/detre-jakobsen\/","title":{"rendered":"Detre Jakobsen"},"content":{"rendered":"<h1 style=\"text-align: center;\"><span style=\"color: #806239; font-size: 30pt; font-family: 'Great Vibes';\">Johan Hartvig Detre Jacobsen<\/span><\/h1>\n<p><span style=\"color: #f7efd0;\">.<\/span><\/p>\n<p><span style=\"font-size: 13pt; font-family: 'book antiqua', palatino;\">Johan Hartvig Detre Jacobsen (f. 1867) was the brother of <strong><span style=\"color: #806239;\"><a style=\"color: #806239;\" href=\"http:\/\/www.andersen-slekt.info\/en\/andersen\/matthias\/rudolph\/\">Jenny Aagot Katrine Jacobsen<\/a><\/span><\/strong>. Johan Hartvig slo seg ned i S\u00f8r-Afrika med sin familie.<\/span><\/p>\n<p><a href=\"http:\/\/www.andersen-slekt.info\/wp-content\/uploads\/2021\/01\/jacobChristian.png\"><img loading=\"lazy\" decoding=\"async\" class=\"aligncenter wp-image-8168\" src=\"http:\/\/www.andersen-slekt.info\/wp-content\/uploads\/2021\/01\/jacobChristian-237x300.png\" alt=\"\" width=\"337\" height=\"426\" srcset=\"https:\/\/www.andersen-slekt.info\/wp-content\/uploads\/2021\/01\/jacobChristian-237x300.png 237w, https:\/\/www.andersen-slekt.info\/wp-content\/uploads\/2021\/01\/jacobChristian.png 469w\" sizes=\"auto, (max-width: 337px) 100vw, 337px\" \/><\/a><\/p>\n<p><span style=\"color: #f7efd0;\">.<\/span><\/p>\n<div dir=\"ltr\"><span style=\"font-size: 13pt; font-family: 'book antiqua', palatino;\">Johan Hartvig and Jenny Aagot were both born and grew up in their home called \"Elverheim\" in \u00d8stre Halsen (pictures below; historical map of \u00d8stre Halsen <span style=\"color: #806239;\"><strong><a style=\"color: #806239;\" href=\"http:\/\/www.andersen-slekt.info\/en\/kart-3\/\">here<\/a><\/strong><\/span>). Their father, Jacob Christian Jacobsen, bought this house in 1862. Jenny Aagot was born in 1865 and Johan Hartvig in 1867. They both went to school in this area. When Johan Hartvig left Norway for the first time is not known.<\/span><\/div>\n<div dir=\"ltr\"><\/div>\n<div dir=\"ltr\"><span style=\"color: #f7efd0;\">.<\/span><\/div>\n<div dir=\"ltr\"><\/div>\n<div dir=\"ltr\"><a href=\"http:\/\/www.andersen-slekt.info\/wp-content\/uploads\/2021\/01\/elverheim4-1.png\"><img loading=\"lazy\" decoding=\"async\" class=\"wp-image-8855 size-medium alignnone\" src=\"http:\/\/www.andersen-slekt.info\/wp-content\/uploads\/2021\/01\/elverheim4-1-300x164.png\" alt=\"\" width=\"300\" height=\"164\" srcset=\"https:\/\/www.andersen-slekt.info\/wp-content\/uploads\/2021\/01\/elverheim4-1-300x164.png 300w, https:\/\/www.andersen-slekt.info\/wp-content\/uploads\/2021\/01\/elverheim4-1-768x421.png 768w, https:\/\/www.andersen-slekt.info\/wp-content\/uploads\/2021\/01\/elverheim4-1.png 770w\" sizes=\"auto, (max-width: 300px) 100vw, 300px\" \/><\/a> <a href=\"http:\/\/www.andersen-slekt.info\/wp-content\/uploads\/2021\/01\/elverheim3-1.png\"><img loading=\"lazy\" decoding=\"async\" class=\"wp-image-8854 alignnone\" src=\"http:\/\/www.andersen-slekt.info\/wp-content\/uploads\/2021\/01\/elverheim3-1-300x140.png\" alt=\"\" width=\"347\" height=\"162\" srcset=\"https:\/\/www.andersen-slekt.info\/wp-content\/uploads\/2021\/01\/elverheim3-1-300x140.png 300w, https:\/\/www.andersen-slekt.info\/wp-content\/uploads\/2021\/01\/elverheim3-1-768x358.png 768w, https:\/\/www.andersen-slekt.info\/wp-content\/uploads\/2021\/01\/elverheim3-1.png 860w\" sizes=\"auto, (max-width: 347px) 100vw, 347px\" \/><\/a><\/div>\n<div dir=\"ltr\">\n<div>\n<div><\/div>\n<\/div>\n<div><span style=\"color: #f7efd0;\">.<\/span><\/div>\n<div><\/div>\n<div><span style=\"font-size: 13pt; font-family: 'book antiqua', palatino;\">Johan Hartvig met Ellen Sweeney (from Ireland) in Australia. They got four kids during their stay in Australia. Johan Hartvig (and Ellen Sweeney with kids) returned to Norway in 1896, and got two more kids there. The kids were; Daniel (b. 1891), Elizabeth Marie (b. 1892), Ellie Josephine (b. 1893), Johan Hartvig (b. 1896?), Otilia (\u2018Tillie\u2019, b. 1897) and Jacob Christian (\u2018Pippin\u2019, b. 1904). Their eldest son, Johan Daniel (b. 1891) died of blood poisoning and was buried in Tj\u00f8lling churchyard 20. October 1896. Otilie was born in Norway in 1897 and Jacob in 1904. In 1898 Johan Hartvig bought the house \"Mellemheimen\" (see historical map of \u00d8stre Halsen <strong><span style=\"color: #806239;\"><a style=\"color: #806239;\" href=\"http:\/\/www.andersen-slekt.info\/en\/kart-3\/\">here<\/a><\/span><\/strong>), which they owned until 1903. One may wonder if they bought this house because they planned to settle in Norway. But unfortunately the house was destroyed in a fire in 1902. Maybe the fire influenced their choice to leave Norway.<\/span><\/div>\n<div><span style=\"color: #f7efd0;\">.<\/span><\/div>\n<div style=\"text-align: center;\"><a href=\"http:\/\/www.andersen-slekt.info\/wp-content\/uploads\/2021\/01\/output-onlinepngtools-2020-11-11T172140.255.png\"><img loading=\"lazy\" decoding=\"async\" class=\"aligncenter wp-image-9022\" src=\"http:\/\/www.andersen-slekt.info\/wp-content\/uploads\/2021\/01\/output-onlinepngtools-2020-11-11T172140.255-300x253.png\" alt=\"\" width=\"500\" height=\"421\" srcset=\"https:\/\/www.andersen-slekt.info\/wp-content\/uploads\/2021\/01\/output-onlinepngtools-2020-11-11T172140.255-300x253.png 300w, https:\/\/www.andersen-slekt.info\/wp-content\/uploads\/2021\/01\/output-onlinepngtools-2020-11-11T172140.255.png 667w\" sizes=\"auto, (max-width: 500px) 100vw, 500px\" \/><\/a><span style=\"font-size: 13pt;\">Map of \u00d8stre Halsen (Larvik east). To zoom in, press<\/span><\/div>\n<div><span style=\"color: #f7efd0;\">.<\/span><\/div>\n<div><span style=\"color: #f7efd0;\">.<\/span><\/div>\n<div><\/div>\n<div style=\"text-align: center;\"><a href=\"http:\/\/www.andersen-slekt.info\/wp-content\/uploads\/2021\/01\/halsegt48_hus-1.png\"><img loading=\"lazy\" decoding=\"async\" class=\"alignnone wp-image-8853\" src=\"http:\/\/www.andersen-slekt.info\/wp-content\/uploads\/2021\/01\/halsegt48_hus-1-300x206.png\" alt=\"\" width=\"400\" height=\"275\" srcset=\"https:\/\/www.andersen-slekt.info\/wp-content\/uploads\/2021\/01\/halsegt48_hus-1-300x206.png 300w, https:\/\/www.andersen-slekt.info\/wp-content\/uploads\/2021\/01\/halsegt48_hus-1.png 621w\" sizes=\"auto, (max-width: 400px) 100vw, 400px\" \/><\/a><\/div>\n<div><\/div>\n<div>\n<div><span style=\"color: #f7efd0;\">.<\/span><\/div>\n<\/div>\n<div><span style=\"font-size: 13pt; font-family: 'book antiqua', palatino;\">After Johan Hartvig sold the house \"Mellemheim\" in 1903, he left Norway August 25th 1903 for South Africa. He traveled alone. From emigration documents:<\/span><\/div>\n<div style=\"text-align: center;\"><a href=\"http:\/\/www.andersen-slekt.info\/wp-content\/uploads\/2021\/01\/output-onlinepngtools-2020-11-14T151123.062.png\"><img loading=\"lazy\" decoding=\"async\" class=\"alignnone wp-image-8852\" src=\"http:\/\/www.andersen-slekt.info\/wp-content\/uploads\/2021\/01\/output-onlinepngtools-2020-11-14T151123.062-300x28.png\" alt=\"\" width=\"700\" height=\"66\" srcset=\"https:\/\/www.andersen-slekt.info\/wp-content\/uploads\/2021\/01\/output-onlinepngtools-2020-11-14T151123.062-300x28.png 300w, https:\/\/www.andersen-slekt.info\/wp-content\/uploads\/2021\/01\/output-onlinepngtools-2020-11-14T151123.062-768x73.png 768w, https:\/\/www.andersen-slekt.info\/wp-content\/uploads\/2021\/01\/output-onlinepngtools-2020-11-14T151123.062.png 792w\" sizes=\"auto, (max-width: 700px) 100vw, 700px\" \/><\/a><\/div>\n<div>\n<div><\/div>\n<div><\/div>\n<div>\n<div dir=\"ltr\">\n<div dir=\"ltr\">\n<div dir=\"ltr\">\n<div dir=\"ltr\">\n<div dir=\"ltr\">\n<div dir=\"ltr\">\n<div dir=\"ltr\">\n<div dir=\"ltr\">\n<div><span style=\"font-size: 13pt; color: #f7efd0; font-family: 'book antiqua', palatino;\">.<\/span><\/div>\n<div><span style=\"font-size: 13pt; font-family: 'book antiqua', palatino;\">The remaining family members stayed behind, and lived in Undersbo, Larvik. They left Norway almost 3 years after Johan Hartvig, May 23rd 1906.<\/span><\/div>\n<p><img loading=\"lazy\" decoding=\"async\" class=\"wp-image-8851 size-full aligncenter\" src=\"http:\/\/www.andersen-slekt.info\/wp-content\/uploads\/2021\/01\/output-onlinepngtools-2020-11-14T151113.406.png\" alt=\"\" width=\"768\" height=\"344\" srcset=\"https:\/\/www.andersen-slekt.info\/wp-content\/uploads\/2021\/01\/output-onlinepngtools-2020-11-14T151113.406.png 768w, https:\/\/www.andersen-slekt.info\/wp-content\/uploads\/2021\/01\/output-onlinepngtools-2020-11-14T151113.406-300x134.png 300w\" sizes=\"auto, (max-width: 768px) 100vw, 768px\" \/><\/p>\n<div><\/div>\n<div>\n<div><\/div>\n<\/div>\n<div><span style=\"font-size: 13pt; color: #f7efd0; font-family: 'book antiqua', palatino;\">.<\/span><\/div>\n<div><span style=\"font-size: 13pt; font-family: 'book antiqua', palatino;\">Some of the kids obviously went to school in Norway, and learned to speak Norwegian. Where on Undersbo did they live? <span style=\"color: #806239;\"><strong><a style=\"color: #806239;\" href=\"http:\/\/www.andersen-slekt.info\/en\/andersen\/matthias\/gusta-marie\/\">Gusta Marie Thorsen<\/a><\/strong><\/span> lived in Undersbo (Helgesens gate 7) at that time, with three kids (teenagers). Maybe they rented rooms at her house.<\/span><\/div>\n<\/div>\n<\/div>\n<\/div>\n<\/div>\n<\/div>\n<\/div>\n<\/div>\n<\/div>\n<\/div>\n<\/div>\n<div><\/div>\n<\/div>\n<p style=\"text-align: center;\"><img loading=\"lazy\" decoding=\"async\" class=\"alignnone wp-image-8850 size-full\" src=\"http:\/\/www.andersen-slekt.info\/wp-content\/uploads\/2021\/01\/Jacobsen_Family_Abt_1895-1.jpg\" alt=\"\" width=\"575\" height=\"800\" srcset=\"https:\/\/www.andersen-slekt.info\/wp-content\/uploads\/2021\/01\/Jacobsen_Family_Abt_1895-1.jpg 575w, https:\/\/www.andersen-slekt.info\/wp-content\/uploads\/2021\/01\/Jacobsen_Family_Abt_1895-1-216x300.jpg 216w\" sizes=\"auto, (max-width: 575px) 100vw, 575px\" \/><\/p>\n<p><span style=\"font-size: 13pt; font-family: 'book antiqua', palatino;\"><em>Johan Hartvig Detre Jacobsen, his wife Ellen and their children Daniel (who died when he was 5 years old), Elizabeth Marie (later married Hicks) and Ellie Josephine (later Aagaard-Jensen). The picture is probably taken in Australia in 1895.<\/em><\/span><\/p>\n<p><span style=\"color: #f7efd0;\">.<\/span><\/p>\n<p style=\"text-align: center;\"><a href=\"http:\/\/www.andersen-slekt.info\/wp-content\/uploads\/2021\/01\/output-onlinepngtools-2020-11-14T151545.616.png\"><img loading=\"lazy\" decoding=\"async\" class=\"alignnone wp-image-8857\" src=\"http:\/\/www.andersen-slekt.info\/wp-content\/uploads\/2021\/01\/output-onlinepngtools-2020-11-14T151545.616-300x225.png\" alt=\"\" width=\"600\" height=\"450\" srcset=\"https:\/\/www.andersen-slekt.info\/wp-content\/uploads\/2021\/01\/output-onlinepngtools-2020-11-14T151545.616-300x225.png 300w, https:\/\/www.andersen-slekt.info\/wp-content\/uploads\/2021\/01\/output-onlinepngtools-2020-11-14T151545.616-1024x768.png 1024w, https:\/\/www.andersen-slekt.info\/wp-content\/uploads\/2021\/01\/output-onlinepngtools-2020-11-14T151545.616-768x576.png 768w, https:\/\/www.andersen-slekt.info\/wp-content\/uploads\/2021\/01\/output-onlinepngtools-2020-11-14T151545.616-1536x1152.png 1536w, https:\/\/www.andersen-slekt.info\/wp-content\/uploads\/2021\/01\/output-onlinepngtools-2020-11-14T151545.616-2048x1536.png 2048w\" sizes=\"auto, (max-width: 600px) 100vw, 600px\" \/><\/a><\/p>\n<p><span style=\"color: #f7efd0;\">.<\/span><\/p>\n<p><img loading=\"lazy\" decoding=\"async\" class=\"aligncenter wp-image-8856 size-full\" src=\"http:\/\/www.andersen-slekt.info\/wp-content\/uploads\/2021\/01\/JohanDetre_familie_636.jpg\" alt=\"\" width=\"636\" height=\"424\" srcset=\"https:\/\/www.andersen-slekt.info\/wp-content\/uploads\/2021\/01\/JohanDetre_familie_636.jpg 636w, https:\/\/www.andersen-slekt.info\/wp-content\/uploads\/2021\/01\/JohanDetre_familie_636-300x200.jpg 300w\" sizes=\"auto, (max-width: 636px) 100vw, 636px\" \/><\/p>\n<p style=\"text-align: center;\"><span style=\"font-size: 13pt;\"><em>Ellen Sweeney med barna Jacob (&laquo;Pippin&raquo;) p\u00e5 fanget, Otilie, Ellie, Johan Hartvig og Elizabeth Marie. Dette bildet m\u00e5 v\u00e6re tatt i Norge, da Jacob ble f\u00f8dt i 1904 og Ellen og barna f\u00f8rst reiste til S\u00f8r-Afrika i 1906 (bilde fra Noelle Parr).<\/em><\/span><\/p>\n<p style=\"text-align: center;\"><a href=\"http:\/\/www.andersen-slekt.info\/wp-content\/uploads\/2021\/01\/output-onlinepngtools-2020-11-14T154431.618.png\"><img loading=\"lazy\" decoding=\"async\" class=\"alignnone wp-image-8860\" src=\"http:\/\/www.andersen-slekt.info\/wp-content\/uploads\/2021\/01\/output-onlinepngtools-2020-11-14T154431.618-300x197.png\" alt=\"\" width=\"500\" height=\"329\" srcset=\"https:\/\/www.andersen-slekt.info\/wp-content\/uploads\/2021\/01\/output-onlinepngtools-2020-11-14T154431.618-300x197.png 300w, https:\/\/www.andersen-slekt.info\/wp-content\/uploads\/2021\/01\/output-onlinepngtools-2020-11-14T154431.618-1024x673.png 1024w, https:\/\/www.andersen-slekt.info\/wp-content\/uploads\/2021\/01\/output-onlinepngtools-2020-11-14T154431.618-768x505.png 768w, https:\/\/www.andersen-slekt.info\/wp-content\/uploads\/2021\/01\/output-onlinepngtools-2020-11-14T154431.618-1536x1010.png 1536w, https:\/\/www.andersen-slekt.info\/wp-content\/uploads\/2021\/01\/output-onlinepngtools-2020-11-14T154431.618-2048x1347.png 2048w\" sizes=\"auto, (max-width: 500px) 100vw, 500px\" \/><\/a><\/p>\n<p style=\"text-align: center;\">Click to see a better resolution<\/p>\n<p>&nbsp;<\/p>\n<p style=\"text-align: center;\"><img loading=\"lazy\" decoding=\"async\" class=\"alignnone wp-image-8859 size-full\" src=\"http:\/\/www.andersen-slekt.info\/wp-content\/uploads\/2021\/01\/output-onlinepngtools-71.png\" alt=\"\" width=\"500\" height=\"701\" srcset=\"https:\/\/www.andersen-slekt.info\/wp-content\/uploads\/2021\/01\/output-onlinepngtools-71.png 500w, https:\/\/www.andersen-slekt.info\/wp-content\/uploads\/2021\/01\/output-onlinepngtools-71-214x300.png 214w\" sizes=\"auto, (max-width: 500px) 100vw, 500px\" \/><\/p>\n<p style=\"text-align: center;\">Pedigree chart for Johan Detre Jacobsen (family study conducted by Hans Andersen)<\/p>\n<p style=\"text-align: center;\"><img loading=\"lazy\" decoding=\"async\" class=\"alignnone size-full wp-image-8858\" src=\"http:\/\/www.andersen-slekt.info\/wp-content\/uploads\/2021\/01\/EllieCC-202x300-1.jpg\" alt=\"\" width=\"202\" height=\"300\" \/><\/p>\n<p style=\"text-align: center;\">Siblings Jacob (\u2018Pippin\u2019) and Ellie<\/p>\n<p style=\"text-align: left;\"><span style=\"font-size: 14pt; color: #806239;\"><strong>Elizabeth Marie<\/strong><\/span><\/p>\n<p style=\"text-align: center;\"><img loading=\"lazy\" decoding=\"async\" class=\"alignnone size-medium wp-image-8871\" src=\"http:\/\/www.andersen-slekt.info\/wp-content\/uploads\/2021\/01\/File0003_1-276x300-1.jpg\" alt=\"\" width=\"276\" height=\"300\" \/> <img loading=\"lazy\" decoding=\"async\" class=\"alignnone size-full wp-image-8872\" src=\"http:\/\/www.andersen-slekt.info\/wp-content\/uploads\/2021\/01\/File0002_1-281x300-1.jpg\" alt=\"\" width=\"281\" height=\"300\" \/><br \/>\nInez and Dick (son of Elizabeth Marie) Hicks in Norway in 1975; Inez and Eilif Andersen (left), and Dick, Inez, Ingjerd and William (right)<\/p>\n<p style=\"text-align: center;\"><img loading=\"lazy\" decoding=\"async\" class=\"alignnone wp-image-8870 size-full\" src=\"http:\/\/www.andersen-slekt.info\/wp-content\/uploads\/2021\/01\/File0001b_11.jpg\" alt=\"\" width=\"500\" height=\"357\" srcset=\"https:\/\/www.andersen-slekt.info\/wp-content\/uploads\/2021\/01\/File0001b_11.jpg 500w, https:\/\/www.andersen-slekt.info\/wp-content\/uploads\/2021\/01\/File0001b_11-300x214.jpg 300w\" sizes=\"auto, (max-width: 500px) 100vw, 500px\" \/><\/p>\n<p style=\"text-align: center;\">From left: Nancy (daughter of Elizabeth Marie Hicks; cf. the family tree above),<br \/>\nSandra and Robin (Nancy&#039;s daughters). In the second row:<br \/>\nBrian (Robin&#039;s husband) and Malcolm (Robin&#039;s son).<\/p>\n<p style=\"text-align: center;\"><img loading=\"lazy\" decoding=\"async\" class=\"alignnone wp-image-8869 size-full\" src=\"http:\/\/www.andersen-slekt.info\/wp-content\/uploads\/2021\/01\/Robin_Brian.jpg\" alt=\"\" width=\"560\" height=\"507\" srcset=\"https:\/\/www.andersen-slekt.info\/wp-content\/uploads\/2021\/01\/Robin_Brian.jpg 560w, https:\/\/www.andersen-slekt.info\/wp-content\/uploads\/2021\/01\/Robin_Brian-300x272.jpg 300w\" sizes=\"auto, (max-width: 560px) 100vw, 560px\" \/><\/p>\n<p style=\"text-align: center;\">Robin and Brian that the Pulpit Rock in Norway 2008.<\/p>\n<p><strong><span style=\"font-size: 14pt; color: #806239;\">Ellie Josephine<\/span><\/strong><\/p>\n<p style=\"text-align: center;\"><img loading=\"lazy\" decoding=\"async\" class=\"alignnone wp-image-8868\" src=\"http:\/\/www.andersen-slekt.info\/wp-content\/uploads\/2021\/01\/File0071B-300x213.jpg\" alt=\"\" width=\"500\" height=\"355\" srcset=\"https:\/\/www.andersen-slekt.info\/wp-content\/uploads\/2021\/01\/File0071B-300x213.jpg 300w, https:\/\/www.andersen-slekt.info\/wp-content\/uploads\/2021\/01\/File0071B-1024x727.jpg 1024w, https:\/\/www.andersen-slekt.info\/wp-content\/uploads\/2021\/01\/File0071B-768x545.jpg 768w, https:\/\/www.andersen-slekt.info\/wp-content\/uploads\/2021\/01\/File0071B.jpg 1222w\" sizes=\"auto, (max-width: 500px) 100vw, 500px\" \/><\/p>\n<p>Ellie Josephine Aagaard Jensen (daughter of Johan Hartvig Detre Jakobsen; cf. the family tree above) in Norway on our National Day, May 17. Here together with Anna and Eilif Andersen and their daughters Jenny and Ingjerd.<\/p>\n<p style=\"text-align: center;\"><a href=\"http:\/\/www.andersen-slekt.info\/wp-content\/uploads\/2021\/01\/File0022b_1.jpg\"><img loading=\"lazy\" decoding=\"async\" class=\"alignnone wp-image-8867\" src=\"http:\/\/www.andersen-slekt.info\/wp-content\/uploads\/2021\/01\/File0022b_1-300x213.jpg\" alt=\"\" width=\"400\" height=\"284\" srcset=\"https:\/\/www.andersen-slekt.info\/wp-content\/uploads\/2021\/01\/File0022b_1-300x213.jpg 300w, https:\/\/www.andersen-slekt.info\/wp-content\/uploads\/2021\/01\/File0022b_1.jpg 500w\" sizes=\"auto, (max-width: 400px) 100vw, 400px\" \/><\/a><br \/>\nEllie and Inger Reidun (born Fjeldskaar) outside Ellie&#039;s house in Herning, Denmark<\/p>\n<p style=\"text-align: center;\"><a href=\"http:\/\/www.andersen-slekt.info\/wp-content\/uploads\/2021\/01\/ellie.jpg\"><img loading=\"lazy\" decoding=\"async\" class=\"alignnone wp-image-8866\" src=\"http:\/\/www.andersen-slekt.info\/wp-content\/uploads\/2021\/01\/ellie-300x239.jpg\" alt=\"\" width=\"600\" height=\"477\" srcset=\"https:\/\/www.andersen-slekt.info\/wp-content\/uploads\/2021\/01\/ellie-300x239.jpg 300w, https:\/\/www.andersen-slekt.info\/wp-content\/uploads\/2021\/01\/ellie-1024x814.jpg 1024w, https:\/\/www.andersen-slekt.info\/wp-content\/uploads\/2021\/01\/ellie-768x611.jpg 768w, https:\/\/www.andersen-slekt.info\/wp-content\/uploads\/2021\/01\/ellie-1536x1222.jpg 1536w, https:\/\/www.andersen-slekt.info\/wp-content\/uploads\/2021\/01\/ellie-2048x1629.jpg 2048w\" sizes=\"auto, (max-width: 600px) 100vw, 600px\" \/><\/a><\/p>\n<p style=\"text-align: center;\"><img loading=\"lazy\" decoding=\"async\" class=\"alignnone wp-image-8865\" src=\"http:\/\/www.andersen-slekt.info\/wp-content\/uploads\/2021\/01\/ellie2-scaled-1-300x218.jpg\" alt=\"\" width=\"600\" height=\"435\" srcset=\"https:\/\/www.andersen-slekt.info\/wp-content\/uploads\/2021\/01\/ellie2-scaled-1-300x218.jpg 300w, https:\/\/www.andersen-slekt.info\/wp-content\/uploads\/2021\/01\/ellie2-scaled-1-1024x743.jpg 1024w, https:\/\/www.andersen-slekt.info\/wp-content\/uploads\/2021\/01\/ellie2-scaled-1-768x557.jpg 768w, https:\/\/www.andersen-slekt.info\/wp-content\/uploads\/2021\/01\/ellie2-scaled-1-1536x1115.jpg 1536w, https:\/\/www.andersen-slekt.info\/wp-content\/uploads\/2021\/01\/ellie2-scaled-1-2048x1486.jpg 2048w\" sizes=\"auto, (max-width: 600px) 100vw, 600px\" \/><\/p>\n<p style=\"text-align: center;\"><span style=\"font-size: 13pt;\">Interview with Ellie at her 100th birthday; English translation <span style=\"color: #806239;\"><strong><a style=\"color: #806239;\" href=\"http:\/\/www.andersen-slekt.info\/en\/andersen\/matthias\/detre-jakobsen\/interview-with-ellie\/\">here<\/a><\/strong><\/span>. Click for larger image.<\/span><\/p>\n<p><span style=\"color: #f7efd0;\">.<\/span><\/p>\n<p><span style=\"font-size: 14pt; color: #806239;\"><strong>Johan Hartvig Detre<\/strong><\/span><\/p>\n<p style=\"text-align: center;\"><img loading=\"lazy\" decoding=\"async\" class=\"alignnone wp-image-8864 size-full\" src=\"http:\/\/www.andersen-slekt.info\/wp-content\/uploads\/2021\/01\/Jacobsen2.jpg\" alt=\"\" width=\"500\" height=\"391\" srcset=\"https:\/\/www.andersen-slekt.info\/wp-content\/uploads\/2021\/01\/Jacobsen2.jpg 500w, https:\/\/www.andersen-slekt.info\/wp-content\/uploads\/2021\/01\/Jacobsen2-300x235.jpg 300w\" sizes=\"auto, (max-width: 500px) 100vw, 500px\" \/><br \/>\nFrom the wedding (?) of Johan Hartvig Detre and Mary Morrison in 1927.<\/p>\n<p><img loading=\"lazy\" decoding=\"async\" class=\"aligncenter wp-image-8863 size-full\" src=\"http:\/\/www.andersen-slekt.info\/wp-content\/uploads\/2021\/01\/Anella_John_1.jpg\" alt=\"\" width=\"400\" height=\"300\" srcset=\"https:\/\/www.andersen-slekt.info\/wp-content\/uploads\/2021\/01\/Anella_John_1.jpg 400w, https:\/\/www.andersen-slekt.info\/wp-content\/uploads\/2021\/01\/Anella_John_1-300x225.jpg 300w\" sizes=\"auto, (max-width: 400px) 100vw, 400px\" \/><\/p>\n<p style=\"text-align: center;\">Annella and John, children of Johan Hartvig Detre, and grandchildren of Johan Hartvig Detre Jakobsen<\/p>\n<p style=\"text-align: center;\"><img loading=\"lazy\" decoding=\"async\" class=\"alignnone wp-image-8862 size-full\" src=\"http:\/\/www.andersen-slekt.info\/wp-content\/uploads\/2021\/01\/Gavin_Shirley_Annette_John_Clive.jpg\" alt=\"\" width=\"450\" height=\"338\" srcset=\"https:\/\/www.andersen-slekt.info\/wp-content\/uploads\/2021\/01\/Gavin_Shirley_Annette_John_Clive.jpg 450w, https:\/\/www.andersen-slekt.info\/wp-content\/uploads\/2021\/01\/Gavin_Shirley_Annette_John_Clive-300x225.jpg 300w\" sizes=\"auto, (max-width: 450px) 100vw, 450px\" \/><br \/>\nJohn and his wife Shirley, with their children Gavin, Annette and Clive<\/p>\n<p><span style=\"color: #f7efd0;\">.<\/span><\/p>\n<p><span style=\"color: #f7efd0;\">.<\/span><\/p>\n<p>&nbsp;<\/p>\n<div class=\"pdfprnt-buttons pdfprnt-buttons-page pdfprnt-bottom-right\"><a href=\"http:\/\/www.andersen-slekt.info\/en\/wp-json\/wp\/v2\/pages\/497?print=print\" class=\"pdfprnt-button pdfprnt-button-print\" target=\"_blank\"><img decoding=\"async\" src=\"https:\/\/www.andersen-slekt.info\/wp-content\/plugins\/pdf-print\/images\/print.png\" alt=\"image_print\" title=\"Print Content\" \/><span class=\"pdfprnt-button-title pdfprnt-button-print-title\">print<\/span><\/a><\/div>","protected":false},"excerpt":{"rendered":"<p>Johan Hartvig Detre Jacobsen . Johan Hartvig Detre Jacobsen (f. 1867) var bror til Jenny Aagot Katrine Jacobsen. Johan Hartvig slo seg ned i S\u00f8r-Afrika med sin familie. . Johan Hartvig and Jenny Aagot were both born and grew up in their home called &laquo;Elverheim&raquo; in \u00d8stre Halsen (pictures below; historical map of \u00d8stre Halsen [&hellip;]<\/p>","protected":false},"author":1,"featured_media":0,"parent":491,"menu_order":0,"comment_status":"closed","ping_status":"closed","template":"no_sidebar.php","meta":{"footnotes":""},"class_list":["post-497","page","type-page","status-publish","hentry"],"_links":{"self":[{"href":"http:\/\/www.andersen-slekt.info\/en\/wp-json\/wp\/v2\/pages\/497","targetHints":{"allow":["GET"]}}],"collection":[{"href":"http:\/\/www.andersen-slekt.info\/en\/wp-json\/wp\/v2\/pages"}],"about":[{"href":"http:\/\/www.andersen-slekt.info\/en\/wp-json\/wp\/v2\/types\/page"}],"author":[{"embeddable":true,"href":"http:\/\/www.andersen-slekt.info\/en\/wp-json\/wp\/v2\/users\/1"}],"replies":[{"embeddable":true,"href":"http:\/\/www.andersen-slekt.info\/en\/wp-json\/wp\/v2\/comments?post=497"}],"version-history":[{"count":36,"href":"http:\/\/www.andersen-slekt.info\/en\/wp-json\/wp\/v2\/pages\/497\/revisions"}],"predecessor-version":[{"id":9576,"href":"http:\/\/www.andersen-slekt.info\/en\/wp-json\/wp\/v2\/pages\/497\/revisions\/9576"}],"up":[{"embeddable":true,"href":"http:\/\/www.andersen-slekt.info\/en\/wp-json\/wp\/v2\/pages\/491"}],"wp:attachment":[{"href":"http:\/\/www.andersen-slekt.info\/en\/wp-json\/wp\/v2\/media?parent=497"}],"curies":[{"name":"wp","href":"https:\/\/api.w.org\/{rel}","templated":true}]}}