{"id":233,"date":"2015-05-10T13:43:36","date_gmt":"2015-05-10T13:43:36","guid":{"rendered":"https:\/\/ww2.fjeldskaar.com\/?page_id=233"},"modified":"2021-05-17T09:19:12","modified_gmt":"2021-05-17T07:19:12","slug":"lyd-og-video","status":"publish","type":"page","link":"http:\/\/www.andersen-slekt.info\/en\/lyd-og-video\/","title":{"rendered":"Sound and video"},"content":{"rendered":"<p style=\"text-align: center;\"><span style=\"font-size: 30pt; font-family: 'Great Vibes'; color: #806239;\"><strong>Sound and video<\/strong><\/span><\/p>\n<p><span style=\"color: #f7efd0;\">.<\/span><\/p>\n<audio class=\"wp-audio-shortcode\" id=\"audio-233-1\" preload=\"none\" style=\"width: 100%;\" controls=\"controls\"><source type=\"audio\/mpeg\" src=\"https:\/\/ww2.fjeldskaar.com\/wp-content\/uploads\/2015\/05\/eilif90\u00e5r.mp3?_=1\" \/><a href=\"https:\/\/ww2.fjeldskaar.com\/wp-content\/uploads\/2015\/05\/eilif90\u00e5r.mp3\">https:\/\/ww2.fjeldskaar.com\/wp-content\/uploads\/2015\/05\/eilif90\u00e5r.mp3<\/a><\/audio>\n<p>Eilif Andersen 90 \u00e5r (1976)<\/p>\n<audio class=\"wp-audio-shortcode\" id=\"audio-233-2\" preload=\"none\" style=\"width: 100%;\" controls=\"controls\"><source type=\"audio\/mpeg\" src=\"https:\/\/ww2.fjeldskaar.com\/wp-content\/uploads\/2015\/05\/ordf\u00f8rer.mp3?_=2\" \/><a href=\"https:\/\/ww2.fjeldskaar.com\/wp-content\/uploads\/2015\/05\/ordf\u00f8rer.mp3\">https:\/\/ww2.fjeldskaar.com\/wp-content\/uploads\/2015\/05\/ordf\u00f8rer.mp3<\/a><\/audio>\n<p>Larviks-ordf\u00f8rer Ellefsen taler i Eilifs 90 \u00e5rs dag<\/p>\n<audio class=\"wp-audio-shortcode\" id=\"audio-233-3\" preload=\"none\" style=\"width: 100%;\" controls=\"controls\"><source type=\"audio\/mpeg\" src=\"https:\/\/ww2.fjeldskaar.com\/wp-content\/uploads\/2015\/05\/hans3.mp3?_=3\" \/><a href=\"https:\/\/ww2.fjeldskaar.com\/wp-content\/uploads\/2015\/05\/hans3.mp3\">https:\/\/ww2.fjeldskaar.com\/wp-content\/uploads\/2015\/05\/hans3.mp3<\/a><\/audio>\n<p>Hans Andersen hilser til s\u00f8ster Ingjerd sin 70 \u00e5rs dag med egenkomponert sang<\/p>\n<audio class=\"wp-audio-shortcode\" id=\"audio-233-4\" preload=\"none\" style=\"width: 100%;\" controls=\"controls\"><source type=\"audio\/mpeg\" src=\"https:\/\/ww2.fjeldskaar.com\/wp-content\/uploads\/2015\/05\/selskap_sept1975.mp3?_=4\" \/><a href=\"https:\/\/ww2.fjeldskaar.com\/wp-content\/uploads\/2015\/05\/selskap_sept1975.mp3\">https:\/\/ww2.fjeldskaar.com\/wp-content\/uploads\/2015\/05\/selskap_sept1975.mp3<\/a><\/audio>\n<p>I selskap hos Jenny og Paulus Barth Nielsen (datter og svigers\u00f8nn av Eilif); opptak i 1975 av Dick Hicks (S\u00f8r-Afrika).<\/p>\n<audio class=\"wp-audio-shortcode\" id=\"audio-233-5\" preload=\"none\" style=\"width: 100%;\" controls=\"controls\"><source type=\"audio\/mpeg\" src=\"https:\/\/ww2.fjeldskaar.com\/wp-content\/uploads\/2015\/05\/60-\u00e5r.mp3?_=5\" \/><a href=\"https:\/\/ww2.fjeldskaar.com\/wp-content\/uploads\/2015\/05\/60-\u00e5r.mp3\">https:\/\/ww2.fjeldskaar.com\/wp-content\/uploads\/2015\/05\/60-\u00e5r.mp3<\/a><\/audio>\n<p>Opptak fra Ingjerds 60 \u00e5rs-dag (1977) med varierende kvalitet. Det var tydelig at det var i kassettspillerens barndom. Her var det mye sang og sm\u00e5prat. \u00a0Fremtredende stemmer er Hans, Ingjerd og far Eilif. Sistnevnte nevner at han som r\u00f8rlegger la inn vann hos Wildenvey.<\/p>\n<audio class=\"wp-audio-shortcode\" id=\"audio-233-6\" preload=\"none\" style=\"width: 100%;\" controls=\"controls\"><source type=\"audio\/mpeg\" src=\"https:\/\/ww2.fjeldskaar.com\/wp-content\/uploads\/2015\/05\/paulus.mp3?_=6\" \/><a href=\"https:\/\/ww2.fjeldskaar.com\/wp-content\/uploads\/2015\/05\/paulus.mp3\">https:\/\/ww2.fjeldskaar.com\/wp-content\/uploads\/2015\/05\/paulus.mp3<\/a><\/audio>\n<p>Paulus Barth Nielsen (mannen til Jenny) synger om &laquo;Avisgutten&raquo; p\u00e5 oppfordring fra Kirsten (Kitten) Andersen<\/p>\n<p>&nbsp;<\/p>\n<p><strong>Videoer (uten lyd):<\/strong><\/p>\n<p><a href=\"http:\/\/www.andersen-slekt.info\/wp-content\/uploads\/2015\/05\/biltur.mp4\"><img loading=\"lazy\" decoding=\"async\" class=\"alignnone wp-image-7998 size-medium\" src=\"http:\/\/www.andersen-slekt.info\/wp-content\/uploads\/2021\/01\/biltur3-300x221.png\" alt=\"\" width=\"300\" height=\"221\" srcset=\"https:\/\/www.andersen-slekt.info\/wp-content\/uploads\/2021\/01\/biltur3-300x221.png 300w, https:\/\/www.andersen-slekt.info\/wp-content\/uploads\/2021\/01\/biltur3.png 477w\" sizes=\"auto, (max-width: 300px) 100vw, 300px\" \/><\/a><\/p>\n<p>P\u00e5 biltur med Anna og Eilif Andersen<\/p>\n<p><a href=\"http:\/\/www.andersen-slekt.info\/wp-content\/uploads\/2015\/05\/mor-og-dotre-Andersen2.mp4\"><img loading=\"lazy\" decoding=\"async\" class=\"alignnone wp-image-8004 size-medium\" src=\"http:\/\/www.andersen-slekt.info\/wp-content\/uploads\/2021\/01\/dotre-300x232.png\" alt=\"\" width=\"300\" height=\"232\" srcset=\"https:\/\/www.andersen-slekt.info\/wp-content\/uploads\/2021\/01\/dotre-300x232.png 300w, https:\/\/www.andersen-slekt.info\/wp-content\/uploads\/2021\/01\/dotre.png 528w\" sizes=\"auto, (max-width: 300px) 100vw, 300px\" \/><\/a><\/p>\n<p>Anna Andersen med tre bunadkledde d\u00f8tre (Jenny, Ingjerd og Liv)<\/p>\n<p>&nbsp;<\/p>\n<p><a href=\"http:\/\/www.andersen-slekt.info\/wp-content\/uploads\/2015\/05\/Bryllup-i-Bergen.mp4\"><img loading=\"lazy\" decoding=\"async\" class=\"alignnone wp-image-8007 size-medium\" src=\"http:\/\/www.andersen-slekt.info\/wp-content\/uploads\/2021\/01\/bryllup-300x190.png\" alt=\"\" width=\"300\" height=\"190\" srcset=\"https:\/\/www.andersen-slekt.info\/wp-content\/uploads\/2021\/01\/bryllup-300x190.png 300w, https:\/\/www.andersen-slekt.info\/wp-content\/uploads\/2021\/01\/bryllup.png 650w\" sizes=\"auto, (max-width: 300px) 100vw, 300px\" \/><\/a><\/p>\n<p>Til\u00a0Bergen i bryllup hos Hans<\/p>\n<p><a href=\"http:\/\/www.andersen-slekt.info\/wp-content\/uploads\/2015\/05\/Andersen-selskap-4.mp4\"><img loading=\"lazy\" decoding=\"async\" class=\"alignnone wp-image-8009 size-medium\" src=\"http:\/\/www.andersen-slekt.info\/wp-content\/uploads\/2021\/01\/selskap-300x225.png\" alt=\"\" width=\"300\" height=\"225\" srcset=\"https:\/\/www.andersen-slekt.info\/wp-content\/uploads\/2021\/01\/selskap-300x225.png 300w, https:\/\/www.andersen-slekt.info\/wp-content\/uploads\/2021\/01\/selskap.png 555w\" sizes=\"auto, (max-width: 300px) 100vw, 300px\" \/><\/a><\/p>\n<p>Juleselskap hos Erling Andersen<\/p>\n<p><a href=\"http:\/\/www.andersen-slekt.info\/wp-content\/uploads\/2015\/05\/Hafstads.mp4\"><img loading=\"lazy\" decoding=\"async\" class=\"alignnone wp-image-8011 size-medium\" src=\"http:\/\/www.andersen-slekt.info\/wp-content\/uploads\/2021\/01\/hafstads-300x191.png\" alt=\"\" width=\"300\" height=\"191\" srcset=\"https:\/\/www.andersen-slekt.info\/wp-content\/uploads\/2021\/01\/hafstads-300x191.png 300w, https:\/\/www.andersen-slekt.info\/wp-content\/uploads\/2021\/01\/hafstads.png 670w\" sizes=\"auto, (max-width: 300px) 100vw, 300px\" \/><\/a><\/p>\n<p>Familiesamling p\u00e5 hytta til Hafstad (Livs svigerfamilie)<\/p>\n<div class=\"pdfprnt-buttons pdfprnt-buttons-page pdfprnt-bottom-right\"><a href=\"http:\/\/www.andersen-slekt.info\/en\/wp-json\/wp\/v2\/pages\/233?print=print\" class=\"pdfprnt-button pdfprnt-button-print\" target=\"_blank\"><img decoding=\"async\" src=\"https:\/\/www.andersen-slekt.info\/wp-content\/plugins\/pdf-print\/images\/print.png\" alt=\"image_print\" title=\"Print Content\" \/><span class=\"pdfprnt-button-title pdfprnt-button-print-title\">print<\/span><\/a><\/div>","protected":false},"excerpt":{"rendered":"<p>Lyd og video . Eilif Andersen 90 \u00e5r (1976) Larviks-ordf\u00f8rer Ellefsen taler i Eilifs 90 \u00e5rs dag Hans Andersen hilser til s\u00f8ster Ingjerd sin 70 \u00e5rs dag med egenkomponert sang I selskap hos Jenny og Paulus Barth Nielsen (datter og svigers\u00f8nn av Eilif); opptak i 1975 av Dick Hicks (S\u00f8r-Afrika). Opptak fra Ingjerds 60 \u00e5rs-dag [&hellip;]<\/p>","protected":false},"author":1,"featured_media":0,"parent":0,"menu_order":26,"comment_status":"closed","ping_status":"closed","template":"","meta":{"footnotes":""},"class_list":["post-233","page","type-page","status-publish","hentry"],"_links":{"self":[{"href":"http:\/\/www.andersen-slekt.info\/en\/wp-json\/wp\/v2\/pages\/233","targetHints":{"allow":["GET"]}}],"collection":[{"href":"http:\/\/www.andersen-slekt.info\/en\/wp-json\/wp\/v2\/pages"}],"about":[{"href":"http:\/\/www.andersen-slekt.info\/en\/wp-json\/wp\/v2\/types\/page"}],"author":[{"embeddable":true,"href":"http:\/\/www.andersen-slekt.info\/en\/wp-json\/wp\/v2\/users\/1"}],"replies":[{"embeddable":true,"href":"http:\/\/www.andersen-slekt.info\/en\/wp-json\/wp\/v2\/comments?post=233"}],"version-history":[{"count":16,"href":"http:\/\/www.andersen-slekt.info\/en\/wp-json\/wp\/v2\/pages\/233\/revisions"}],"predecessor-version":[{"id":9499,"href":"http:\/\/www.andersen-slekt.info\/en\/wp-json\/wp\/v2\/pages\/233\/revisions\/9499"}],"wp:attachment":[{"href":"http:\/\/www.andersen-slekt.info\/en\/wp-json\/wp\/v2\/media?parent=233"}],"curies":[{"name":"wp","href":"https:\/\/api.w.org\/{rel}","templated":true}]}}